{"id":234,"date":"2020-09-18T21:07:01","date_gmt":"2020-09-18T19:07:01","guid":{"rendered":"https:\/\/www.autoklastr.cz\/?page_id=234"},"modified":"2021-05-02T16:32:28","modified_gmt":"2021-05-02T14:32:28","slug":"mereni-pulzaci","status":"publish","type":"page","link":"https:\/\/autoklastr.cz\/en\/mereni-pulzaci\/","title":{"rendered":"Measurement of pulsations"},"content":{"rendered":"<p><strong><em><u>M\u011a\u0158EN\u00cd PULZA\u010cN\u00cdCH SYST\u00c9M\u016e<\/u><\/em><\/strong><\/p>\n<p>&nbsp;<\/p>\n<p>Pulsa\u010dn\u00ed zku\u0161ebna slou\u017e\u00ed pro ov\u011b\u0159ov\u00e1n\u00ed \u017eivotnosti v\u00fdrobk\u016f dynamicky nam\u00e1han\u00fdch\u00a0vnit\u0159n\u00edm p\u0159etlakem\u00a0p\u0159i sou\u010dasn\u00e9m p\u016fsoben\u00ed teplotn\u00edch zm\u011bn jak zku\u0161ebn\u00edho media, tak okol\u00ed.<\/p>\n<p>Pulsa\u010dn\u00ed zku\u0161ebna sest\u00e1v\u00e1 z\u00a0puls\u00e1toru a\u00a0termokomory a jsou odd\u011bleny.<\/p>\n<table border=\"1\" cellspacing=\"0\" cellpadding=\"0\">\n<tbody>\n<tr>\n<td colspan=\"2\"><strong>Parametr<\/strong><\/td>\n<\/tr>\n<tr>\n<td>Tepeln\u00fd rozsah termokomory:<\/td>\n<td>-70\u00b0C a\u017e 180\u00b0C.<\/td>\n<\/tr>\n<tr>\n<td>Rychlost zm\u011bny teploty:<\/p>\n<p>Teplotn\u00ed odchylka:<\/td>\n<td>2\u00b0C\/min<\/p>\n<p>+\/-1\u00b0C.<\/td>\n<\/tr>\n<tr>\n<td>Vnit\u0159n\u00ed objem komory:<\/td>\n<td>960 litr\u016f.<\/td>\n<\/tr>\n<tr>\n<td>Okruh pro testov\u00e1n\u00ed vzork\u016f tlakov\u00fdmi pulsy je pou\u017eiteln\u00fd pro:<\/td>\n<td>PAG, POE, PAE, oleje motorov\u00e9, p\u0159evodov\u00e9, vysokoteplotn\u00ed, monoethylenglycol a polypropylenglycol.<\/td>\n<\/tr>\n<tr>\n<td>Teplota m\u00e9dia regulovan\u00e1 na ust\u00e1lenou hodnotu v\u00a0rozsahu:<\/td>\n<td>80\u00b0C a\u017e 140\u00b0C.<\/td>\n<\/tr>\n<tr>\n<td>Mo\u017en\u00fd tvar pulsu:<\/p>\n<p>Tlakov\u00e9 rozsahy:<\/td>\n<td>lichob\u011b\u017en\u00edkov\u00fd, sinusov\u00fd.<\/p>\n<p>0,03 a\u017e 6 bar, 0,075 a\u017e 15 bar, 0,5 a\u017e 70 bar, 1,5 a\u017e 200 bar.<\/td>\n<\/tr>\n<tr>\n<td>Objem vzork\u016f:<\/p>\n<p>&nbsp;<\/td>\n<td>15 dm3 p\u0159i tlaku do 100 bar<\/p>\n<p>5 dm3 p\u0159i tlaku do 200 bar<\/td>\n<\/tr>\n<\/tbody>\n<\/table>\n<p>&nbsp;<\/p>\n<p>P\u0159\u00edklady vyu\u017eit\u00ed pulsa\u010dn\u00ed zku\u0161ebny:<\/p>\n<ul>\n<li>testov\u00e1n\u00ed automobilov\u00fdch chladi\u010d\u016f,<\/li>\n<li>testov\u00e1n\u00ed hadic,<\/li>\n<li>testov\u00e1n\u00ed prvk\u016f mazac\u00edch obvod\u016f, brzdov\u00fdch soustav, filtra\u010dn\u00edch okruh\u016f, n\u00e1dob s\u00a0vnit\u0159n\u00edm p\u0159etlakem, \u0161roubov\u00fdch spoj\u016f aj. Nejedn\u00e1 se o\u00a0destruk\u010dn\u00ed zkou\u0161ky, n\u00fdbr\u017e o\u00a0dlouhodob\u00e9 zkou\u0161ky tlakov\u00fdmi pulsy (b\u011b\u017en\u011b a\u017e statis\u00edce puls\u016f).<\/li>\n<\/ul>\n","protected":false},"excerpt":{"rendered":"<p>M\u011a\u0158EN\u00cd PULZA\u010cN\u00cdCH SYST\u00c9M\u016e &nbsp; Pulsa\u010dn\u00ed zku\u0161ebna slou\u017e\u00ed pro ov\u011b\u0159ov\u00e1n\u00ed \u017eivotnosti v\u00fdrobk\u016f dynamicky nam\u00e1han\u00fdch\u00a0vnit\u0159n\u00edm p\u0159etlakem\u00a0p\u0159i sou\u010dasn\u00e9m p\u016fsoben\u00ed teplotn\u00edch zm\u011bn jak zku\u0161ebn\u00edho media, tak okol\u00ed. Pulsa\u010dn\u00ed zku\u0161ebna sest\u00e1v\u00e1 z\u00a0puls\u00e1toru a\u00a0termokomory a jsou odd\u011bleny. Parametr Tepeln\u00fd rozsah termokomory: -70\u00b0C a\u017e 180\u00b0C. Rychlost zm\u011bny teploty: Teplotn\u00ed odchylka: 2\u00b0C\/min +\/-1\u00b0C. Vnit\u0159n\u00ed objem komory: 960 litr\u016f. Okruh pro testov\u00e1n\u00ed vzork\u016f tlakov\u00fdmi [&hellip;]<\/p>\n","protected":false},"author":1,"featured_media":0,"parent":0,"menu_order":0,"comment_status":"closed","ping_status":"closed","template":"","meta":{"_acf_changed":false,"inline_featured_image":false,"footnotes":""},"acf":[],"yoast_head":"<!-- This site is optimized with the Yoast SEO plugin v24.5 - https:\/\/yoast.com\/wordpress\/plugins\/seo\/ -->\n<title>Measurement of pulsations | Autoklastr<\/title>\n<meta name=\"robots\" content=\"index, follow, max-snippet:-1, max-image-preview:large, max-video-preview:-1\" \/>\n<link rel=\"canonical\" href=\"https:\/\/autoklastr.cz\/cs\/mereni-pulzaci\/\" \/>\n<meta property=\"og:locale\" content=\"en_US\" \/>\n<meta property=\"og:locale:alternate\" content=\"cs_CZ\" \/>\n<meta property=\"og:type\" content=\"article\" \/>\n<meta property=\"og:title\" content=\"Measurement of pulsations\" \/>\n<meta property=\"og:description\" content=\"M\u011a\u0158EN\u00cd PULZA\u010cN\u00cdCH SYST\u00c9M\u016e &nbsp; Pulsa\u010dn\u00ed zku\u0161ebna slou\u017e\u00ed pro ov\u011b\u0159ov\u00e1n\u00ed \u017eivotnosti v\u00fdrobk\u016f dynamicky nam\u00e1han\u00fdch\u00a0vnit\u0159n\u00edm p\u0159etlakem\u00a0p\u0159i sou\u010dasn\u00e9m p\u016fsoben\u00ed teplotn\u00edch zm\u011bn jak zku\u0161ebn\u00edho media, tak okol\u00ed. Pulsa\u010dn\u00ed zku\u0161ebna sest\u00e1v\u00e1 z\u00a0puls\u00e1toru a\u00a0termokomory a jsou odd\u011bleny. Parametr Tepeln\u00fd rozsah termokomory: -70\u00b0C a\u017e 180\u00b0C. Rychlost zm\u011bny teploty: Teplotn\u00ed odchylka: 2\u00b0C\/min +\/-1\u00b0C. Vnit\u0159n\u00ed objem komory: 960 litr\u016f. Okruh pro testov\u00e1n\u00ed vzork\u016f tlakov\u00fdmi [&hellip;]\" \/>\n<meta property=\"og:url\" content=\"https:\/\/autoklastr.cz\/en\/mereni-pulzaci\/\" \/>\n<meta property=\"og:site_name\" content=\"Autoklastr\" \/>\n<meta property=\"article:modified_time\" content=\"2021-05-02T14:32:28+00:00\" \/>\n<meta name=\"twitter:card\" content=\"summary_large_image\" \/>\n<meta name=\"twitter:label1\" content=\"Est. reading time\" \/>\n\t<meta name=\"twitter:data1\" content=\"1 minute\" \/>\n<script type=\"application\/ld+json\" class=\"yoast-schema-graph\">{\"@context\":\"https:\/\/schema.org\",\"@graph\":[{\"@type\":\"WebPage\",\"@id\":\"https:\/\/autoklastr.cz\/cs\/mereni-pulzaci\/\",\"url\":\"https:\/\/autoklastr.cz\/cs\/mereni-pulzaci\/\",\"name\":\"Measurement of pulsations\",\"isPartOf\":{\"@id\":\"https:\/\/autoklastr.cz\/cs\/#website\"},\"datePublished\":\"2020-09-18T19:07:01+00:00\",\"dateModified\":\"2021-05-02T14:32:28+00:00\",\"breadcrumb\":{\"@id\":\"https:\/\/autoklastr.cz\/cs\/mereni-pulzaci\/#breadcrumb\"},\"inLanguage\":\"en-US\",\"potentialAction\":[{\"@type\":\"ReadAction\",\"target\":[\"https:\/\/autoklastr.cz\/cs\/mereni-pulzaci\/\"]}]},{\"@type\":\"BreadcrumbList\",\"@id\":\"https:\/\/autoklastr.cz\/cs\/mereni-pulzaci\/#breadcrumb\",\"itemListElement\":[{\"@type\":\"ListItem\",\"position\":1,\"name\":\"Dom\u016f\",\"item\":\"https:\/\/autoklastr.cz\/cs\/\"},{\"@type\":\"ListItem\",\"position\":2,\"name\":\"M\u011b\u0159en\u00ed pulzac\u00ed\"}]},{\"@type\":\"WebSite\",\"@id\":\"https:\/\/autoklastr.cz\/cs\/#website\",\"url\":\"https:\/\/autoklastr.cz\/cs\/\",\"name\":\"Autoklastr\",\"description\":\"Spole\u010dn\u011b pro Automotive!\",\"potentialAction\":[{\"@type\":\"SearchAction\",\"target\":{\"@type\":\"EntryPoint\",\"urlTemplate\":\"https:\/\/autoklastr.cz\/cs\/?s={search_term_string}\"},\"query-input\":{\"@type\":\"PropertyValueSpecification\",\"valueRequired\":true,\"valueName\":\"search_term_string\"}}],\"inLanguage\":\"en-US\"}]}<\/script>\n<!-- \/ Yoast SEO plugin. -->","yoast_head_json":{"title":"Measurement of pulsations | Autoklastr","robots":{"index":"index","follow":"follow","max-snippet":"max-snippet:-1","max-image-preview":"max-image-preview:large","max-video-preview":"max-video-preview:-1"},"canonical":"https:\/\/autoklastr.cz\/cs\/mereni-pulzaci\/","og_locale":"en_US","og_type":"article","og_title":"[:en]Measurement of pulsations[:cs]M\u011b\u0159en\u00ed pulzac\u00ed[:] | Autoklastr","og_description":"M\u011a\u0158EN\u00cd PULZA\u010cN\u00cdCH SYST\u00c9M\u016e &nbsp; Pulsa\u010dn\u00ed zku\u0161ebna slou\u017e\u00ed pro ov\u011b\u0159ov\u00e1n\u00ed \u017eivotnosti v\u00fdrobk\u016f dynamicky nam\u00e1han\u00fdch\u00a0vnit\u0159n\u00edm p\u0159etlakem\u00a0p\u0159i sou\u010dasn\u00e9m p\u016fsoben\u00ed teplotn\u00edch zm\u011bn jak zku\u0161ebn\u00edho media, tak okol\u00ed. Pulsa\u010dn\u00ed zku\u0161ebna sest\u00e1v\u00e1 z\u00a0puls\u00e1toru a\u00a0termokomory a jsou odd\u011bleny. Parametr Tepeln\u00fd rozsah termokomory: -70\u00b0C a\u017e 180\u00b0C. Rychlost zm\u011bny teploty: Teplotn\u00ed odchylka: 2\u00b0C\/min +\/-1\u00b0C. Vnit\u0159n\u00ed objem komory: 960 litr\u016f. Okruh pro testov\u00e1n\u00ed vzork\u016f tlakov\u00fdmi [&hellip;]","og_url":"https:\/\/autoklastr.cz\/en\/mereni-pulzaci\/","og_site_name":"Autoklastr","article_modified_time":"2021-05-02T14:32:28+00:00","twitter_card":"summary_large_image","twitter_misc":{"Est. reading time":"1 minute"},"schema":{"@context":"https:\/\/schema.org","@graph":[{"@type":"WebPage","@id":"https:\/\/autoklastr.cz\/cs\/mereni-pulzaci\/","url":"https:\/\/autoklastr.cz\/cs\/mereni-pulzaci\/","name":"Measurement of pulsations","isPartOf":{"@id":"https:\/\/autoklastr.cz\/cs\/#website"},"datePublished":"2020-09-18T19:07:01+00:00","dateModified":"2021-05-02T14:32:28+00:00","breadcrumb":{"@id":"https:\/\/autoklastr.cz\/cs\/mereni-pulzaci\/#breadcrumb"},"inLanguage":"en-US","potentialAction":[{"@type":"ReadAction","target":["https:\/\/autoklastr.cz\/cs\/mereni-pulzaci\/"]}]},{"@type":"BreadcrumbList","@id":"https:\/\/autoklastr.cz\/cs\/mereni-pulzaci\/#breadcrumb","itemListElement":[{"@type":"ListItem","position":1,"name":"Dom\u016f","item":"https:\/\/autoklastr.cz\/cs\/"},{"@type":"ListItem","position":2,"name":"M\u011b\u0159en\u00ed pulzac\u00ed"}]},{"@type":"WebSite","@id":"https:\/\/autoklastr.cz\/cs\/#website","url":"https:\/\/autoklastr.cz\/cs\/","name":"Autoklastr","description":"Spole\u010dn\u011b pro Automotive!","potentialAction":[{"@type":"SearchAction","target":{"@type":"EntryPoint","urlTemplate":"https:\/\/autoklastr.cz\/cs\/?s={search_term_string}"},"query-input":{"@type":"PropertyValueSpecification","valueRequired":true,"valueName":"search_term_string"}}],"inLanguage":"en-US"}]}},"_links":{"self":[{"href":"https:\/\/autoklastr.cz\/en\/wp-json\/wp\/v2\/pages\/234"}],"collection":[{"href":"https:\/\/autoklastr.cz\/en\/wp-json\/wp\/v2\/pages"}],"about":[{"href":"https:\/\/autoklastr.cz\/en\/wp-json\/wp\/v2\/types\/page"}],"author":[{"embeddable":true,"href":"https:\/\/autoklastr.cz\/en\/wp-json\/wp\/v2\/users\/1"}],"replies":[{"embeddable":true,"href":"https:\/\/autoklastr.cz\/en\/wp-json\/wp\/v2\/comments?post=234"}],"version-history":[{"count":6,"href":"https:\/\/autoklastr.cz\/en\/wp-json\/wp\/v2\/pages\/234\/revisions"}],"predecessor-version":[{"id":6987,"href":"https:\/\/autoklastr.cz\/en\/wp-json\/wp\/v2\/pages\/234\/revisions\/6987"}],"wp:attachment":[{"href":"https:\/\/autoklastr.cz\/en\/wp-json\/wp\/v2\/media?parent=234"}],"curies":[{"name":"wp","href":"https:\/\/api.w.org\/{rel}","templated":true}]}}