{"id":226,"date":"2020-09-18T21:06:14","date_gmt":"2020-09-18T19:06:14","guid":{"rendered":"https:\/\/www.autoklastr.cz\/?page_id=226"},"modified":"2021-02-10T14:58:22","modified_gmt":"2021-02-10T13:58:22","slug":"podpora-technickych-reseni","status":"publish","type":"page","link":"https:\/\/autoklastr.cz\/en\/podpora-technickych-reseni\/","title":{"rendered":"Support of technical solutions"},"content":{"rendered":"<p><strong>TRIZ<\/strong> (Tvorba a\u00a0\u0159e\u0161en\u00ed\u00a0inova\u010dn\u00edch\u00a0zad\u00e1n\u00ed)<strong>\u00a0&#8211; \u00a0<\/strong>je metodika\u00a0<strong>a GoldFire Innovator\u00a0<\/strong>jej\u00ed soft. podpora pro \u0159e\u0161itele inovac\u00ed. Metodika TRIZ a znalostn\u00ed syst\u00e9m GFI slou\u017e\u00ed v\u00a0praxi k rozboru a k \u0159e\u0161en\u00ed technick\u00fdch probl\u00e9m\u016f\/inovac\u00ed.<\/p>\n<p><strong><img loading=\"lazy\" decoding=\"async\" class=\"size-medium wp-image-629 alignleft\" src=\"https:\/\/www.autoklastr.cz\/wp-content\/uploads\/2020\/10\/triz-300x178.png\" alt=\"\" width=\"300\" height=\"178\" srcset=\"https:\/\/autoklastr.cz\/wp-content\/uploads\/2020\/10\/triz-300x178.png 300w, https:\/\/autoklastr.cz\/wp-content\/uploads\/2020\/10\/triz.png 377w\" sizes=\"(max-width: 300px) 100vw, 300px\" \/>O \u010dem je metodika TRIZ ?<\/strong><\/p>\n<p>Metodika TRIZ vznikala postupn\u011b od r. 1946 studiem patent\u016f, zobec\u0148ov\u00e1n\u00edm \u00fasp\u011b\u0161n\u00fdch postup\u016f \u0159e\u0161en\u00ed.\u00a0Bylo zji\u0161t\u011bno, \u017ee siln\u00e1 \u0159e\u0161en\u00ed (\u0159e\u0161en\u00ed vy\u0161\u0161\u00edch inova\u010dn\u00edch \u0159\u00e1d\u016f a \u00farovn\u00ed invence) jsou dosahov\u00e1na pom\u011brn\u011b mal\u00fdm po\u010dtem objektivn\u011b pou\u017e\u00edvan\u00fdch, studovateln\u00fdch, osvojiteln\u00fdch a opakovateln\u00fdch postup\u016f k \u0159e\u0161en\u00ed.<\/p>\n<p>Pozn\u00e1n\u00ed t\u011bchto \u0159e\u0161itelsk\u00fdch postup\u016f zvy\u0161uje efektivitu studia techniky a inova\u010dn\u00edch proces\u016f v praxi. TRIZ vede u\u017eivatele metodicky od nejasn\u00e9 probl\u00e9mov\u00e9 situace, p\u0159es detailn\u00ed rozbor syst\u00e9mu ke spr\u00e1vn\u00e9 formulaci inova\u010dn\u00edch zad\u00e1n\u00ed a typov\u00fdch \u00faloh, k n\u00e1vrh\u016fm variantn\u00edch \u0159e\u0161en\u00ed a kone\u010dn\u011b k jejich ov\u011b\u0159en\u00ed.<\/p>\n<p>Metodiky vyu\u017e\u00edv\u00e1 p\u0159edev\u0161\u00edm dv\u011b navz\u00e1jem se dopl\u0148uj\u00edc\u00ed metody: analytickou metodu FNA a syntetickou (\u0159e\u0161itelskou) metodu ARIZ. V\u00a0posledn\u00edch letech je u\u017eivatel TRIZ podporov\u00e1n unik\u00e1tn\u00edm software Goldfire.<\/p>\n<p>&nbsp;<\/p>\n<p><strong>Analytick\u00e1 metoda:\u00a0Funk\u010dn\u011b n\u00e1kladov\u00e1 anal\u00fdza \u2013 FNA\u00a0<\/strong>(pokro\u010dil\u00e1 hodnotov\u00e1 anal\u00fdza)<br \/>\nPom\u00e1h\u00e1 \u0159e\u0161iteli odpov\u00eddat na ot\u00e1zky &#8220;CO&#8221; a &#8220;PRO\u010c&#8221; by m\u011blo b\u00fdt inovov\u00e1no a tak\u00e9:<\/p>\n<p>&#8211;\u00a0<strong>nal\u00e9zt<\/strong>\u00a0<strong>podstatu<\/strong>\u00a0(p\u0159\u00ed\u010dinu) probl\u00e9mu v technick\u00e9m syst\u00e9mu, tj. v\u00fdrobku nebo procesu,<br \/>\n&#8211;\u00a0<strong>ur\u010dit<\/strong>\u00a0kl\u00ed\u010dov\u00e9\u00a0<strong>prvky<\/strong>\u00a0podle vyhodnocen\u00e9 funk\u010dn\u00ed, probl\u00e9mov\u00e9 a n\u00e1kladov\u00e9 v\u00fdznamnosti prvk\u016f,<br \/>\n&#8211;\u00a0<strong>vybrat<\/strong>\u00a0spr\u00e1vn\u00e1 inova\u010dn\u00ed\u00a0<strong>zad\u00e1n\u00ed<\/strong>\u00a0&#8211; v\u00fdznamn\u00e1 pro dan\u00fd c\u00edl a respektuj\u00edc\u00ed z\u00e1konitosti rozvoje techniky,<br \/>\n&#8211;\u00a0<strong>formulovat\u00a0<\/strong>spr\u00e1vn\u011b (konkr\u00e9tn\u011b) inova\u010dn\u00ed\u00a0<strong>zad\u00e1n\u00ed:<\/strong>\u00a0 &#8220;co&#8221; a &#8220;pro\u010d&#8221; m\u00e1 b\u00fdt v syst\u00e9mu zdokonaleno.<\/p>\n<p>Je zn\u00e1mo, \u017ee spr\u00e1vn\u00e1 inova\u010dn\u00ed zad\u00e1n\u00ed a z\u00a0nich spr\u00e1vn\u011b odvozen\u00e9 inven\u010dn\u00ed \u00falohy jsou v\u00edce ne\u017e polovinou \u00fasp\u011b\u0161n\u00e9ho \u0159e\u0161en\u00ed. Nejv\u011bt\u0161\u00ed ztr\u00e1ty vznikaj\u00ed, kdy\u017e t\u00fdmy odborn\u00edk\u016f vypracuj\u00ed dobr\u00e1 \u0159e\u0161en\u00ed (odpov\u011bdi)\u00a0 pro \u0161patn\u011b formulovan\u00e1 zad\u00e1n\u00ed (ot\u00e1zky). Metodika jednozna\u010dn\u011b sm\u011b\u0159uje \u00fakol k\u00a0definovan\u00e9mu c\u00edli<\/p>\n<p><strong>Syntetick\u00e1 metoda:\u00a0Algoritmus \u0159e\u0161en\u00ed inven\u010dn\u00edch zad\u00e1n\u00ed \u2013 ARIZ\u00a0<\/strong>(postup algoritmick\u00e9ho typu)<br \/>\nPom\u00e1h\u00e1 \u0159e\u0161iteli hledat odpov\u011bdi na \u0159adu ot\u00e1zek &#8220;JAK&#8221; by mohly a m\u011bly b\u00fdt \u00falohy \u0159e\u0161eny, a to v souladu se zku\u0161enostmi (s doporu\u010den\u00edmi) generac\u00ed vyn\u00e1lezc\u016f koncentrovan\u00fdmi v postupu algoritmick\u00e9ho typu.<\/p>\n<p>\u0158e\u0161itelsk\u00e9 kroky v\u00a0r\u00e1mci ARIZ pom\u00e1haj\u00ed u\u017eivateli nejprve p\u0159eformulovat zad\u00e1n\u00ed do podoby inven\u010dn\u00edch \u00faloh:<\/p>\n<p>&#8211; formulovat\u00a0<strong>rozpory\u00a0<\/strong>technick\u00e9 a fyzik\u00e1ln\u00ed, &#8211; formulovat\u00a0<strong><em>modely konfliktn\u00edch l\u00e1tek a energi\u00ed,\u00a0<\/em><br \/>\n&#8211;\u00a0<\/strong>formulovat kl\u00ed\u010dovou \u00a0<strong>technickou funkci<\/strong>, kterou je nutno plnit l\u00e9pe ne\u017e dosud\u00a0a teprve potom \u010derpat\u00a0 inspiraci a nal\u00e9zat koncepty (n\u00e1pady, ideje, n\u00e1m\u011bty) \u0159e\u0161en\u00ed:<strong>\u00a0&#8211; rozpor\u016f, &#8211;\u00a0<em>model\u016f,\u00a0<\/em><\/strong><strong>&#8211;\u00a0 funkc\u00ed<\/strong>, a to s\u00a0podporou \u010detn\u00fdch doporu\u010den\u00ed v podob\u011b: &#8211;\u00a0<strong>heuristik, separac\u00ed, &#8211;\u00a0<em>vzor\u016f, &#8211;\u00a0<\/em>\u00a0<\/strong><strong>jev\u016f \u010di efekt\u016f<\/strong>\u00a0z p\u0159\u00edrodn\u00edch v\u011bd, to v\u0161e dopln\u011bno analogick\u00fdmi p\u0159\u00edklady vyu\u017eit\u00ed v\u00a0patentovan\u00e9m stavu techniky.<\/p>\n<p>ARIZ nenahrazuje, ale podn\u011bcuje a inspiruje my\u0161len\u00ed!<\/p>\n<p><strong>O \u010dem je znalostn\u00ed syst\u00e9m GFI ?<\/strong><\/p>\n<p><strong>GFI<\/strong>\u00a0je soft. podpora metod FNA a ARIZ. Co GFI poskytuje u\u017eivateli a \u0159e\u0161iteli technick\u00fdch probl\u00e9m\u016f:<br \/>\n<strong>&#8211; podporuje<\/strong>\u00a0<em>tvorbu zad\u00e1n\u00ed<\/em>\u00a0ve f\u00e1zi anal\u00fdzy\u00a0<em>i hled\u00e1n\u00ed nov\u00fdch \u0159e\u0161en\u00ed<\/em>\u00a0ve f\u00e1zi synt\u00e9zy v\u00fdrobk\u016f a proces\u016f,<br \/>\n<strong>&#8211; sni\u017euje<\/strong>\u00a0celkov\u00e9 n\u00e1klady uplatn\u011bn\u00edm syst\u00e9mov\u00e9ho p\u0159\u00edstupu ji\u017e v\u00a0\u010dasn\u00fdch etap\u00e1ch inovace objektu,<br \/>\n<strong>&#8211; usnad\u0148uje<\/strong>\u00a0firm\u00e1m tvo\u0159it, sd\u00edlet a dolovat znalosti z\u00a0elektronicky dostupn\u00fdch datab\u00e1z\u00ed patent\u016f\/www,<br \/>\n<strong>&#8211; analyzuje<\/strong>\u00a0patenty konkurence a umo\u017e\u0148uje sledovat v\u00fdvojov\u00e9 trendy u konkurence a v oboru,<br \/>\n&#8211;\u00a0<strong>vtahuje\u00a0<\/strong>u\u017eivatele do informa\u010dn\u00ed a znalostn\u00ed spole\u010dnosti (klidn\u00fd jen ten, kdo m\u00e1lo zn\u00e1\u2026.)<br \/>\n&#8211;\u00a0<strong>opakovateln\u00fdm zp\u016fsobem podporuje<\/strong>\u00a0systematickou a p\u0159itom tv\u016fr\u010d\u00ed pr\u00e1ci zadavatel\u016f i \u0159e\u0161itel\u016f inovac\u00ed.<\/p>\n<p><strong>TRIZ a GFI jsou transdisciplin\u00e1rn\u00ed \u0159e\u0161itelsk\u00e9 n\u00e1stroje tvorby\u00a0 procesn\u00edch a\u00a0v\u00fdrobkov\u00fdch inovac\u00ed v praxi<\/strong><\/p>\n","protected":false},"excerpt":{"rendered":"<p>TRIZ (Tvorba a\u00a0\u0159e\u0161en\u00ed\u00a0inova\u010dn\u00edch\u00a0zad\u00e1n\u00ed)\u00a0&#8211; \u00a0je metodika\u00a0a GoldFire Innovator\u00a0jej\u00ed soft. podpora pro \u0159e\u0161itele inovac\u00ed. Metodika TRIZ a znalostn\u00ed syst\u00e9m GFI slou\u017e\u00ed v\u00a0praxi k rozboru a k \u0159e\u0161en\u00ed technick\u00fdch probl\u00e9m\u016f\/inovac\u00ed. O \u010dem je metodika TRIZ ? Metodika TRIZ vznikala postupn\u011b od r. 1946 studiem patent\u016f, zobec\u0148ov\u00e1n\u00edm \u00fasp\u011b\u0161n\u00fdch postup\u016f \u0159e\u0161en\u00ed.\u00a0Bylo zji\u0161t\u011bno, \u017ee siln\u00e1 \u0159e\u0161en\u00ed (\u0159e\u0161en\u00ed vy\u0161\u0161\u00edch inova\u010dn\u00edch \u0159\u00e1d\u016f a [&hellip;]<\/p>\n","protected":false},"author":1,"featured_media":0,"parent":0,"menu_order":0,"comment_status":"closed","ping_status":"closed","template":"","meta":{"_acf_changed":false,"inline_featured_image":false,"footnotes":""},"acf":[],"yoast_head":"<!-- This site is optimized with the Yoast SEO plugin v24.5 - https:\/\/yoast.com\/wordpress\/plugins\/seo\/ -->\n<title>Support of technical solutions | Autoklastr<\/title>\n<meta name=\"robots\" content=\"index, follow, max-snippet:-1, max-image-preview:large, max-video-preview:-1\" \/>\n<link rel=\"canonical\" href=\"https:\/\/autoklastr.cz\/cs\/podpora-technickych-reseni\/\" \/>\n<meta property=\"og:locale\" content=\"en_US\" \/>\n<meta property=\"og:locale:alternate\" content=\"cs_CZ\" \/>\n<meta property=\"og:type\" content=\"article\" \/>\n<meta property=\"og:title\" content=\"Support of technical solutions\" \/>\n<meta property=\"og:description\" content=\"TRIZ (Tvorba a\u00a0\u0159e\u0161en\u00ed\u00a0inova\u010dn\u00edch\u00a0zad\u00e1n\u00ed)\u00a0&#8211; \u00a0je metodika\u00a0a GoldFire Innovator\u00a0jej\u00ed soft. podpora pro \u0159e\u0161itele inovac\u00ed. Metodika TRIZ a znalostn\u00ed syst\u00e9m GFI slou\u017e\u00ed v\u00a0praxi k rozboru a k \u0159e\u0161en\u00ed technick\u00fdch probl\u00e9m\u016f\/inovac\u00ed. O \u010dem je metodika TRIZ ? Metodika TRIZ vznikala postupn\u011b od r. 1946 studiem patent\u016f, zobec\u0148ov\u00e1n\u00edm \u00fasp\u011b\u0161n\u00fdch postup\u016f \u0159e\u0161en\u00ed.\u00a0Bylo zji\u0161t\u011bno, \u017ee siln\u00e1 \u0159e\u0161en\u00ed (\u0159e\u0161en\u00ed vy\u0161\u0161\u00edch inova\u010dn\u00edch \u0159\u00e1d\u016f a [&hellip;]\" \/>\n<meta property=\"og:url\" content=\"https:\/\/autoklastr.cz\/en\/podpora-technickych-reseni\/\" \/>\n<meta property=\"og:site_name\" content=\"Autoklastr\" \/>\n<meta property=\"article:modified_time\" content=\"2021-02-10T13:58:22+00:00\" \/>\n<meta property=\"og:image\" content=\"https:\/\/www.autoklastr.cz\/wp-content\/uploads\/2020\/10\/triz-300x178.png\" \/>\n<meta name=\"twitter:card\" content=\"summary_large_image\" \/>\n<meta name=\"twitter:label1\" content=\"Est. reading time\" \/>\n\t<meta name=\"twitter:data1\" content=\"4 minutes\" \/>\n<script type=\"application\/ld+json\" class=\"yoast-schema-graph\">{\"@context\":\"https:\/\/schema.org\",\"@graph\":[{\"@type\":\"WebPage\",\"@id\":\"https:\/\/autoklastr.cz\/cs\/podpora-technickych-reseni\/\",\"url\":\"https:\/\/autoklastr.cz\/cs\/podpora-technickych-reseni\/\",\"name\":\"Support of technical solutions\",\"isPartOf\":{\"@id\":\"https:\/\/autoklastr.cz\/cs\/#website\"},\"primaryImageOfPage\":{\"@id\":\"https:\/\/autoklastr.cz\/cs\/podpora-technickych-reseni\/#primaryimage\"},\"image\":{\"@id\":\"https:\/\/autoklastr.cz\/cs\/podpora-technickych-reseni\/#primaryimage\"},\"thumbnailUrl\":\"https:\/\/www.autoklastr.cz\/wp-content\/uploads\/2020\/10\/triz-300x178.png\",\"datePublished\":\"2020-09-18T19:06:14+00:00\",\"dateModified\":\"2021-02-10T13:58:22+00:00\",\"breadcrumb\":{\"@id\":\"https:\/\/autoklastr.cz\/cs\/podpora-technickych-reseni\/#breadcrumb\"},\"inLanguage\":\"en-US\",\"potentialAction\":[{\"@type\":\"ReadAction\",\"target\":[\"https:\/\/autoklastr.cz\/cs\/podpora-technickych-reseni\/\"]}]},{\"@type\":\"ImageObject\",\"inLanguage\":\"en-US\",\"@id\":\"https:\/\/autoklastr.cz\/cs\/podpora-technickych-reseni\/#primaryimage\",\"url\":\"https:\/\/www.autoklastr.cz\/wp-content\/uploads\/2020\/10\/triz-300x178.png\",\"contentUrl\":\"https:\/\/www.autoklastr.cz\/wp-content\/uploads\/2020\/10\/triz-300x178.png\"},{\"@type\":\"BreadcrumbList\",\"@id\":\"https:\/\/autoklastr.cz\/cs\/podpora-technickych-reseni\/#breadcrumb\",\"itemListElement\":[{\"@type\":\"ListItem\",\"position\":1,\"name\":\"Dom\u016f\",\"item\":\"https:\/\/autoklastr.cz\/cs\/\"},{\"@type\":\"ListItem\",\"position\":2,\"name\":\"Podpora technick\u00fdch \u0159e\u0161en\u00ed\"}]},{\"@type\":\"WebSite\",\"@id\":\"https:\/\/autoklastr.cz\/cs\/#website\",\"url\":\"https:\/\/autoklastr.cz\/cs\/\",\"name\":\"Autoklastr\",\"description\":\"Spole\u010dn\u011b pro Automotive!\",\"potentialAction\":[{\"@type\":\"SearchAction\",\"target\":{\"@type\":\"EntryPoint\",\"urlTemplate\":\"https:\/\/autoklastr.cz\/cs\/?s={search_term_string}\"},\"query-input\":{\"@type\":\"PropertyValueSpecification\",\"valueRequired\":true,\"valueName\":\"search_term_string\"}}],\"inLanguage\":\"en-US\"}]}<\/script>\n<!-- \/ Yoast SEO plugin. -->","yoast_head_json":{"title":"Support of technical solutions | Autoklastr","robots":{"index":"index","follow":"follow","max-snippet":"max-snippet:-1","max-image-preview":"max-image-preview:large","max-video-preview":"max-video-preview:-1"},"canonical":"https:\/\/autoklastr.cz\/cs\/podpora-technickych-reseni\/","og_locale":"en_US","og_type":"article","og_title":"[:en]Support of technical solutions[:cs]Podpora technick\u00fdch \u0159e\u0161en\u00ed[:] | Autoklastr","og_description":"TRIZ (Tvorba a\u00a0\u0159e\u0161en\u00ed\u00a0inova\u010dn\u00edch\u00a0zad\u00e1n\u00ed)\u00a0&#8211; \u00a0je metodika\u00a0a GoldFire Innovator\u00a0jej\u00ed soft. podpora pro \u0159e\u0161itele inovac\u00ed. Metodika TRIZ a znalostn\u00ed syst\u00e9m GFI slou\u017e\u00ed v\u00a0praxi k rozboru a k \u0159e\u0161en\u00ed technick\u00fdch probl\u00e9m\u016f\/inovac\u00ed. O \u010dem je metodika TRIZ ? Metodika TRIZ vznikala postupn\u011b od r. 1946 studiem patent\u016f, zobec\u0148ov\u00e1n\u00edm \u00fasp\u011b\u0161n\u00fdch postup\u016f \u0159e\u0161en\u00ed.\u00a0Bylo zji\u0161t\u011bno, \u017ee siln\u00e1 \u0159e\u0161en\u00ed (\u0159e\u0161en\u00ed vy\u0161\u0161\u00edch inova\u010dn\u00edch \u0159\u00e1d\u016f a [&hellip;]","og_url":"https:\/\/autoklastr.cz\/en\/podpora-technickych-reseni\/","og_site_name":"Autoklastr","article_modified_time":"2021-02-10T13:58:22+00:00","og_image":[{"url":"https:\/\/www.autoklastr.cz\/wp-content\/uploads\/2020\/10\/triz-300x178.png","type":"","width":"","height":""}],"twitter_card":"summary_large_image","twitter_misc":{"Est. reading time":"4 minutes"},"schema":{"@context":"https:\/\/schema.org","@graph":[{"@type":"WebPage","@id":"https:\/\/autoklastr.cz\/cs\/podpora-technickych-reseni\/","url":"https:\/\/autoklastr.cz\/cs\/podpora-technickych-reseni\/","name":"Support of technical solutions","isPartOf":{"@id":"https:\/\/autoklastr.cz\/cs\/#website"},"primaryImageOfPage":{"@id":"https:\/\/autoklastr.cz\/cs\/podpora-technickych-reseni\/#primaryimage"},"image":{"@id":"https:\/\/autoklastr.cz\/cs\/podpora-technickych-reseni\/#primaryimage"},"thumbnailUrl":"https:\/\/www.autoklastr.cz\/wp-content\/uploads\/2020\/10\/triz-300x178.png","datePublished":"2020-09-18T19:06:14+00:00","dateModified":"2021-02-10T13:58:22+00:00","breadcrumb":{"@id":"https:\/\/autoklastr.cz\/cs\/podpora-technickych-reseni\/#breadcrumb"},"inLanguage":"en-US","potentialAction":[{"@type":"ReadAction","target":["https:\/\/autoklastr.cz\/cs\/podpora-technickych-reseni\/"]}]},{"@type":"ImageObject","inLanguage":"en-US","@id":"https:\/\/autoklastr.cz\/cs\/podpora-technickych-reseni\/#primaryimage","url":"https:\/\/www.autoklastr.cz\/wp-content\/uploads\/2020\/10\/triz-300x178.png","contentUrl":"https:\/\/www.autoklastr.cz\/wp-content\/uploads\/2020\/10\/triz-300x178.png"},{"@type":"BreadcrumbList","@id":"https:\/\/autoklastr.cz\/cs\/podpora-technickych-reseni\/#breadcrumb","itemListElement":[{"@type":"ListItem","position":1,"name":"Dom\u016f","item":"https:\/\/autoklastr.cz\/cs\/"},{"@type":"ListItem","position":2,"name":"Podpora technick\u00fdch \u0159e\u0161en\u00ed"}]},{"@type":"WebSite","@id":"https:\/\/autoklastr.cz\/cs\/#website","url":"https:\/\/autoklastr.cz\/cs\/","name":"Autoklastr","description":"Spole\u010dn\u011b pro Automotive!","potentialAction":[{"@type":"SearchAction","target":{"@type":"EntryPoint","urlTemplate":"https:\/\/autoklastr.cz\/cs\/?s={search_term_string}"},"query-input":{"@type":"PropertyValueSpecification","valueRequired":true,"valueName":"search_term_string"}}],"inLanguage":"en-US"}]}},"_links":{"self":[{"href":"https:\/\/autoklastr.cz\/en\/wp-json\/wp\/v2\/pages\/226"}],"collection":[{"href":"https:\/\/autoklastr.cz\/en\/wp-json\/wp\/v2\/pages"}],"about":[{"href":"https:\/\/autoklastr.cz\/en\/wp-json\/wp\/v2\/types\/page"}],"author":[{"embeddable":true,"href":"https:\/\/autoklastr.cz\/en\/wp-json\/wp\/v2\/users\/1"}],"replies":[{"embeddable":true,"href":"https:\/\/autoklastr.cz\/en\/wp-json\/wp\/v2\/comments?post=226"}],"version-history":[{"count":6,"href":"https:\/\/autoklastr.cz\/en\/wp-json\/wp\/v2\/pages\/226\/revisions"}],"predecessor-version":[{"id":4632,"href":"https:\/\/autoklastr.cz\/en\/wp-json\/wp\/v2\/pages\/226\/revisions\/4632"}],"wp:attachment":[{"href":"https:\/\/autoklastr.cz\/en\/wp-json\/wp\/v2\/media?parent=226"}],"curies":[{"name":"wp","href":"https:\/\/api.w.org\/{rel}","templated":true}]}}