{"id":224,"date":"2020-09-18T21:06:05","date_gmt":"2020-09-18T19:06:05","guid":{"rendered":"https:\/\/www.autoklastr.cz\/?page_id=224"},"modified":"2021-02-10T14:57:15","modified_gmt":"2021-02-10T13:57:15","slug":"centrum-kolaborativni-robotiky","status":"publish","type":"page","link":"https:\/\/autoklastr.cz\/en\/centrum-kolaborativni-robotiky\/","title":{"rendered":"Collaborative Robotics Center"},"content":{"rendered":"<p><strong>Centrum kolaborativn\u00ed robotiky \u2013 nab\u00eddka slu\u017eeb<\/strong><br \/>\nCentrum kolaborativn\u00ed robotiky je vybaveno t\u0159emi kolaborativn\u00edmi roboty (coboty) pro pokryt\u00ed \u0161irok\u00e9 \u0161k\u00e1ly v\u00fdrobn\u00edch operac\u00ed a aplikac\u00ed.<\/p>\n<p><strong>Centrum nab\u00edz\u00ed 3 \u00farovn\u011b slu\u017eeb:<\/strong><\/p>\n<ol>\n<li>Sezn\u00e1men\u00ed s\u00a0kolaborativn\u00edmi roboty (coboty), vstupn\u00ed informace o mo\u017enostech pou\u017eit\u00ed a vlastnostech jednotliv\u00fdch za\u0159\u00edzen\u00ed, uk\u00e1zky aplikac\u00ed<\/li>\n<li>Konzultace a technick\u00e1 podpora \u00a0ze strany Centra kolaborativn\u00ed robotiky p\u0159i \u0159e\u0161en\u00ed\u00a0 vlastn\u00edho konceptu aplikace kolaborativn\u00edho robota<\/li>\n<li>Lad\u011bn\u00ed a optimalizace v\u00fdrobn\u00edho procesu s\u00a0vyu\u017eit\u00edm kolaborativn\u00edch robot\u016f (cobot\u016f) a expert\u016f Centra kolaborativn\u00ed robotiky<\/li>\n<\/ol>\n<table border=\"1\" cellspacing=\"0\" cellpadding=\"0\">\n<tbody>\n<tr>\n<td><strong>Slu\u017eba<\/strong><\/td>\n<td><strong>Cena v\u00a0K\u010d\/hod.<\/strong><\/td>\n<\/tr>\n<tr>\n<td>Sezn\u00e1men\u00ed s coboty<\/td>\n<td>120,00<\/td>\n<\/tr>\n<tr>\n<td>Konzultace a technick\u00e1 podpora<\/td>\n<td>960,00<\/td>\n<\/tr>\n<tr>\n<td>Lad\u011bn\u00ed a optimalizace procesu<\/td>\n<td>1 080,00<\/td>\n<\/tr>\n<\/tbody>\n<\/table>\n<div><\/div>\n<div><strong>Kontaktn\u00ed osoba:<\/strong><\/div>\n<div>Ing. Pavel Vav\u0159\u00edk<\/div>\n<div>Tel: 737\u00a0191 740<\/div>\n<div>Email: p.vavrik@autoklastr.cz<\/div>\n<p>&nbsp;<\/p>\n<div><strong>Adresa:<\/strong><\/div>\n<div>Centrum kolaborativn\u00ed robotiky (are\u00e1l MSIC, budova Tandem)<\/div>\n<div>Technologick\u00e1 373\/4<\/div>\n<div>708 00 Ostrava-Pustkovec<\/div>\n","protected":false},"excerpt":{"rendered":"<p>Centrum kolaborativn\u00ed robotiky \u2013 nab\u00eddka slu\u017eeb Centrum kolaborativn\u00ed robotiky je vybaveno t\u0159emi kolaborativn\u00edmi roboty (coboty) pro pokryt\u00ed \u0161irok\u00e9 \u0161k\u00e1ly v\u00fdrobn\u00edch operac\u00ed a aplikac\u00ed. Centrum nab\u00edz\u00ed 3 \u00farovn\u011b slu\u017eeb: Sezn\u00e1men\u00ed s\u00a0kolaborativn\u00edmi roboty (coboty), vstupn\u00ed informace o mo\u017enostech pou\u017eit\u00ed a vlastnostech jednotliv\u00fdch za\u0159\u00edzen\u00ed, uk\u00e1zky aplikac\u00ed Konzultace a technick\u00e1 podpora \u00a0ze strany Centra kolaborativn\u00ed robotiky p\u0159i \u0159e\u0161en\u00ed\u00a0 vlastn\u00edho [&hellip;]<\/p>\n","protected":false},"author":1,"featured_media":0,"parent":0,"menu_order":0,"comment_status":"closed","ping_status":"closed","template":"","meta":{"_acf_changed":false,"inline_featured_image":false,"footnotes":""},"acf":[],"yoast_head":"<!-- This site is optimized with the Yoast SEO plugin v24.5 - https:\/\/yoast.com\/wordpress\/plugins\/seo\/ -->\n<title>Collaborative Robotics Center | Autoklastr<\/title>\n<meta name=\"robots\" content=\"index, follow, max-snippet:-1, max-image-preview:large, max-video-preview:-1\" \/>\n<link rel=\"canonical\" href=\"https:\/\/autoklastr.cz\/cs\/centrum-kolaborativni-robotiky\/\" \/>\n<meta property=\"og:locale\" content=\"en_US\" \/>\n<meta property=\"og:locale:alternate\" content=\"cs_CZ\" \/>\n<meta property=\"og:type\" content=\"article\" \/>\n<meta property=\"og:title\" content=\"Collaborative Robotics Center\" \/>\n<meta property=\"og:description\" content=\"Centrum kolaborativn\u00ed robotiky \u2013 nab\u00eddka slu\u017eeb Centrum kolaborativn\u00ed robotiky je vybaveno t\u0159emi kolaborativn\u00edmi roboty (coboty) pro pokryt\u00ed \u0161irok\u00e9 \u0161k\u00e1ly v\u00fdrobn\u00edch operac\u00ed a aplikac\u00ed. Centrum nab\u00edz\u00ed 3 \u00farovn\u011b slu\u017eeb: Sezn\u00e1men\u00ed s\u00a0kolaborativn\u00edmi roboty (coboty), vstupn\u00ed informace o mo\u017enostech pou\u017eit\u00ed a vlastnostech jednotliv\u00fdch za\u0159\u00edzen\u00ed, uk\u00e1zky aplikac\u00ed Konzultace a technick\u00e1 podpora \u00a0ze strany Centra kolaborativn\u00ed robotiky p\u0159i \u0159e\u0161en\u00ed\u00a0 vlastn\u00edho [&hellip;]\" \/>\n<meta property=\"og:url\" content=\"https:\/\/autoklastr.cz\/en\/centrum-kolaborativni-robotiky\/\" \/>\n<meta property=\"og:site_name\" content=\"Autoklastr\" \/>\n<meta property=\"article:modified_time\" content=\"2021-02-10T13:57:15+00:00\" \/>\n<meta name=\"twitter:card\" content=\"summary_large_image\" \/>\n<meta name=\"twitter:label1\" content=\"Est. reading time\" \/>\n\t<meta name=\"twitter:data1\" content=\"1 minute\" \/>\n<script type=\"application\/ld+json\" class=\"yoast-schema-graph\">{\"@context\":\"https:\/\/schema.org\",\"@graph\":[{\"@type\":\"WebPage\",\"@id\":\"https:\/\/autoklastr.cz\/cs\/centrum-kolaborativni-robotiky\/\",\"url\":\"https:\/\/autoklastr.cz\/cs\/centrum-kolaborativni-robotiky\/\",\"name\":\"Collaborative Robotics Center\",\"isPartOf\":{\"@id\":\"https:\/\/autoklastr.cz\/cs\/#website\"},\"datePublished\":\"2020-09-18T19:06:05+00:00\",\"dateModified\":\"2021-02-10T13:57:15+00:00\",\"breadcrumb\":{\"@id\":\"https:\/\/autoklastr.cz\/cs\/centrum-kolaborativni-robotiky\/#breadcrumb\"},\"inLanguage\":\"en-US\",\"potentialAction\":[{\"@type\":\"ReadAction\",\"target\":[\"https:\/\/autoklastr.cz\/cs\/centrum-kolaborativni-robotiky\/\"]}]},{\"@type\":\"BreadcrumbList\",\"@id\":\"https:\/\/autoklastr.cz\/cs\/centrum-kolaborativni-robotiky\/#breadcrumb\",\"itemListElement\":[{\"@type\":\"ListItem\",\"position\":1,\"name\":\"Dom\u016f\",\"item\":\"https:\/\/autoklastr.cz\/cs\/\"},{\"@type\":\"ListItem\",\"position\":2,\"name\":\"Centrum kolaborativn\u00ed robotiky\"}]},{\"@type\":\"WebSite\",\"@id\":\"https:\/\/autoklastr.cz\/cs\/#website\",\"url\":\"https:\/\/autoklastr.cz\/cs\/\",\"name\":\"Autoklastr\",\"description\":\"Spole\u010dn\u011b pro Automotive!\",\"potentialAction\":[{\"@type\":\"SearchAction\",\"target\":{\"@type\":\"EntryPoint\",\"urlTemplate\":\"https:\/\/autoklastr.cz\/cs\/?s={search_term_string}\"},\"query-input\":{\"@type\":\"PropertyValueSpecification\",\"valueRequired\":true,\"valueName\":\"search_term_string\"}}],\"inLanguage\":\"en-US\"}]}<\/script>\n<!-- \/ Yoast SEO plugin. -->","yoast_head_json":{"title":"Collaborative Robotics Center | Autoklastr","robots":{"index":"index","follow":"follow","max-snippet":"max-snippet:-1","max-image-preview":"max-image-preview:large","max-video-preview":"max-video-preview:-1"},"canonical":"https:\/\/autoklastr.cz\/cs\/centrum-kolaborativni-robotiky\/","og_locale":"en_US","og_type":"article","og_title":"[:en]Collaborative Robotics Center[:cs]Centrum kolaborativn\u00ed robotiky[:] | Autoklastr","og_description":"Centrum kolaborativn\u00ed robotiky \u2013 nab\u00eddka slu\u017eeb Centrum kolaborativn\u00ed robotiky je vybaveno t\u0159emi kolaborativn\u00edmi roboty (coboty) pro pokryt\u00ed \u0161irok\u00e9 \u0161k\u00e1ly v\u00fdrobn\u00edch operac\u00ed a aplikac\u00ed. Centrum nab\u00edz\u00ed 3 \u00farovn\u011b slu\u017eeb: Sezn\u00e1men\u00ed s\u00a0kolaborativn\u00edmi roboty (coboty), vstupn\u00ed informace o mo\u017enostech pou\u017eit\u00ed a vlastnostech jednotliv\u00fdch za\u0159\u00edzen\u00ed, uk\u00e1zky aplikac\u00ed Konzultace a technick\u00e1 podpora \u00a0ze strany Centra kolaborativn\u00ed robotiky p\u0159i \u0159e\u0161en\u00ed\u00a0 vlastn\u00edho [&hellip;]","og_url":"https:\/\/autoklastr.cz\/en\/centrum-kolaborativni-robotiky\/","og_site_name":"Autoklastr","article_modified_time":"2021-02-10T13:57:15+00:00","twitter_card":"summary_large_image","twitter_misc":{"Est. reading time":"1 minute"},"schema":{"@context":"https:\/\/schema.org","@graph":[{"@type":"WebPage","@id":"https:\/\/autoklastr.cz\/cs\/centrum-kolaborativni-robotiky\/","url":"https:\/\/autoklastr.cz\/cs\/centrum-kolaborativni-robotiky\/","name":"Collaborative Robotics Center","isPartOf":{"@id":"https:\/\/autoklastr.cz\/cs\/#website"},"datePublished":"2020-09-18T19:06:05+00:00","dateModified":"2021-02-10T13:57:15+00:00","breadcrumb":{"@id":"https:\/\/autoklastr.cz\/cs\/centrum-kolaborativni-robotiky\/#breadcrumb"},"inLanguage":"en-US","potentialAction":[{"@type":"ReadAction","target":["https:\/\/autoklastr.cz\/cs\/centrum-kolaborativni-robotiky\/"]}]},{"@type":"BreadcrumbList","@id":"https:\/\/autoklastr.cz\/cs\/centrum-kolaborativni-robotiky\/#breadcrumb","itemListElement":[{"@type":"ListItem","position":1,"name":"Dom\u016f","item":"https:\/\/autoklastr.cz\/cs\/"},{"@type":"ListItem","position":2,"name":"Centrum kolaborativn\u00ed robotiky"}]},{"@type":"WebSite","@id":"https:\/\/autoklastr.cz\/cs\/#website","url":"https:\/\/autoklastr.cz\/cs\/","name":"Autoklastr","description":"Spole\u010dn\u011b pro Automotive!","potentialAction":[{"@type":"SearchAction","target":{"@type":"EntryPoint","urlTemplate":"https:\/\/autoklastr.cz\/cs\/?s={search_term_string}"},"query-input":{"@type":"PropertyValueSpecification","valueRequired":true,"valueName":"search_term_string"}}],"inLanguage":"en-US"}]}},"_links":{"self":[{"href":"https:\/\/autoklastr.cz\/en\/wp-json\/wp\/v2\/pages\/224"}],"collection":[{"href":"https:\/\/autoklastr.cz\/en\/wp-json\/wp\/v2\/pages"}],"about":[{"href":"https:\/\/autoklastr.cz\/en\/wp-json\/wp\/v2\/types\/page"}],"author":[{"embeddable":true,"href":"https:\/\/autoklastr.cz\/en\/wp-json\/wp\/v2\/users\/1"}],"replies":[{"embeddable":true,"href":"https:\/\/autoklastr.cz\/en\/wp-json\/wp\/v2\/comments?post=224"}],"version-history":[{"count":6,"href":"https:\/\/autoklastr.cz\/en\/wp-json\/wp\/v2\/pages\/224\/revisions"}],"predecessor-version":[{"id":4625,"href":"https:\/\/autoklastr.cz\/en\/wp-json\/wp\/v2\/pages\/224\/revisions\/4625"}],"wp:attachment":[{"href":"https:\/\/autoklastr.cz\/en\/wp-json\/wp\/v2\/media?parent=224"}],"curies":[{"name":"wp","href":"https:\/\/api.w.org\/{rel}","templated":true}]}}