{"id":222,"date":"2020-09-18T21:05:55","date_gmt":"2020-09-18T19:05:55","guid":{"rendered":"https:\/\/www.autoklastr.cz\/?page_id=222"},"modified":"2021-05-02T16:34:18","modified_gmt":"2021-05-02T14:34:18","slug":"mereni-hluku","status":"publish","type":"page","link":"https:\/\/autoklastr.cz\/en\/mereni-hluku\/","title":{"rendered":"Noise measurement"},"content":{"rendered":"<p><strong><u>V\u00ddZKUMN\u00c1 EXPERIMENT\u00c1LN\u00cd HLUKOV\u00c1 LABORATOR (VEHL)<\/u><\/strong><\/p>\n<p><img decoding=\"async\" src=\"http:\/\/autoklastr.cz\/images\/MzkxeDIwMHgxMTM=\/ventil%C3%A1tor%20039.JPG\" alt=\"\" \/>V\u00fdzkumn\u00e1 experiment\u00e1ln\u00ed hlukov\u00e1 laborato\u0159 je projekt, kter\u00fd vznikl spoluprac\u00ed Moravskoslezsk\u00e9ho automobilov\u00e9ho klastru a\u00a0Vysok\u00e9 \u0161koly b\u00e1\u0148sk\u00e9 &#8211; Technick\u00e9 univerzity Ostrava. Srdcem projektu je polobezodrazov\u00e1 m\u00edstnost, kter\u00e1 byla vybudov\u00e1na na p\u016fd\u011b Vysok\u00e9 \u0161koly b\u00e1\u0148sk\u00e9 &#8211; Technick\u00e9 univerzity Ostrava, a\u00a0je ojedin\u011bl\u00fdm za\u0159\u00edzen\u00edm tohoto druhu v\u00a0cel\u00e9m moravskoslezsk\u00e9m regionu a\u00a0jeho \u0161irok\u00e9m okol\u00ed.<\/p>\n<p><strong>HLUKOV\u00c1 LABORATO\u0158 NAB\u00cdZ\u00cd:\u00a0<\/strong><\/p>\n<ul>\n<li>v\u00edcekan\u00e1lov\u00e1 m\u011b\u0159en\u00ed v\u0161ech b\u011b\u017en\u00fdch akustick\u00fdch veli\u010din a\u017e 20 kan\u00e1ly (akustick\u00fd tlak, intenzita, v\u00fdkon)<\/li>\n<li>ve\u0161ker\u00e1 normalizovan\u00e1 m\u011b\u0159en\u00ed na objektech do rozm\u011br\u016f 1,1m x 1,1m x 1,1m<\/li>\n<li>pro informativn\u00ed m\u011b\u0159en\u00ed je velikost m\u011b\u0159en\u00e9ho objektu limitov\u00e1na rozm\u011bry vstupu do polobezodrazov\u00e9 m\u00edstnosti 1,25m x 2m<\/li>\n<li>m\u011b\u0159en\u00ed hluku v\u00a0kombinaci s\u00a0m\u011b\u0159en\u00edm vibrac\u00ed<\/li>\n<li>dlouholet\u00e9 zku\u0161enosti s\u00a0m\u011b\u0159en\u00edm nejr\u016fzn\u011bj\u0161\u00edch aplikac\u00ed v\u00a0automobilov\u00e9m pr\u016fmyslu<\/li>\n<li>n\u00e1vrh a\u00a0tvorbu metodiky pro vybran\u00e9 aplikace, zaji\u0161t\u011bn\u00ed m\u011b\u0159en\u00ed v\u010detn\u011b zpracov\u00e1n\u00ed v\u00fdsledk\u016f<\/li>\n<li>software-ov\u00e9 zpracov\u00e1n\u00ed a vyhodnocen\u00ed nam\u011b\u0159en\u00fdch veli\u010din pro n\u00e1vrh akustick\u00e9ho design-u s\u00a0mo\u017enost\u00ed synchronizace s high speed kamerou anebo termokamerou<\/li>\n<li>m\u011b\u0159en\u00ed hluku mimo prostory laborato\u0159e<\/li>\n<li>vyu\u017eit\u00ed v\u011bdeck\u00e9ho potenci\u00e1lu Vysok\u00e9 \u0161koly b\u00e1\u0148sk\u00e9 \u2013 Technick\u00e9 univerzity Ostrava<\/li>\n<\/ul>\n<p>&nbsp;<\/p>\n<p><strong>TECHNICK\u00c9 VYBAVEN\u00cd POLOBEZODRAZOV\u00c9 M\u00cdSTNOSTI:<\/strong><\/p>\n<ul>\n<li>pro m\u011b\u0159en\u00ed jsou pou\u017e\u00edv\u00e1ny v\u00fdlu\u010dn\u011b \u0161pi\u010dkov\u00e9 m\u011b\u0159ic\u00ed p\u0159\u00edstroje firem Br\u00fcel &#038; Kjaer a\u00a0National Instruments<\/li>\n<li>hlukov\u00e1 laborato\u0159 je vybavena analyz\u00e1torem B&#038;K se 6-ti kan\u00e1ly a\u00a0analyz\u00e1torem NI s\u00a08-mi kan\u00e1ly pro vlastn\u00ed m\u011b\u0159en\u00ed<\/li>\n<li>k dispozici jsou z\u00e1suvky 230V\/50Hz pro nap\u00e1jen\u00ed m\u011b\u0159en\u00fdch objekt\u016f a\u00a0za\u0159\u00edzen\u00ed, d\u00e1le 12V\/10A\/AC\/DC a\u00a024V\/10A\/AC\/DC, pro nap\u00e1jen\u00ed elektrick\u00fdch za\u0159\u00edzen\u00ed automobilov\u00e9ho pr\u016fmyslu<\/li>\n<li>polobezodrazov\u00e1 m\u00edstnost d\u00e1le nab\u00edz\u00ed p\u0159\u00edvod a\u00a0odvod vody pro provozn\u00ed m\u011b\u0159en\u00ed hluku na \u201eb\u00edl\u00e9m zbo\u017e\u00ed\u201c<\/li>\n<\/ul>\n<p>&nbsp;<\/p>\n<p>V\u00fdzkumnou experiment\u00e1ln\u00ed hlukovou laborato\u0159 naleznete ve druh\u00e9m poschod\u00ed nov\u00e9 menzy v\u00a0are\u00e1lu Vysok\u00e9 \u0161koly b\u00e1\u0148sk\u00e9 \u2013 Technick\u00e9 univerzity Ostrava. Ve stejn\u00e9m are\u00e1lu s\u00eddl\u00ed i\u00a0Centrum pokrokov\u00fdch inova\u010dn\u00edch technologi\u00ed a\u00a0veden\u00ed Moravskoslezsk\u00e9ho\u00a0 automobilov\u00e9ho klastru.<\/p>\n","protected":false},"excerpt":{"rendered":"<p>V\u00ddZKUMN\u00c1 EXPERIMENT\u00c1LN\u00cd HLUKOV\u00c1 LABORATOR (VEHL) V\u00fdzkumn\u00e1 experiment\u00e1ln\u00ed hlukov\u00e1 laborato\u0159 je projekt, kter\u00fd vznikl spoluprac\u00ed Moravskoslezsk\u00e9ho automobilov\u00e9ho klastru a\u00a0Vysok\u00e9 \u0161koly b\u00e1\u0148sk\u00e9 &#8211; Technick\u00e9 univerzity Ostrava. Srdcem projektu je polobezodrazov\u00e1 m\u00edstnost, kter\u00e1 byla vybudov\u00e1na na p\u016fd\u011b Vysok\u00e9 \u0161koly b\u00e1\u0148sk\u00e9 &#8211; Technick\u00e9 univerzity Ostrava, a\u00a0je ojedin\u011bl\u00fdm za\u0159\u00edzen\u00edm tohoto druhu v\u00a0cel\u00e9m moravskoslezsk\u00e9m regionu a\u00a0jeho \u0161irok\u00e9m okol\u00ed. HLUKOV\u00c1 LABORATO\u0158 NAB\u00cdZ\u00cd:\u00a0 [&hellip;]<\/p>\n","protected":false},"author":1,"featured_media":0,"parent":0,"menu_order":0,"comment_status":"closed","ping_status":"closed","template":"","meta":{"_acf_changed":false,"inline_featured_image":false,"footnotes":""},"acf":[],"yoast_head":"<!-- This site is optimized with the Yoast SEO plugin v24.5 - https:\/\/yoast.com\/wordpress\/plugins\/seo\/ -->\n<title>Noise measurement | Autoklastr<\/title>\n<meta name=\"robots\" content=\"index, follow, max-snippet:-1, max-image-preview:large, max-video-preview:-1\" \/>\n<link rel=\"canonical\" href=\"https:\/\/autoklastr.cz\/cs\/mereni-hluku\/\" \/>\n<meta property=\"og:locale\" content=\"en_US\" \/>\n<meta property=\"og:locale:alternate\" content=\"cs_CZ\" \/>\n<meta property=\"og:type\" content=\"article\" \/>\n<meta property=\"og:title\" content=\"Noise measurement\" \/>\n<meta property=\"og:description\" content=\"V\u00ddZKUMN\u00c1 EXPERIMENT\u00c1LN\u00cd HLUKOV\u00c1 LABORATOR (VEHL) V\u00fdzkumn\u00e1 experiment\u00e1ln\u00ed hlukov\u00e1 laborato\u0159 je projekt, kter\u00fd vznikl spoluprac\u00ed Moravskoslezsk\u00e9ho automobilov\u00e9ho klastru a\u00a0Vysok\u00e9 \u0161koly b\u00e1\u0148sk\u00e9 &#8211; Technick\u00e9 univerzity Ostrava. Srdcem projektu je polobezodrazov\u00e1 m\u00edstnost, kter\u00e1 byla vybudov\u00e1na na p\u016fd\u011b Vysok\u00e9 \u0161koly b\u00e1\u0148sk\u00e9 &#8211; Technick\u00e9 univerzity Ostrava, a\u00a0je ojedin\u011bl\u00fdm za\u0159\u00edzen\u00edm tohoto druhu v\u00a0cel\u00e9m moravskoslezsk\u00e9m regionu a\u00a0jeho \u0161irok\u00e9m okol\u00ed. HLUKOV\u00c1 LABORATO\u0158 NAB\u00cdZ\u00cd:\u00a0 [&hellip;]\" \/>\n<meta property=\"og:url\" content=\"https:\/\/autoklastr.cz\/en\/mereni-hluku\/\" \/>\n<meta property=\"og:site_name\" content=\"Autoklastr\" \/>\n<meta property=\"article:modified_time\" content=\"2021-05-02T14:34:18+00:00\" \/>\n<meta property=\"og:image\" content=\"http:\/\/autoklastr.cz\/images\/MzkxeDIwMHgxMTM=\/ventil%C3%A1tor%20039.JPG\" \/>\n<meta name=\"twitter:card\" content=\"summary_large_image\" \/>\n<meta name=\"twitter:label1\" content=\"Est. reading time\" \/>\n\t<meta name=\"twitter:data1\" content=\"2 minutes\" \/>\n<script type=\"application\/ld+json\" class=\"yoast-schema-graph\">{\"@context\":\"https:\/\/schema.org\",\"@graph\":[{\"@type\":\"WebPage\",\"@id\":\"https:\/\/autoklastr.cz\/cs\/mereni-hluku\/\",\"url\":\"https:\/\/autoklastr.cz\/cs\/mereni-hluku\/\",\"name\":\"Noise measurement\",\"isPartOf\":{\"@id\":\"https:\/\/autoklastr.cz\/cs\/#website\"},\"primaryImageOfPage\":{\"@id\":\"https:\/\/autoklastr.cz\/cs\/mereni-hluku\/#primaryimage\"},\"image\":{\"@id\":\"https:\/\/autoklastr.cz\/cs\/mereni-hluku\/#primaryimage\"},\"thumbnailUrl\":\"http:\/\/autoklastr.cz\/images\/MzkxeDIwMHgxMTM=\/ventil%C3%A1tor%20039.JPG\",\"datePublished\":\"2020-09-18T19:05:55+00:00\",\"dateModified\":\"2021-05-02T14:34:18+00:00\",\"breadcrumb\":{\"@id\":\"https:\/\/autoklastr.cz\/cs\/mereni-hluku\/#breadcrumb\"},\"inLanguage\":\"en-US\",\"potentialAction\":[{\"@type\":\"ReadAction\",\"target\":[\"https:\/\/autoklastr.cz\/cs\/mereni-hluku\/\"]}]},{\"@type\":\"ImageObject\",\"inLanguage\":\"en-US\",\"@id\":\"https:\/\/autoklastr.cz\/cs\/mereni-hluku\/#primaryimage\",\"url\":\"http:\/\/autoklastr.cz\/images\/MzkxeDIwMHgxMTM=\/ventil%C3%A1tor%20039.JPG\",\"contentUrl\":\"http:\/\/autoklastr.cz\/images\/MzkxeDIwMHgxMTM=\/ventil%C3%A1tor%20039.JPG\"},{\"@type\":\"BreadcrumbList\",\"@id\":\"https:\/\/autoklastr.cz\/cs\/mereni-hluku\/#breadcrumb\",\"itemListElement\":[{\"@type\":\"ListItem\",\"position\":1,\"name\":\"Dom\u016f\",\"item\":\"https:\/\/autoklastr.cz\/cs\/\"},{\"@type\":\"ListItem\",\"position\":2,\"name\":\"M\u011b\u0159en\u00ed hluku\"}]},{\"@type\":\"WebSite\",\"@id\":\"https:\/\/autoklastr.cz\/cs\/#website\",\"url\":\"https:\/\/autoklastr.cz\/cs\/\",\"name\":\"Autoklastr\",\"description\":\"Spole\u010dn\u011b pro Automotive!\",\"potentialAction\":[{\"@type\":\"SearchAction\",\"target\":{\"@type\":\"EntryPoint\",\"urlTemplate\":\"https:\/\/autoklastr.cz\/cs\/?s={search_term_string}\"},\"query-input\":{\"@type\":\"PropertyValueSpecification\",\"valueRequired\":true,\"valueName\":\"search_term_string\"}}],\"inLanguage\":\"en-US\"}]}<\/script>\n<!-- \/ Yoast SEO plugin. -->","yoast_head_json":{"title":"Noise measurement | Autoklastr","robots":{"index":"index","follow":"follow","max-snippet":"max-snippet:-1","max-image-preview":"max-image-preview:large","max-video-preview":"max-video-preview:-1"},"canonical":"https:\/\/autoklastr.cz\/cs\/mereni-hluku\/","og_locale":"en_US","og_type":"article","og_title":"[:en]Noise measurement[:cs]M\u011b\u0159en\u00ed hluku[:] | Autoklastr","og_description":"V\u00ddZKUMN\u00c1 EXPERIMENT\u00c1LN\u00cd HLUKOV\u00c1 LABORATOR (VEHL) V\u00fdzkumn\u00e1 experiment\u00e1ln\u00ed hlukov\u00e1 laborato\u0159 je projekt, kter\u00fd vznikl spoluprac\u00ed Moravskoslezsk\u00e9ho automobilov\u00e9ho klastru a\u00a0Vysok\u00e9 \u0161koly b\u00e1\u0148sk\u00e9 &#8211; Technick\u00e9 univerzity Ostrava. Srdcem projektu je polobezodrazov\u00e1 m\u00edstnost, kter\u00e1 byla vybudov\u00e1na na p\u016fd\u011b Vysok\u00e9 \u0161koly b\u00e1\u0148sk\u00e9 &#8211; Technick\u00e9 univerzity Ostrava, a\u00a0je ojedin\u011bl\u00fdm za\u0159\u00edzen\u00edm tohoto druhu v\u00a0cel\u00e9m moravskoslezsk\u00e9m regionu a\u00a0jeho \u0161irok\u00e9m okol\u00ed. HLUKOV\u00c1 LABORATO\u0158 NAB\u00cdZ\u00cd:\u00a0 [&hellip;]","og_url":"https:\/\/autoklastr.cz\/en\/mereni-hluku\/","og_site_name":"Autoklastr","article_modified_time":"2021-05-02T14:34:18+00:00","og_image":[{"url":"http:\/\/autoklastr.cz\/images\/MzkxeDIwMHgxMTM=\/ventil%C3%A1tor%20039.JPG","type":"","width":"","height":""}],"twitter_card":"summary_large_image","twitter_misc":{"Est. reading time":"2 minutes"},"schema":{"@context":"https:\/\/schema.org","@graph":[{"@type":"WebPage","@id":"https:\/\/autoklastr.cz\/cs\/mereni-hluku\/","url":"https:\/\/autoklastr.cz\/cs\/mereni-hluku\/","name":"Noise measurement","isPartOf":{"@id":"https:\/\/autoklastr.cz\/cs\/#website"},"primaryImageOfPage":{"@id":"https:\/\/autoklastr.cz\/cs\/mereni-hluku\/#primaryimage"},"image":{"@id":"https:\/\/autoklastr.cz\/cs\/mereni-hluku\/#primaryimage"},"thumbnailUrl":"http:\/\/autoklastr.cz\/images\/MzkxeDIwMHgxMTM=\/ventil%C3%A1tor%20039.JPG","datePublished":"2020-09-18T19:05:55+00:00","dateModified":"2021-05-02T14:34:18+00:00","breadcrumb":{"@id":"https:\/\/autoklastr.cz\/cs\/mereni-hluku\/#breadcrumb"},"inLanguage":"en-US","potentialAction":[{"@type":"ReadAction","target":["https:\/\/autoklastr.cz\/cs\/mereni-hluku\/"]}]},{"@type":"ImageObject","inLanguage":"en-US","@id":"https:\/\/autoklastr.cz\/cs\/mereni-hluku\/#primaryimage","url":"http:\/\/autoklastr.cz\/images\/MzkxeDIwMHgxMTM=\/ventil%C3%A1tor%20039.JPG","contentUrl":"http:\/\/autoklastr.cz\/images\/MzkxeDIwMHgxMTM=\/ventil%C3%A1tor%20039.JPG"},{"@type":"BreadcrumbList","@id":"https:\/\/autoklastr.cz\/cs\/mereni-hluku\/#breadcrumb","itemListElement":[{"@type":"ListItem","position":1,"name":"Dom\u016f","item":"https:\/\/autoklastr.cz\/cs\/"},{"@type":"ListItem","position":2,"name":"M\u011b\u0159en\u00ed hluku"}]},{"@type":"WebSite","@id":"https:\/\/autoklastr.cz\/cs\/#website","url":"https:\/\/autoklastr.cz\/cs\/","name":"Autoklastr","description":"Spole\u010dn\u011b pro Automotive!","potentialAction":[{"@type":"SearchAction","target":{"@type":"EntryPoint","urlTemplate":"https:\/\/autoklastr.cz\/cs\/?s={search_term_string}"},"query-input":{"@type":"PropertyValueSpecification","valueRequired":true,"valueName":"search_term_string"}}],"inLanguage":"en-US"}]}},"_links":{"self":[{"href":"https:\/\/autoklastr.cz\/en\/wp-json\/wp\/v2\/pages\/222"}],"collection":[{"href":"https:\/\/autoklastr.cz\/en\/wp-json\/wp\/v2\/pages"}],"about":[{"href":"https:\/\/autoklastr.cz\/en\/wp-json\/wp\/v2\/types\/page"}],"author":[{"embeddable":true,"href":"https:\/\/autoklastr.cz\/en\/wp-json\/wp\/v2\/users\/1"}],"replies":[{"embeddable":true,"href":"https:\/\/autoklastr.cz\/en\/wp-json\/wp\/v2\/comments?post=222"}],"version-history":[{"count":9,"href":"https:\/\/autoklastr.cz\/en\/wp-json\/wp\/v2\/pages\/222\/revisions"}],"predecessor-version":[{"id":6990,"href":"https:\/\/autoklastr.cz\/en\/wp-json\/wp\/v2\/pages\/222\/revisions\/6990"}],"wp:attachment":[{"href":"https:\/\/autoklastr.cz\/en\/wp-json\/wp\/v2\/media?parent=222"}],"curies":[{"name":"wp","href":"https:\/\/api.w.org\/{rel}","templated":true}]}}