{"id":218,"date":"2020-09-17T21:05:34","date_gmt":"2020-09-17T19:05:34","guid":{"rendered":"https:\/\/www.autoklastr.cz\/?page_id=218"},"modified":"2021-04-13T13:23:59","modified_gmt":"2021-04-13T11:23:59","slug":"eticky-kodex","status":"publish","type":"page","link":"https:\/\/autoklastr.cz\/en\/eticky-kodex\/","title":{"rendered":"Code of ethics"},"content":{"rendered":"<p><strong>Etick\u00fd kodex pro jedn\u00e1n\u00ed firem zapojen\u00fdch do Moravskoslezsk\u00e9ho automobilov\u00e9ho klastru\u00a0 \/ Autoklastr<\/strong><\/p>\n<p><strong>C\u00edlem tohoto Kodexu\u00a0je vytvo\u0159it v\u0161emi firmami a\u00a0organizacemi zapojen\u00fdmi do \u010dinnosti klastru\u00a0dobrovoln\u011b uzn\u00e1van\u00fd etick\u00fd standard jedn\u00e1n\u00ed a\u00a0to nejen mezi sebou, ale i\u00a0sm\u011brem k\u00a0dal\u0161\u00edm subjekt\u016fm.<\/strong><\/p>\n<p>Ve sv\u00e9 podnikatelsk\u00e9 \u010dinnosti se firmy, zapojen\u00e9 do \u010dinnosti Autoklastru, dobrovoln\u011b p\u0159ihla\u0161uj\u00ed k respektov\u00e1n\u00ed a dodr\u017eov\u00e1n\u00ed t\u011bchto z\u00e1kladn\u00edch pravidel:<\/p>\n<p>&nbsp;<\/p>\n<ol>\n<li>Dodr\u017eovat pr\u00e1vn\u00ed \u0159\u00e1d \u010cesk\u00e9 republiky, z\u00e1vazky plynouc\u00ed pro \u010ceskou republiku z\u00a0uzav\u0159en\u00fdch mezin\u00e1rodn\u00edch dohod, Stanovy klastru i\u00a0dal\u0161\u00ed obecn\u011b platn\u00e9 pr\u00e1vn\u00ed normy.<\/li>\n<li>Za z\u00e1kladn\u00ed princip sv\u00e9ho chov\u00e1n\u00ed pova\u017eovat d\u016fsledn\u00e9 pln\u011bn\u00ed uzav\u0159en\u00fdch smluv, ujedn\u00e1n\u00ed, z\u00e1vazk\u016f a korektn\u00edho chov\u00e1n\u00ed mezi \u010dleny Autoklastr a ostatn\u00edmi obchodn\u00edmi partnery. \u010clenov\u00e9 Autoklastru d\u016fsledn\u011b respektuj\u00ed uzav\u0159en\u00e9 smlouvy, standardy a normy u\u017e\u00edvan\u00e9 v automobilov\u00e9m pr\u016fmyslu a dohody se sv\u00fdmi dodavateli, z\u00e1kazn\u00edky a obchodn\u00edmi partnery, jako\u017e i ve\u0161ker\u00e9 z\u00e1vazky z t\u011bchto dokument\u016f plynouc\u00ed.<\/li>\n<li>P\u0159i sv\u00e9 \u010dinnosti nepou\u017e\u00edvat nekal\u00e9 praktiky, jako je zav\u00e1d\u011bj\u00edc\u00ed reklama, neleg\u00e1ln\u00ed z\u00edsk\u00e1v\u00e1n\u00ed informac\u00ed, podpl\u00e1cen\u00ed, cenov\u00e9 dohody apod., kter\u00e9 mohou ohrozit nebo po\u0161kodit ostatn\u00ed subjekty p\u016fsob\u00edc\u00ed na dan\u00e9m trhu.<\/li>\n<li>Sv\u00fdmi postoji a chov\u00e1n\u00edm v r\u00e1mci Autoklastru a jeho org\u00e1n\u016f vytv\u00e1\u0159et atmosf\u00e9ru d\u016fv\u011bry a absolutn\u00ed korektnosti.<\/li>\n<li>Vyv\u00edjet a\u00a0nab\u00edzet v\u00fdrobky a\u00a0slu\u017eby v\u00a0po\u017eadovan\u00e9 jakosti, bezpe\u010dnosti a\u00a0\u0161etrn\u00e9 k\u00a0\u017eivotn\u00edmu prost\u0159ed\u00ed a\u00a0zdrav\u00ed.<\/li>\n<li>Prov\u00e1d\u011bt politiku plynul\u00e9ho zlep\u0161ov\u00e1n\u00ed v\u0161ech opat\u0159en\u00ed k\u00a0ochran\u011b zdrav\u00ed, bezpe\u010dnosti a\u00a0\u017eivotn\u00edho prost\u0159ed\u00ed s\u00a0c\u00edlem docilovat p\u0159\u00edzniv\u011bj\u0161\u00edch parametr\u016f ne\u017e stanov\u00ed platn\u00e9 pr\u00e1vn\u00ed normy a\u00a0poskytovat pot\u0159ebnou pomoc subjekt\u016fm, kter\u00e9 mohou b\u00fdt \u010dinnostmi organizace v\u00a0t\u011bchto sm\u011brech ovlivn\u011bny.<\/li>\n<li>Vz\u00e1jemn\u011b si\u00a0 poskytovat\u00a0 ve\u0159ejn\u00e9 informace o\u00a0firm\u00e1ch.<\/li>\n<li>Ru\u010dit za kvalitu sv\u00fdch v\u00fdrobk\u016f a\u00a0slu\u017eeb v\u00a0rozsahu platn\u00fdch norem, certifik\u00e1t\u016f, popis\u016f a\u00a0prohl\u00e1\u0161en\u00ed, je\u017e se k\u00a0nim vztahuj\u00ed a\u00a0poskytovat sv\u00fdm obchodn\u00edm partner\u016fm ve\u0161ker\u00e9 dal\u0161\u00ed informace pro optim\u00e1ln\u00ed a\u00a0bezpe\u010dn\u00e9 u\u017eit\u00ed prod\u00e1van\u00fdch v\u00fdrobk\u016f a\u00a0slu\u017eeb.<\/li>\n<li>Nepokou\u0161et se p\u0159\u00edmo nebo nep\u0159\u00edmo z\u00edsk\u00e1vat zapracovan\u00e9 zam\u011bstnance jin\u00fdch firem s\u00a0c\u00edlem z\u00edsk\u00e1n\u00ed hospod\u00e1\u0159sk\u00fdch v\u00fdhod a\u00a0informac\u00ed proti firm\u011b tyto pracovn\u00edky dosud zam\u011bstn\u00e1vaj\u00edc\u00ed.<\/li>\n<li>V\u00e9st sv\u00e9 zam\u011bstnance k\u00a0\u010destn\u00e9mu jedn\u00e1n\u00ed, slu\u0161nosti a\u00a0osobn\u00ed zodpov\u011bdnosti i\u00a0za dodr\u017eov\u00e1n\u00ed t\u011bchto \u201eZ\u00e1sad\u201c.<\/li>\n<li>V\u00a0duchu t\u011bchto \u201eZ\u00e1sad\u201c p\u016fsobit\u00a0 i\u00a0na sv\u00e9 ostatn\u00ed obchodn\u00ed partnery.<\/li>\n<li>Kodex je mor\u00e1ln\u00edm z\u00e1vazkem firem Autoklastru a jeho nedodr\u017eov\u00e1n\u00ed m\u016f\u017ee b\u00fdt pova\u017eov\u00e1no za hrub\u00e9 poru\u0161en\u00ed z\u00e1jm\u016f a posl\u00e1n\u00ed Autoklastru viz \u010dl\u00e1nek stanov 5.9.<\/li>\n<li>Tento kodex nab\u00fdv\u00e1 platnosti schv\u00e1len\u00edm na Valn\u00e9 hromad\u011b 22.10.2009.<\/li>\n<\/ol>\n","protected":false},"excerpt":{"rendered":"<p>Etick\u00fd kodex pro jedn\u00e1n\u00ed firem zapojen\u00fdch do Moravskoslezsk\u00e9ho automobilov\u00e9ho klastru\u00a0 \/ Autoklastr C\u00edlem tohoto Kodexu\u00a0je vytvo\u0159it v\u0161emi firmami a\u00a0organizacemi zapojen\u00fdmi do \u010dinnosti klastru\u00a0dobrovoln\u011b uzn\u00e1van\u00fd etick\u00fd standard jedn\u00e1n\u00ed a\u00a0to nejen mezi sebou, ale i\u00a0sm\u011brem k\u00a0dal\u0161\u00edm subjekt\u016fm. Ve sv\u00e9 podnikatelsk\u00e9 \u010dinnosti se firmy, zapojen\u00e9 do \u010dinnosti Autoklastru, dobrovoln\u011b p\u0159ihla\u0161uj\u00ed k respektov\u00e1n\u00ed a dodr\u017eov\u00e1n\u00ed t\u011bchto z\u00e1kladn\u00edch pravidel: &nbsp; [&hellip;]<\/p>\n","protected":false},"author":1,"featured_media":0,"parent":0,"menu_order":0,"comment_status":"closed","ping_status":"closed","template":"","meta":{"_acf_changed":false,"inline_featured_image":false,"footnotes":""},"acf":[],"yoast_head":"<!-- This site is optimized with the Yoast SEO plugin v24.5 - https:\/\/yoast.com\/wordpress\/plugins\/seo\/ -->\n<title>Code of ethics | Autoklastr<\/title>\n<meta name=\"robots\" content=\"index, follow, max-snippet:-1, max-image-preview:large, max-video-preview:-1\" \/>\n<link rel=\"canonical\" href=\"https:\/\/autoklastr.cz\/cs\/eticky-kodex\/\" \/>\n<meta property=\"og:locale\" content=\"en_US\" \/>\n<meta property=\"og:locale:alternate\" content=\"cs_CZ\" \/>\n<meta property=\"og:type\" content=\"article\" \/>\n<meta property=\"og:title\" content=\"Code of ethics\" \/>\n<meta property=\"og:description\" content=\"Etick\u00fd kodex pro jedn\u00e1n\u00ed firem zapojen\u00fdch do Moravskoslezsk\u00e9ho automobilov\u00e9ho klastru\u00a0 \/ Autoklastr C\u00edlem tohoto Kodexu\u00a0je vytvo\u0159it v\u0161emi firmami a\u00a0organizacemi zapojen\u00fdmi do \u010dinnosti klastru\u00a0dobrovoln\u011b uzn\u00e1van\u00fd etick\u00fd standard jedn\u00e1n\u00ed a\u00a0to nejen mezi sebou, ale i\u00a0sm\u011brem k\u00a0dal\u0161\u00edm subjekt\u016fm. Ve sv\u00e9 podnikatelsk\u00e9 \u010dinnosti se firmy, zapojen\u00e9 do \u010dinnosti Autoklastru, dobrovoln\u011b p\u0159ihla\u0161uj\u00ed k respektov\u00e1n\u00ed a dodr\u017eov\u00e1n\u00ed t\u011bchto z\u00e1kladn\u00edch pravidel: &nbsp; [&hellip;]\" \/>\n<meta property=\"og:url\" content=\"https:\/\/autoklastr.cz\/en\/eticky-kodex\/\" \/>\n<meta property=\"og:site_name\" content=\"Autoklastr\" \/>\n<meta property=\"article:modified_time\" content=\"2021-04-13T11:23:59+00:00\" \/>\n<meta name=\"twitter:card\" content=\"summary_large_image\" \/>\n<meta name=\"twitter:label1\" content=\"Est. reading time\" \/>\n\t<meta name=\"twitter:data1\" content=\"2 minutes\" \/>\n<script type=\"application\/ld+json\" class=\"yoast-schema-graph\">{\"@context\":\"https:\/\/schema.org\",\"@graph\":[{\"@type\":\"WebPage\",\"@id\":\"https:\/\/autoklastr.cz\/cs\/eticky-kodex\/\",\"url\":\"https:\/\/autoklastr.cz\/cs\/eticky-kodex\/\",\"name\":\"Code of ethics\",\"isPartOf\":{\"@id\":\"https:\/\/autoklastr.cz\/cs\/#website\"},\"datePublished\":\"2020-09-17T19:05:34+00:00\",\"dateModified\":\"2021-04-13T11:23:59+00:00\",\"breadcrumb\":{\"@id\":\"https:\/\/autoklastr.cz\/cs\/eticky-kodex\/#breadcrumb\"},\"inLanguage\":\"en-US\",\"potentialAction\":[{\"@type\":\"ReadAction\",\"target\":[\"https:\/\/autoklastr.cz\/cs\/eticky-kodex\/\"]}]},{\"@type\":\"BreadcrumbList\",\"@id\":\"https:\/\/autoklastr.cz\/cs\/eticky-kodex\/#breadcrumb\",\"itemListElement\":[{\"@type\":\"ListItem\",\"position\":1,\"name\":\"Dom\u016f\",\"item\":\"https:\/\/autoklastr.cz\/cs\/\"},{\"@type\":\"ListItem\",\"position\":2,\"name\":\"Etick\u00fd kodex\"}]},{\"@type\":\"WebSite\",\"@id\":\"https:\/\/autoklastr.cz\/cs\/#website\",\"url\":\"https:\/\/autoklastr.cz\/cs\/\",\"name\":\"Autoklastr\",\"description\":\"Spole\u010dn\u011b pro Automotive!\",\"potentialAction\":[{\"@type\":\"SearchAction\",\"target\":{\"@type\":\"EntryPoint\",\"urlTemplate\":\"https:\/\/autoklastr.cz\/cs\/?s={search_term_string}\"},\"query-input\":{\"@type\":\"PropertyValueSpecification\",\"valueRequired\":true,\"valueName\":\"search_term_string\"}}],\"inLanguage\":\"en-US\"}]}<\/script>\n<!-- \/ Yoast SEO plugin. -->","yoast_head_json":{"title":"Code of ethics | Autoklastr","robots":{"index":"index","follow":"follow","max-snippet":"max-snippet:-1","max-image-preview":"max-image-preview:large","max-video-preview":"max-video-preview:-1"},"canonical":"https:\/\/autoklastr.cz\/cs\/eticky-kodex\/","og_locale":"en_US","og_type":"article","og_title":"[:en]Code of ethics[:cs]Etick\u00fd kodex[:] | Autoklastr","og_description":"Etick\u00fd kodex pro jedn\u00e1n\u00ed firem zapojen\u00fdch do Moravskoslezsk\u00e9ho automobilov\u00e9ho klastru\u00a0 \/ Autoklastr C\u00edlem tohoto Kodexu\u00a0je vytvo\u0159it v\u0161emi firmami a\u00a0organizacemi zapojen\u00fdmi do \u010dinnosti klastru\u00a0dobrovoln\u011b uzn\u00e1van\u00fd etick\u00fd standard jedn\u00e1n\u00ed a\u00a0to nejen mezi sebou, ale i\u00a0sm\u011brem k\u00a0dal\u0161\u00edm subjekt\u016fm. Ve sv\u00e9 podnikatelsk\u00e9 \u010dinnosti se firmy, zapojen\u00e9 do \u010dinnosti Autoklastru, dobrovoln\u011b p\u0159ihla\u0161uj\u00ed k respektov\u00e1n\u00ed a dodr\u017eov\u00e1n\u00ed t\u011bchto z\u00e1kladn\u00edch pravidel: &nbsp; [&hellip;]","og_url":"https:\/\/autoklastr.cz\/en\/eticky-kodex\/","og_site_name":"Autoklastr","article_modified_time":"2021-04-13T11:23:59+00:00","twitter_card":"summary_large_image","twitter_misc":{"Est. reading time":"2 minutes"},"schema":{"@context":"https:\/\/schema.org","@graph":[{"@type":"WebPage","@id":"https:\/\/autoklastr.cz\/cs\/eticky-kodex\/","url":"https:\/\/autoklastr.cz\/cs\/eticky-kodex\/","name":"Code of ethics","isPartOf":{"@id":"https:\/\/autoklastr.cz\/cs\/#website"},"datePublished":"2020-09-17T19:05:34+00:00","dateModified":"2021-04-13T11:23:59+00:00","breadcrumb":{"@id":"https:\/\/autoklastr.cz\/cs\/eticky-kodex\/#breadcrumb"},"inLanguage":"en-US","potentialAction":[{"@type":"ReadAction","target":["https:\/\/autoklastr.cz\/cs\/eticky-kodex\/"]}]},{"@type":"BreadcrumbList","@id":"https:\/\/autoklastr.cz\/cs\/eticky-kodex\/#breadcrumb","itemListElement":[{"@type":"ListItem","position":1,"name":"Dom\u016f","item":"https:\/\/autoklastr.cz\/cs\/"},{"@type":"ListItem","position":2,"name":"Etick\u00fd kodex"}]},{"@type":"WebSite","@id":"https:\/\/autoklastr.cz\/cs\/#website","url":"https:\/\/autoklastr.cz\/cs\/","name":"Autoklastr","description":"Spole\u010dn\u011b pro Automotive!","potentialAction":[{"@type":"SearchAction","target":{"@type":"EntryPoint","urlTemplate":"https:\/\/autoklastr.cz\/cs\/?s={search_term_string}"},"query-input":{"@type":"PropertyValueSpecification","valueRequired":true,"valueName":"search_term_string"}}],"inLanguage":"en-US"}]}},"_links":{"self":[{"href":"https:\/\/autoklastr.cz\/en\/wp-json\/wp\/v2\/pages\/218"}],"collection":[{"href":"https:\/\/autoklastr.cz\/en\/wp-json\/wp\/v2\/pages"}],"about":[{"href":"https:\/\/autoklastr.cz\/en\/wp-json\/wp\/v2\/types\/page"}],"author":[{"embeddable":true,"href":"https:\/\/autoklastr.cz\/en\/wp-json\/wp\/v2\/users\/1"}],"replies":[{"embeddable":true,"href":"https:\/\/autoklastr.cz\/en\/wp-json\/wp\/v2\/comments?post=218"}],"version-history":[{"count":7,"href":"https:\/\/autoklastr.cz\/en\/wp-json\/wp\/v2\/pages\/218\/revisions"}],"predecessor-version":[{"id":6485,"href":"https:\/\/autoklastr.cz\/en\/wp-json\/wp\/v2\/pages\/218\/revisions\/6485"}],"wp:attachment":[{"href":"https:\/\/autoklastr.cz\/en\/wp-json\/wp\/v2\/media?parent=218"}],"curies":[{"name":"wp","href":"https:\/\/api.w.org\/{rel}","templated":true}]}}