{"id":21446,"date":"2022-10-31T14:51:43","date_gmt":"2022-10-31T13:51:43","guid":{"rendered":"https:\/\/autoklastr.cz\/cs\/?page_id=21446"},"modified":"2022-12-05T13:12:24","modified_gmt":"2022-12-05T12:12:24","slug":"klima-komory","status":"publish","type":"page","link":"https:\/\/autoklastr.cz\/en\/klima-komory\/","title":{"rendered":"Klima komory"},"content":{"rendered":"<h3>Teplotn\u00ed klimatick\u00e1 komora ShakeEvent C\/1200\/70a\/5\/V<\/h3>\n<p><img loading=\"lazy\" decoding=\"async\" class=\"alignnone wp-image-21624\" src=\"https:\/\/autoklastr.cz\/wp-content\/uploads\/2022\/12\/teplotni-klimaticka-komora.png\" alt=\"\" width=\"300\" height=\"195\" srcset=\"https:\/\/autoklastr.cz\/wp-content\/uploads\/2022\/12\/teplotni-klimaticka-komora.png 851w, https:\/\/autoklastr.cz\/wp-content\/uploads\/2022\/12\/teplotni-klimaticka-komora-300x195.png 300w, https:\/\/autoklastr.cz\/wp-content\/uploads\/2022\/12\/teplotni-klimaticka-komora-768x499.png 768w\" sizes=\"(max-width: 300px) 100vw, 300px\" \/><\/p>\n<p>DATASHEET: <a href=\"https:\/\/autoklastr.cz\/wp-content\/uploads\/2022\/12\/Teplotni-klimaticka-komora-ShakeEvent-onepage.pdf\">Teplotn\u00ed klimatick\u00e1 komora ShakeEvent onepage<\/a><\/p>\n<p>&nbsp;<\/p>\n<p>&nbsp;<\/p>\n<h3>Teplotn\u00ed \u0161okov\u00e1 komora ShockEvent T\/120\/V2<\/h3>\n<p><img loading=\"lazy\" decoding=\"async\" class=\"alignnone wp-image-21652\" src=\"https:\/\/autoklastr.cz\/wp-content\/uploads\/2022\/12\/Obrazek4-297x300.png\" alt=\"\" width=\"300\" height=\"303\" srcset=\"https:\/\/autoklastr.cz\/wp-content\/uploads\/2022\/12\/Obrazek4-297x300.png 297w, https:\/\/autoklastr.cz\/wp-content\/uploads\/2022\/12\/Obrazek4.png 547w\" sizes=\"(max-width: 300px) 100vw, 300px\" \/><\/p>\n<p>DATASHEET: <a href=\"https:\/\/autoklastr.cz\/wp-content\/uploads\/2022\/12\/Teplotni-sokova-komora-ShockEvent-onepage.pdf\">Teplotn\u00ed \u0161okov\u00e1 komora ShockEvent onepage<\/a><\/p>\n<p>&nbsp;<\/p>\n<p>&nbsp;<\/p>\n<p>Kontaktn\u00ed osoba ve v\u011bcech obchodn\u00edch: Ing. Libor Dobe\u0161, tel: +420 739 529 709, <a href=\"mailto:l.dobes@autoklastr.cz\">l.dobes@autoklastr.cz<\/a><\/p>\n<p>Kontaktn\u00ed osoba ve v\u011bcech technick\u00fdch: Ing. Pavel Vav\u0159\u00edk, tel: +420 737 191 740, <a href=\"mailto:p.vavrik@autoklastr.cz\">p.vavrik@autoklastr.cz<\/a><\/p>\n","protected":false},"excerpt":{"rendered":"<p>Teplotn\u00ed klimatick\u00e1 komora ShakeEvent C\/1200\/70a\/5\/V DATASHEET: Teplotn\u00ed klimatick\u00e1 komora ShakeEvent onepage &nbsp; &nbsp; Teplotn\u00ed \u0161okov\u00e1 komora ShockEvent T\/120\/V2 DATASHEET: Teplotn\u00ed \u0161okov\u00e1 komora ShockEvent onepage &nbsp; &nbsp; Kontaktn\u00ed osoba ve v\u011bcech obchodn\u00edch: Ing. Libor Dobe\u0161, tel: +420 739 529 709, l.dobes@autoklastr.cz Kontaktn\u00ed osoba ve v\u011bcech technick\u00fdch: Ing. Pavel Vav\u0159\u00edk, tel: +420 737 191 740, p.vavrik@autoklastr.cz<\/p>\n","protected":false},"author":4,"featured_media":0,"parent":0,"menu_order":0,"comment_status":"closed","ping_status":"closed","template":"","meta":{"_acf_changed":false,"inline_featured_image":false,"footnotes":""},"acf":[],"yoast_head":"<!-- This site is optimized with the Yoast SEO plugin v24.5 - https:\/\/yoast.com\/wordpress\/plugins\/seo\/ -->\n<title>Klima komory | Autoklastr<\/title>\n<meta name=\"robots\" content=\"index, follow, max-snippet:-1, max-image-preview:large, max-video-preview:-1\" \/>\n<link rel=\"canonical\" href=\"https:\/\/autoklastr.cz\/cs\/klima-komory\/\" \/>\n<meta property=\"og:locale\" content=\"en_US\" \/>\n<meta property=\"og:locale:alternate\" content=\"cs_CZ\" \/>\n<meta property=\"og:type\" content=\"article\" \/>\n<meta property=\"og:title\" content=\"Klima komory\" \/>\n<meta property=\"og:description\" content=\"Teplotn\u00ed klimatick\u00e1 komora ShakeEvent C\/1200\/70a\/5\/V DATASHEET: Teplotn\u00ed klimatick\u00e1 komora ShakeEvent onepage &nbsp; &nbsp; Teplotn\u00ed \u0161okov\u00e1 komora ShockEvent T\/120\/V2 DATASHEET: Teplotn\u00ed \u0161okov\u00e1 komora ShockEvent onepage &nbsp; &nbsp; Kontaktn\u00ed osoba ve v\u011bcech obchodn\u00edch: Ing. Libor Dobe\u0161, tel: +420 739 529 709, l.dobes@autoklastr.cz Kontaktn\u00ed osoba ve v\u011bcech technick\u00fdch: Ing. Pavel Vav\u0159\u00edk, tel: +420 737 191 740, p.vavrik@autoklastr.cz\" \/>\n<meta property=\"og:url\" content=\"https:\/\/autoklastr.cz\/en\/klima-komory\/\" \/>\n<meta property=\"og:site_name\" content=\"Autoklastr\" \/>\n<meta property=\"article:modified_time\" content=\"2022-12-05T12:12:24+00:00\" \/>\n<meta property=\"og:image\" content=\"https:\/\/autoklastr.cz\/wp-content\/uploads\/2022\/12\/teplotni-klimaticka-komora.png\" \/>\n<meta name=\"twitter:card\" content=\"summary_large_image\" \/>\n<meta name=\"twitter:label1\" content=\"Est. reading time\" \/>\n\t<meta name=\"twitter:data1\" content=\"1 minute\" \/>\n<script type=\"application\/ld+json\" class=\"yoast-schema-graph\">{\"@context\":\"https:\/\/schema.org\",\"@graph\":[{\"@type\":\"WebPage\",\"@id\":\"https:\/\/autoklastr.cz\/cs\/klima-komory\/\",\"url\":\"https:\/\/autoklastr.cz\/cs\/klima-komory\/\",\"name\":\"Klima komory\",\"isPartOf\":{\"@id\":\"https:\/\/autoklastr.cz\/cs\/#website\"},\"primaryImageOfPage\":{\"@id\":\"https:\/\/autoklastr.cz\/cs\/klima-komory\/#primaryimage\"},\"image\":{\"@id\":\"https:\/\/autoklastr.cz\/cs\/klima-komory\/#primaryimage\"},\"thumbnailUrl\":\"https:\/\/autoklastr.cz\/wp-content\/uploads\/2022\/12\/teplotni-klimaticka-komora.png\",\"datePublished\":\"2022-10-31T13:51:43+00:00\",\"dateModified\":\"2022-12-05T12:12:24+00:00\",\"breadcrumb\":{\"@id\":\"https:\/\/autoklastr.cz\/cs\/klima-komory\/#breadcrumb\"},\"inLanguage\":\"en-US\",\"potentialAction\":[{\"@type\":\"ReadAction\",\"target\":[\"https:\/\/autoklastr.cz\/cs\/klima-komory\/\"]}]},{\"@type\":\"ImageObject\",\"inLanguage\":\"en-US\",\"@id\":\"https:\/\/autoklastr.cz\/cs\/klima-komory\/#primaryimage\",\"url\":\"https:\/\/autoklastr.cz\/wp-content\/uploads\/2022\/12\/teplotni-klimaticka-komora.png\",\"contentUrl\":\"https:\/\/autoklastr.cz\/wp-content\/uploads\/2022\/12\/teplotni-klimaticka-komora.png\"},{\"@type\":\"BreadcrumbList\",\"@id\":\"https:\/\/autoklastr.cz\/cs\/klima-komory\/#breadcrumb\",\"itemListElement\":[{\"@type\":\"ListItem\",\"position\":1,\"name\":\"Dom\u016f\",\"item\":\"https:\/\/autoklastr.cz\/cs\/\"},{\"@type\":\"ListItem\",\"position\":2,\"name\":\"Klima komory\"}]},{\"@type\":\"WebSite\",\"@id\":\"https:\/\/autoklastr.cz\/cs\/#website\",\"url\":\"https:\/\/autoklastr.cz\/cs\/\",\"name\":\"Autoklastr\",\"description\":\"Spole\u010dn\u011b pro Automotive!\",\"potentialAction\":[{\"@type\":\"SearchAction\",\"target\":{\"@type\":\"EntryPoint\",\"urlTemplate\":\"https:\/\/autoklastr.cz\/cs\/?s={search_term_string}\"},\"query-input\":{\"@type\":\"PropertyValueSpecification\",\"valueRequired\":true,\"valueName\":\"search_term_string\"}}],\"inLanguage\":\"en-US\"}]}<\/script>\n<!-- \/ Yoast SEO plugin. -->","yoast_head_json":{"title":"Klima komory | Autoklastr","robots":{"index":"index","follow":"follow","max-snippet":"max-snippet:-1","max-image-preview":"max-image-preview:large","max-video-preview":"max-video-preview:-1"},"canonical":"https:\/\/autoklastr.cz\/cs\/klima-komory\/","og_locale":"en_US","og_type":"article","og_title":"[:cs]Klima komory[:] | Autoklastr","og_description":"Teplotn\u00ed klimatick\u00e1 komora ShakeEvent C\/1200\/70a\/5\/V DATASHEET: Teplotn\u00ed klimatick\u00e1 komora ShakeEvent onepage &nbsp; &nbsp; Teplotn\u00ed \u0161okov\u00e1 komora ShockEvent T\/120\/V2 DATASHEET: Teplotn\u00ed \u0161okov\u00e1 komora ShockEvent onepage &nbsp; &nbsp; Kontaktn\u00ed osoba ve v\u011bcech obchodn\u00edch: Ing. Libor Dobe\u0161, tel: +420 739 529 709, l.dobes@autoklastr.cz Kontaktn\u00ed osoba ve v\u011bcech technick\u00fdch: Ing. Pavel Vav\u0159\u00edk, tel: +420 737 191 740, p.vavrik@autoklastr.cz","og_url":"https:\/\/autoklastr.cz\/en\/klima-komory\/","og_site_name":"Autoklastr","article_modified_time":"2022-12-05T12:12:24+00:00","og_image":[{"url":"https:\/\/autoklastr.cz\/wp-content\/uploads\/2022\/12\/teplotni-klimaticka-komora.png","type":"","width":"","height":""}],"twitter_card":"summary_large_image","twitter_misc":{"Est. reading time":"1 minute"},"schema":{"@context":"https:\/\/schema.org","@graph":[{"@type":"WebPage","@id":"https:\/\/autoklastr.cz\/cs\/klima-komory\/","url":"https:\/\/autoklastr.cz\/cs\/klima-komory\/","name":"Klima komory","isPartOf":{"@id":"https:\/\/autoklastr.cz\/cs\/#website"},"primaryImageOfPage":{"@id":"https:\/\/autoklastr.cz\/cs\/klima-komory\/#primaryimage"},"image":{"@id":"https:\/\/autoklastr.cz\/cs\/klima-komory\/#primaryimage"},"thumbnailUrl":"https:\/\/autoklastr.cz\/wp-content\/uploads\/2022\/12\/teplotni-klimaticka-komora.png","datePublished":"2022-10-31T13:51:43+00:00","dateModified":"2022-12-05T12:12:24+00:00","breadcrumb":{"@id":"https:\/\/autoklastr.cz\/cs\/klima-komory\/#breadcrumb"},"inLanguage":"en-US","potentialAction":[{"@type":"ReadAction","target":["https:\/\/autoklastr.cz\/cs\/klima-komory\/"]}]},{"@type":"ImageObject","inLanguage":"en-US","@id":"https:\/\/autoklastr.cz\/cs\/klima-komory\/#primaryimage","url":"https:\/\/autoklastr.cz\/wp-content\/uploads\/2022\/12\/teplotni-klimaticka-komora.png","contentUrl":"https:\/\/autoklastr.cz\/wp-content\/uploads\/2022\/12\/teplotni-klimaticka-komora.png"},{"@type":"BreadcrumbList","@id":"https:\/\/autoklastr.cz\/cs\/klima-komory\/#breadcrumb","itemListElement":[{"@type":"ListItem","position":1,"name":"Dom\u016f","item":"https:\/\/autoklastr.cz\/cs\/"},{"@type":"ListItem","position":2,"name":"Klima komory"}]},{"@type":"WebSite","@id":"https:\/\/autoklastr.cz\/cs\/#website","url":"https:\/\/autoklastr.cz\/cs\/","name":"Autoklastr","description":"Spole\u010dn\u011b pro Automotive!","potentialAction":[{"@type":"SearchAction","target":{"@type":"EntryPoint","urlTemplate":"https:\/\/autoklastr.cz\/cs\/?s={search_term_string}"},"query-input":{"@type":"PropertyValueSpecification","valueRequired":true,"valueName":"search_term_string"}}],"inLanguage":"en-US"}]}},"_links":{"self":[{"href":"https:\/\/autoklastr.cz\/en\/wp-json\/wp\/v2\/pages\/21446"}],"collection":[{"href":"https:\/\/autoklastr.cz\/en\/wp-json\/wp\/v2\/pages"}],"about":[{"href":"https:\/\/autoklastr.cz\/en\/wp-json\/wp\/v2\/types\/page"}],"author":[{"embeddable":true,"href":"https:\/\/autoklastr.cz\/en\/wp-json\/wp\/v2\/users\/4"}],"replies":[{"embeddable":true,"href":"https:\/\/autoklastr.cz\/en\/wp-json\/wp\/v2\/comments?post=21446"}],"version-history":[{"count":13,"href":"https:\/\/autoklastr.cz\/en\/wp-json\/wp\/v2\/pages\/21446\/revisions"}],"predecessor-version":[{"id":21656,"href":"https:\/\/autoklastr.cz\/en\/wp-json\/wp\/v2\/pages\/21446\/revisions\/21656"}],"wp:attachment":[{"href":"https:\/\/autoklastr.cz\/en\/wp-json\/wp\/v2\/media?parent=21446"}],"curies":[{"name":"wp","href":"https:\/\/api.w.org\/{rel}","templated":true}]}}