{"id":2,"date":"2020-10-19T19:51:26","date_gmt":"2020-10-19T17:51:26","guid":{"rendered":"https:\/\/www.autoklastr.cz\/?page_id=2"},"modified":"2025-07-22T13:02:08","modified_gmt":"2025-07-22T11:02:08","slug":"homepage","status":"publish","type":"page","link":"https:\/\/autoklastr.cz\/en\/","title":{"rendered":"Homepage"},"content":{"rendered":"","protected":false},"excerpt":{"rendered":"","protected":false},"author":1,"featured_media":0,"parent":0,"menu_order":0,"comment_status":"closed","ping_status":"closed","template":"templates\/homepage.php","meta":{"_acf_changed":false,"inline_featured_image":false,"footnotes":""},"acf":[],"yoast_head":"<!-- This site is optimized with the Yoast SEO plugin v24.5 - https:\/\/yoast.com\/wordpress\/plugins\/seo\/ -->\n<title>Moravskoslezsk\u00fd automobilov\u00fd klastr v Ostrav\u011b | Autoklastr[:]<\/title>\n<meta name=\"description\" content=\"V\u00edce ne\u017e 90 \u010dlen\u016f. Podpora konkurenceschopnosti na\u0161ich \u010dlen\u016f pro udr\u017eiteln\u00fd rozvoj regionu a cel\u00e9ho automobilov\u00e9ho pr\u016fmyslu.\" \/>\n<meta name=\"robots\" content=\"index, follow, max-snippet:-1, max-image-preview:large, max-video-preview:-1\" \/>\n<link rel=\"canonical\" href=\"https:\/\/autoklastr.cz\/cs\/\" \/>\n<meta property=\"og:locale\" content=\"en_US\" \/>\n<meta property=\"og:locale:alternate\" content=\"cs_CZ\" \/>\n<meta property=\"og:type\" content=\"article\" \/>\n<meta property=\"og:title\" content=\"Moravskoslezsk\u00fd automobilov\u00fd klastr v Ostrav\u011b | Autoklastr\" \/>\n<meta property=\"og:description\" content=\"V\u00edce ne\u017e 90 \u010dlen\u016f. Podpora konkurenceschopnosti na\u0161ich \u010dlen\u016f pro udr\u017eiteln\u00fd rozvoj regionu a cel\u00e9ho automobilov\u00e9ho pr\u016fmyslu.\" \/>\n<meta property=\"og:url\" content=\"https:\/\/autoklastr.cz\/en\/\" \/>\n<meta property=\"og:site_name\" content=\"Autoklastr\" \/>\n<meta property=\"article:modified_time\" content=\"2025-07-22T11:02:08+00:00\" \/>\n<meta name=\"twitter:card\" content=\"summary_large_image\" \/>\n<script type=\"application\/ld+json\" class=\"yoast-schema-graph\">{\"@context\":\"https:\/\/schema.org\",\"@graph\":[{\"@type\":\"WebPage\",\"@id\":\"https:\/\/autoklastr.cz\/cs\/\",\"url\":\"https:\/\/autoklastr.cz\/cs\/\",\"name\":\"Moravskoslezsk\u00fd automobilov\u00fd klastr v Ostrav\u011b | Autoklastr\",\"isPartOf\":{\"@id\":\"https:\/\/autoklastr.cz\/cs\/#website\"},\"datePublished\":\"2020-10-19T17:51:26+00:00\",\"dateModified\":\"2025-07-22T11:02:08+00:00\",\"description\":\"V\u00edce ne\u017e 90 \u010dlen\u016f. Podpora konkurenceschopnosti na\u0161ich \u010dlen\u016f pro udr\u017eiteln\u00fd rozvoj regionu a cel\u00e9ho automobilov\u00e9ho pr\u016fmyslu.\",\"breadcrumb\":{\"@id\":\"https:\/\/autoklastr.cz\/cs\/#breadcrumb\"},\"inLanguage\":\"en-US\",\"potentialAction\":[{\"@type\":\"ReadAction\",\"target\":[\"https:\/\/autoklastr.cz\/cs\/\"]}]},{\"@type\":\"BreadcrumbList\",\"@id\":\"https:\/\/autoklastr.cz\/cs\/#breadcrumb\",\"itemListElement\":[{\"@type\":\"ListItem\",\"position\":1,\"name\":\"Dom\u016f\",\"item\":\"https:\/\/autoklastr.cz\/cs\/\"},{\"@type\":\"ListItem\",\"position\":2,\"name\":\"Homepage\"}]},{\"@type\":\"WebSite\",\"@id\":\"https:\/\/autoklastr.cz\/cs\/#website\",\"url\":\"https:\/\/autoklastr.cz\/cs\/\",\"name\":\"Autoklastr\",\"description\":\"Spole\u010dn\u011b pro Automotive!\",\"potentialAction\":[{\"@type\":\"SearchAction\",\"target\":{\"@type\":\"EntryPoint\",\"urlTemplate\":\"https:\/\/autoklastr.cz\/cs\/?s={search_term_string}\"},\"query-input\":{\"@type\":\"PropertyValueSpecification\",\"valueRequired\":true,\"valueName\":\"search_term_string\"}}],\"inLanguage\":\"en-US\"}]}<\/script>\n<!-- \/ Yoast SEO plugin. -->","yoast_head_json":{"title":"Moravskoslezsk\u00fd automobilov\u00fd klastr v Ostrav\u011b | Autoklastr[:]","description":"[:cs]V\u00edce ne\u017e 90 \u010dlen\u016f. Podpora konkurenceschopnosti na\u0161ich \u010dlen\u016f pro udr\u017eiteln\u00fd rozvoj regionu a cel\u00e9ho automobilov\u00e9ho pr\u016fmyslu.[:]","robots":{"index":"index","follow":"follow","max-snippet":"max-snippet:-1","max-image-preview":"max-image-preview:large","max-video-preview":"max-video-preview:-1"},"canonical":"https:\/\/autoklastr.cz\/cs\/","og_locale":"en_US","og_type":"article","og_title":"[:cs]Moravskoslezsk\u00fd automobilov\u00fd klastr v Ostrav\u011b | Autoklastr[:]","og_description":"[:cs]V\u00edce ne\u017e 90 \u010dlen\u016f. Podpora konkurenceschopnosti na\u0161ich \u010dlen\u016f pro udr\u017eiteln\u00fd rozvoj regionu a cel\u00e9ho automobilov\u00e9ho pr\u016fmyslu.[:]","og_url":"https:\/\/autoklastr.cz\/en\/","og_site_name":"Autoklastr","article_modified_time":"2025-07-22T11:02:08+00:00","twitter_card":"summary_large_image","schema":{"@context":"https:\/\/schema.org","@graph":[{"@type":"WebPage","@id":"https:\/\/autoklastr.cz\/cs\/","url":"https:\/\/autoklastr.cz\/cs\/","name":"Moravskoslezsk\u00fd automobilov\u00fd klastr v Ostrav\u011b | Autoklastr","isPartOf":{"@id":"https:\/\/autoklastr.cz\/cs\/#website"},"datePublished":"2020-10-19T17:51:26+00:00","dateModified":"2025-07-22T11:02:08+00:00","description":"V\u00edce ne\u017e 90 \u010dlen\u016f. Podpora konkurenceschopnosti na\u0161ich \u010dlen\u016f pro udr\u017eiteln\u00fd rozvoj regionu a cel\u00e9ho automobilov\u00e9ho pr\u016fmyslu.","breadcrumb":{"@id":"https:\/\/autoklastr.cz\/cs\/#breadcrumb"},"inLanguage":"en-US","potentialAction":[{"@type":"ReadAction","target":["https:\/\/autoklastr.cz\/cs\/"]}]},{"@type":"BreadcrumbList","@id":"https:\/\/autoklastr.cz\/cs\/#breadcrumb","itemListElement":[{"@type":"ListItem","position":1,"name":"Dom\u016f","item":"https:\/\/autoklastr.cz\/cs\/"},{"@type":"ListItem","position":2,"name":"Homepage"}]},{"@type":"WebSite","@id":"https:\/\/autoklastr.cz\/cs\/#website","url":"https:\/\/autoklastr.cz\/cs\/","name":"Autoklastr","description":"Spole\u010dn\u011b pro Automotive!","potentialAction":[{"@type":"SearchAction","target":{"@type":"EntryPoint","urlTemplate":"https:\/\/autoklastr.cz\/cs\/?s={search_term_string}"},"query-input":{"@type":"PropertyValueSpecification","valueRequired":true,"valueName":"search_term_string"}}],"inLanguage":"en-US"}]}},"_links":{"self":[{"href":"https:\/\/autoklastr.cz\/en\/wp-json\/wp\/v2\/pages\/2"}],"collection":[{"href":"https:\/\/autoklastr.cz\/en\/wp-json\/wp\/v2\/pages"}],"about":[{"href":"https:\/\/autoklastr.cz\/en\/wp-json\/wp\/v2\/types\/page"}],"author":[{"embeddable":true,"href":"https:\/\/autoklastr.cz\/en\/wp-json\/wp\/v2\/users\/1"}],"replies":[{"embeddable":true,"href":"https:\/\/autoklastr.cz\/en\/wp-json\/wp\/v2\/comments?post=2"}],"version-history":[{"count":83,"href":"https:\/\/autoklastr.cz\/en\/wp-json\/wp\/v2\/pages\/2\/revisions"}],"predecessor-version":[{"id":31272,"href":"https:\/\/autoklastr.cz\/en\/wp-json\/wp\/v2\/pages\/2\/revisions\/31272"}],"wp:attachment":[{"href":"https:\/\/autoklastr.cz\/en\/wp-json\/wp\/v2\/media?parent=2"}],"curies":[{"name":"wp","href":"https:\/\/api.w.org\/{rel}","templated":true}]}}