{"id":29,"date":"2020-08-20T14:52:41","date_gmt":"2020-08-20T12:52:41","guid":{"rendered":"https:\/\/www.autoklastr.cz\/zasady-ochrany-osobnich-udaju"},"modified":"2024-01-02T11:22:37","modified_gmt":"2024-01-02T10:22:37","slug":"privacy-policy","status":"publish","type":"page","link":"https:\/\/autoklastr.cz\/cs\/privacy-policy\/","title":{"rendered":"Z\u00e1sady ochrany osobn\u00edch \u00fadaj\u016f"},"content":{"rendered":"<p>Od 25.5.2018 je \u00fa\u010dinn\u00e9 nov\u00e9 na\u0159\u00edzen\u00ed Evropsk\u00e9 unie, kter\u00e9 se t\u00fdk\u00e1 ochrany osobn\u00edch \u00fadaj\u016f. Na toto na\u0159\u00edzen\u00ed mus\u00ed reagovat i sekretari\u00e1t Autoklastru. Dovolujeme si V\u00e1s proto v souvislosti s t\u00edm informovat, \u017ee Moravskoslezsk\u00fd automobilov\u00fd klastr, z.s. (d\u00e1le jen AUTOKLASTR), I\u010cO: 27041867, Technologick\u00e1 372\/2, 708 00 Ostrava-Poruba, zpracov\u00e1v\u00e1 Va\u0161e osobn\u00ed \u00fadaje v souladu s n\u00e1rodn\u00ed i evropskou legislativou a z d\u016fvodu zaji\u0161t\u011bn\u00ed z\u00e1kladn\u00edch \u00fa\u010del\u016f, pro kter\u00e9 byl AUTOKLASTR zalo\u017een a kv\u016fli kter\u00e9mu je Va\u0161e spole\u010dnost jeho \u010dlenem.<\/p>\n<p>AUTOKLASTR konkr\u00e9tn\u011b zpracov\u00e1v\u00e1 osobn\u00ed \u00fadaje: jm\u00e9no, p\u0159\u00edjmen\u00ed, funkce, e-mail a telefonn\u00ed \u010d\u00edslo pro \u00fa\u010dely komunikace se z\u00e1stupci Va\u0161\u00ed spole\u010dnosti, d\u00e1le z d\u016fvodu veden\u00ed evidence \u010dlen\u016f a mo\u017enosti poskytovat V\u00e1m \u010dlensk\u00e9 benefity. Tyto \u00fadaje tedy pot\u0159ebujeme, abychom V\u00e1m mohli nab\u00edzet na\u0161e slu\u017eby, poskytovat informace, publikace a anal\u00fdzy i zas\u00edlat informace o akc\u00edch po\u0159\u00e1dan\u00fdch\u00a0 AUTOKLASTRem v\u010detn\u011b nab\u00eddky \u00fa\u010dasti v projektech. Tyto \u00fadaje AUTOKLASTR zpracov\u00e1v\u00e1 po dobu trv\u00e1n\u00ed Va\u0161eho \u010dlenstv\u00ed ve spolku. Osobn\u00ed \u00fadaje jsou zpracov\u00e1v\u00e1ny manu\u00e1ln\u011b nebo pomoc\u00ed prost\u0159edk\u016f v\u00fdpo\u010detn\u00ed techniky k tomu pov\u011b\u0159en\u00fdmi osobami a jsou n\u00e1le\u017eit\u011b zabezpe\u010deny. M\u00e1te pr\u00e1vo na v\u00fdpis osobn\u00edch \u00fadaj\u016f, opravu, v\u00fdmaz, omezen\u00ed zpracov\u00e1n\u00ed, pod\u00e1n\u00ed n\u00e1mitky, odvol\u00e1n\u00ed souhlasu a pod\u00e1n\u00ed st\u00ed\u017enosti. Spr\u00e1vcem Va\u0161ich osobn\u00edch \u00fadaj\u016f je AUTOKLASTR. Kontaktn\u00ed \u00fadaje pro p\u0159\u00edpad dotaz\u016f k ochran\u011b osobn\u00edch \u00fadaj\u016f jsou: email: autoklastr@autoklastr.cz, telefon: +420 558 272 433.<\/p>\n<p>V p\u0159\u00edpad\u011b, \u017ee si nep\u0159ejete dost\u00e1vat od n\u00e1s emailovou komunikaci, pros\u00edme, za\u0161lete n\u00e1m \u017e\u00e1dost o zru\u0161en\u00ed v jak\u00e9koli podob\u011b na autoklastr@autoklastr.cz.<\/p>\n<p>Autoklastr<\/p>\n","protected":false},"excerpt":{"rendered":"<p>Od 25.5.2018 je \u00fa\u010dinn\u00e9 nov\u00e9 na\u0159\u00edzen\u00ed Evropsk\u00e9 unie, kter\u00e9 se t\u00fdk\u00e1 ochrany osobn\u00edch \u00fadaj\u016f. Na toto na\u0159\u00edzen\u00ed mus\u00ed reagovat i sekretari\u00e1t Autoklastru. Dovolujeme si V\u00e1s proto v souvislosti s t\u00edm informovat, \u017ee Moravskoslezsk\u00fd automobilov\u00fd klastr, z.s. (d\u00e1le jen AUTOKLASTR), I\u010cO: 27041867, Technologick\u00e1 372\/2, 708 00 Ostrava-Poruba, zpracov\u00e1v\u00e1 Va\u0161e osobn\u00ed \u00fadaje v souladu s n\u00e1rodn\u00ed i [&hellip;]<\/p>\n","protected":false},"author":1,"featured_media":0,"parent":0,"menu_order":0,"comment_status":"closed","ping_status":"closed","template":"","meta":{"_acf_changed":false,"inline_featured_image":false,"footnotes":""},"acf":[],"yoast_head":"<!-- This site is optimized with the Yoast SEO plugin v24.5 - https:\/\/yoast.com\/wordpress\/plugins\/seo\/ -->\n<title>Z\u00e1sady ochrany osobn\u00edch \u00fadaj\u016f | Autoklastr<\/title>\n<meta name=\"robots\" content=\"index, follow, max-snippet:-1, max-image-preview:large, max-video-preview:-1\" \/>\n<link rel=\"canonical\" href=\"https:\/\/autoklastr.cz\/cs\/privacy-policy\/\" \/>\n<meta property=\"og:locale\" content=\"cs_CZ\" \/>\n<meta property=\"og:locale:alternate\" content=\"en_US\" \/>\n<meta property=\"og:type\" content=\"article\" \/>\n<meta property=\"og:title\" content=\"Z\u00e1sady ochrany osobn\u00edch \u00fadaj\u016f\" \/>\n<meta property=\"og:description\" content=\"Od 25.5.2018 je \u00fa\u010dinn\u00e9 nov\u00e9 na\u0159\u00edzen\u00ed Evropsk\u00e9 unie, kter\u00e9 se t\u00fdk\u00e1 ochrany osobn\u00edch \u00fadaj\u016f. Na toto na\u0159\u00edzen\u00ed mus\u00ed reagovat i sekretari\u00e1t Autoklastru. Dovolujeme si V\u00e1s proto v souvislosti s t\u00edm informovat, \u017ee Moravskoslezsk\u00fd automobilov\u00fd klastr, z.s. (d\u00e1le jen AUTOKLASTR), I\u010cO: 27041867, Technologick\u00e1 372\/2, 708 00 Ostrava-Poruba, zpracov\u00e1v\u00e1 Va\u0161e osobn\u00ed \u00fadaje v souladu s n\u00e1rodn\u00ed i [&hellip;]\" \/>\n<meta property=\"og:url\" content=\"https:\/\/autoklastr.cz\/cs\/privacy-policy\/\" \/>\n<meta property=\"og:site_name\" content=\"Autoklastr\" \/>\n<meta property=\"article:modified_time\" content=\"2024-01-02T10:22:37+00:00\" \/>\n<meta name=\"twitter:card\" content=\"summary_large_image\" \/>\n<meta name=\"twitter:label1\" content=\"Odhadovan\u00e1 doba \u010dten\u00ed\" \/>\n\t<meta name=\"twitter:data1\" content=\"2 minuty\" \/>\n<script type=\"application\/ld+json\" class=\"yoast-schema-graph\">{\"@context\":\"https:\/\/schema.org\",\"@graph\":[{\"@type\":\"WebPage\",\"@id\":\"https:\/\/autoklastr.cz\/cs\/privacy-policy\/\",\"url\":\"https:\/\/autoklastr.cz\/cs\/privacy-policy\/\",\"name\":\"Z\u00e1sady ochrany osobn\u00edch \u00fadaj\u016f\",\"isPartOf\":{\"@id\":\"https:\/\/autoklastr.cz\/cs\/#website\"},\"datePublished\":\"2020-08-20T12:52:41+00:00\",\"dateModified\":\"2024-01-02T10:22:37+00:00\",\"breadcrumb\":{\"@id\":\"https:\/\/autoklastr.cz\/cs\/privacy-policy\/#breadcrumb\"},\"inLanguage\":\"cs-CZ\",\"potentialAction\":[{\"@type\":\"ReadAction\",\"target\":[\"https:\/\/autoklastr.cz\/cs\/privacy-policy\/\"]}]},{\"@type\":\"BreadcrumbList\",\"@id\":\"https:\/\/autoklastr.cz\/cs\/privacy-policy\/#breadcrumb\",\"itemListElement\":[{\"@type\":\"ListItem\",\"position\":1,\"name\":\"Dom\u016f\",\"item\":\"https:\/\/autoklastr.cz\/cs\/\"},{\"@type\":\"ListItem\",\"position\":2,\"name\":\"Z\u00e1sady ochrany osobn\u00edch \u00fadaj\u016f\"}]},{\"@type\":\"WebSite\",\"@id\":\"https:\/\/autoklastr.cz\/cs\/#website\",\"url\":\"https:\/\/autoklastr.cz\/cs\/\",\"name\":\"Autoklastr\",\"description\":\"Spole\u010dn\u011b pro Automotive!\",\"potentialAction\":[{\"@type\":\"SearchAction\",\"target\":{\"@type\":\"EntryPoint\",\"urlTemplate\":\"https:\/\/autoklastr.cz\/cs\/?s={search_term_string}\"},\"query-input\":{\"@type\":\"PropertyValueSpecification\",\"valueRequired\":true,\"valueName\":\"search_term_string\"}}],\"inLanguage\":\"cs-CZ\"}]}<\/script>\n<!-- \/ Yoast SEO plugin. -->","yoast_head_json":{"title":"Z\u00e1sady ochrany osobn\u00edch \u00fadaj\u016f | Autoklastr","robots":{"index":"index","follow":"follow","max-snippet":"max-snippet:-1","max-image-preview":"max-image-preview:large","max-video-preview":"max-video-preview:-1"},"canonical":"https:\/\/autoklastr.cz\/cs\/privacy-policy\/","og_locale":"cs_CZ","og_type":"article","og_title":"[:en]Privacy Policy[:cs]Z\u00e1sady ochrany osobn\u00edch \u00fadaj\u016f[:] | Autoklastr","og_description":"Od 25.5.2018 je \u00fa\u010dinn\u00e9 nov\u00e9 na\u0159\u00edzen\u00ed Evropsk\u00e9 unie, kter\u00e9 se t\u00fdk\u00e1 ochrany osobn\u00edch \u00fadaj\u016f. Na toto na\u0159\u00edzen\u00ed mus\u00ed reagovat i sekretari\u00e1t Autoklastru. Dovolujeme si V\u00e1s proto v souvislosti s t\u00edm informovat, \u017ee Moravskoslezsk\u00fd automobilov\u00fd klastr, z.s. (d\u00e1le jen AUTOKLASTR), I\u010cO: 27041867, Technologick\u00e1 372\/2, 708 00 Ostrava-Poruba, zpracov\u00e1v\u00e1 Va\u0161e osobn\u00ed \u00fadaje v souladu s n\u00e1rodn\u00ed i [&hellip;]","og_url":"https:\/\/autoklastr.cz\/cs\/privacy-policy\/","og_site_name":"Autoklastr","article_modified_time":"2024-01-02T10:22:37+00:00","twitter_card":"summary_large_image","twitter_misc":{"Odhadovan\u00e1 doba \u010dten\u00ed":"2 minuty"},"schema":{"@context":"https:\/\/schema.org","@graph":[{"@type":"WebPage","@id":"https:\/\/autoklastr.cz\/cs\/privacy-policy\/","url":"https:\/\/autoklastr.cz\/cs\/privacy-policy\/","name":"Z\u00e1sady ochrany osobn\u00edch \u00fadaj\u016f","isPartOf":{"@id":"https:\/\/autoklastr.cz\/cs\/#website"},"datePublished":"2020-08-20T12:52:41+00:00","dateModified":"2024-01-02T10:22:37+00:00","breadcrumb":{"@id":"https:\/\/autoklastr.cz\/cs\/privacy-policy\/#breadcrumb"},"inLanguage":"cs-CZ","potentialAction":[{"@type":"ReadAction","target":["https:\/\/autoklastr.cz\/cs\/privacy-policy\/"]}]},{"@type":"BreadcrumbList","@id":"https:\/\/autoklastr.cz\/cs\/privacy-policy\/#breadcrumb","itemListElement":[{"@type":"ListItem","position":1,"name":"Dom\u016f","item":"https:\/\/autoklastr.cz\/cs\/"},{"@type":"ListItem","position":2,"name":"Z\u00e1sady ochrany osobn\u00edch \u00fadaj\u016f"}]},{"@type":"WebSite","@id":"https:\/\/autoklastr.cz\/cs\/#website","url":"https:\/\/autoklastr.cz\/cs\/","name":"Autoklastr","description":"Spole\u010dn\u011b pro Automotive!","potentialAction":[{"@type":"SearchAction","target":{"@type":"EntryPoint","urlTemplate":"https:\/\/autoklastr.cz\/cs\/?s={search_term_string}"},"query-input":{"@type":"PropertyValueSpecification","valueRequired":true,"valueName":"search_term_string"}}],"inLanguage":"cs-CZ"}]}},"_links":{"self":[{"href":"https:\/\/autoklastr.cz\/cs\/wp-json\/wp\/v2\/pages\/29"}],"collection":[{"href":"https:\/\/autoklastr.cz\/cs\/wp-json\/wp\/v2\/pages"}],"about":[{"href":"https:\/\/autoklastr.cz\/cs\/wp-json\/wp\/v2\/types\/page"}],"author":[{"embeddable":true,"href":"https:\/\/autoklastr.cz\/cs\/wp-json\/wp\/v2\/users\/1"}],"replies":[{"embeddable":true,"href":"https:\/\/autoklastr.cz\/cs\/wp-json\/wp\/v2\/comments?post=29"}],"version-history":[{"count":9,"href":"https:\/\/autoklastr.cz\/cs\/wp-json\/wp\/v2\/pages\/29\/revisions"}],"predecessor-version":[{"id":23724,"href":"https:\/\/autoklastr.cz\/cs\/wp-json\/wp\/v2\/pages\/29\/revisions\/23724"}],"wp:attachment":[{"href":"https:\/\/autoklastr.cz\/cs\/wp-json\/wp\/v2\/media?parent=29"}],"curies":[{"name":"wp","href":"https:\/\/api.w.org\/{rel}","templated":true}]}}