{"id":232,"date":"2020-09-18T21:06:48","date_gmt":"2020-09-18T19:06:48","guid":{"rendered":"https:\/\/www.autoklastr.cz\/?page_id=232"},"modified":"2021-02-10T14:57:36","modified_gmt":"2021-02-10T13:57:36","slug":"ergonomie-pracovist","status":"publish","type":"page","link":"https:\/\/autoklastr.cz\/cs\/ergonomie-pracovist\/","title":{"rendered":"Ergonomie pracovi\u0161\u0165"},"content":{"rendered":"<p><strong>ERGONOMICK\u00c9 CENTRUM<\/strong><\/p>\n<p>Ergonomick\u00e9 centrum klastru \u0159e\u0161\u00ed po\u017eadavky pr\u016fmyslu sm\u011brem ke zlep\u0161en\u00ed ergonomie na pracovi\u0161t\u00edch. Jin\u00fdmi slovy, klastr pom\u00e1h\u00e1 \u0159e\u0161it pracovn\u00ed podm\u00ednky pracovn\u00edk\u016f a t\u00edm zvy\u0161ovat produktivitu pr\u00e1ce. Ergonomick\u00e9 centrum se orientuje na dv\u011b hlavn\u00ed oblasti, a to:<\/p>\n<p><strong>Prvn\u00ed oblast<\/strong>\u00a0je zam\u011b\u0159ena na m\u011b\u0159en\u00ed pracovi\u0161\u0165 v\u00a0re\u00e1ln\u00fdch podm\u00ednk\u00e1ch. Nam\u011b\u0159en\u00e9 hodnoty jsou porovn\u00e1ny s platn\u00fdmi normami a p\u0159edpisy. V\u00fdsledkem je posouzen\u00ed, zda je pracovi\u0161t\u011b vyhovuj\u00edc\u00ed, \u010d\u00e1ste\u010dn\u011b vyhovuj\u00edc\u00ed nebo nedostate\u010dn\u00e9 v\u00a0z\u00e1vislosti na svalovou z\u00e1t\u011b\u017e pracovn\u00edk\u016f. U nadlimitn\u00edch v\u00fdsledk\u016f jsou ve spolupr\u00e1ci s\u00a0podnikem navrhov\u00e1na vhodn\u00e1 n\u00e1pravn\u00e1 opat\u0159en\u00ed. Tato m\u011b\u0159en\u00ed jsou realizov\u00e1na se sadou ErgoPAK, kter\u00e9 umo\u017e\u0148uje:<\/p>\n<p><img loading=\"lazy\" decoding=\"async\" class=\"size-full wp-image-632 alignright\" src=\"https:\/\/www.autoklastr.cz\/wp-content\/uploads\/2020\/10\/ergo.png\" alt=\"\" width=\"180\" height=\"250\" \/><\/p>\n<p><strong><em><img decoding=\"async\" src=\"http:\/\/autoklastr.cz\/images\/Mzk4eDE4MHgyNTA=\/ergo.png\" alt=\"\" \/>M\u011b\u0159en\u00ed zat\u00ed\u017een\u00ed drobn\u00fdmi tlaky prst\u016f a ruky<\/em><\/strong><\/p>\n<ul>\n<li>FSR\u2019s \u2013 Odporov\u00e9 senzory\u00a0<em>(450N)<\/em><\/li>\n<\/ul>\n<p><strong><em>M\u011b\u0159en\u00ed polohy<\/em><\/strong><\/p>\n<ul>\n<li>Inklinometry\u00a0<em>(rozsah \u00b1180\u00b0 nebo 360\u00b0)<\/em><\/li>\n<li>Akcelerometry\u00a0<em>(p\u0159esnost\u00ed na 0.01G)<\/em><\/li>\n<\/ul>\n<p><strong><em>M\u011b\u0159en\u00ed ta\u017een\u00ed a tla\u010den\u00ed<\/em><\/strong><\/p>\n<ul>\n<li>Velk\u00fd tenzometr\u00a0<em>(2270N)<\/em>\u00a0<em>+ p\u0159\u00edslu\u0161enstv\u00ed<\/em><\/li>\n<\/ul>\n<p><strong>\u201epinch\u201c testy<\/strong><\/p>\n<ul>\n<li>Mal\u00fd tenzometr (<em>227N) + p\u0159\u00edslu\u0161enstv\u00ed<\/em><\/li>\n<\/ul>\n<p>&nbsp;<\/p>\n<p><strong><img decoding=\"async\" src=\"http:\/\/autoklastr.cz\/images\/Mzk5eDMyMHgyMDA=\/catia.jpg\" alt=\"\" \/>Druh\u00e1 oblast<\/strong>\u00a0umo\u017e\u0148uje integrovat ergonomick\u00e9 faktory do nov\u011b navrhovan\u00e9ho pracovi\u0161t\u011b. Ty zajist\u00ed, \u017ee navrhovan\u00e9 pracovi\u0161t\u011b bude spl\u0148ovat ergonomick\u00e9 z\u00e1sady, aby se p\u0159edch\u00e1zelo nemocem z povol\u00e1n\u00ed u pracovn\u00edk\u016f a zlep\u0161ily se podm\u00ednky interakce \u010dlov\u011bka a stroje. Tento proces je podporov\u00e1n Delmi V6 softwarem vyvinut\u00fdm Dassault Systems.<br \/>\nDelmi V6 anal\u00fdzy:<\/p>\n<p><strong>Hodnocen\u00ed zved\u00e1n\u00ed a pokl\u00e1d\u00e1n\u00ed (NIOSH)<\/strong><\/p>\n<p><strong>Hodnocen\u00ed zved\u00e1n\u00ed, pokl\u00e1d\u00e1n\u00ed, tah\u00e1n\u00ed, tla\u010den\u00ed a p\u0159en\u00e1\u0161en\u00ed\u00a0<\/strong><br \/>\n<strong>v n\u00e1ro\u010dn\u011bj\u0161\u00edch podm\u00ednk\u00e1ch (Snook &#038; Ciriello)<\/strong><\/p>\n<p><strong>Hodnocen\u00ed z\u00e1t\u011b\u017ee horn\u00edch kon\u010detin, krku a trupu (RULA)<\/strong><\/p>\n<p><img loading=\"lazy\" decoding=\"async\" class=\"size-medium wp-image-631 alignnone\" src=\"https:\/\/www.autoklastr.cz\/wp-content\/uploads\/2020\/10\/catia-300x188.jpg\" alt=\"\" width=\"300\" height=\"188\" srcset=\"https:\/\/autoklastr.cz\/wp-content\/uploads\/2020\/10\/catia-300x188.jpg 300w, https:\/\/autoklastr.cz\/wp-content\/uploads\/2020\/10\/catia.jpg 320w\" sizes=\"(max-width: 300px) 100vw, 300px\" \/><\/p>\n","protected":false},"excerpt":{"rendered":"<p>ERGONOMICK\u00c9 CENTRUM Ergonomick\u00e9 centrum klastru \u0159e\u0161\u00ed po\u017eadavky pr\u016fmyslu sm\u011brem ke zlep\u0161en\u00ed ergonomie na pracovi\u0161t\u00edch. Jin\u00fdmi slovy, klastr pom\u00e1h\u00e1 \u0159e\u0161it pracovn\u00ed podm\u00ednky pracovn\u00edk\u016f a t\u00edm zvy\u0161ovat produktivitu pr\u00e1ce. Ergonomick\u00e9 centrum se orientuje na dv\u011b hlavn\u00ed oblasti, a to: Prvn\u00ed oblast\u00a0je zam\u011b\u0159ena na m\u011b\u0159en\u00ed pracovi\u0161\u0165 v\u00a0re\u00e1ln\u00fdch podm\u00ednk\u00e1ch. Nam\u011b\u0159en\u00e9 hodnoty jsou porovn\u00e1ny s platn\u00fdmi normami a p\u0159edpisy. V\u00fdsledkem [&hellip;]<\/p>\n","protected":false},"author":1,"featured_media":0,"parent":0,"menu_order":0,"comment_status":"closed","ping_status":"closed","template":"","meta":{"_acf_changed":false,"inline_featured_image":false,"footnotes":""},"acf":[],"yoast_head":"<!-- This site is optimized with the Yoast SEO plugin v24.5 - https:\/\/yoast.com\/wordpress\/plugins\/seo\/ -->\n<title>Ergonomie pracovi\u0161\u0165 | Autoklastr<\/title>\n<meta name=\"robots\" content=\"index, follow, max-snippet:-1, max-image-preview:large, max-video-preview:-1\" \/>\n<link rel=\"canonical\" href=\"https:\/\/autoklastr.cz\/cs\/ergonomie-pracovist\/\" \/>\n<meta property=\"og:locale\" content=\"cs_CZ\" \/>\n<meta property=\"og:locale:alternate\" content=\"en_US\" \/>\n<meta property=\"og:type\" content=\"article\" \/>\n<meta property=\"og:title\" content=\"Ergonomie pracovi\u0161\u0165\" \/>\n<meta property=\"og:description\" content=\"ERGONOMICK\u00c9 CENTRUM Ergonomick\u00e9 centrum klastru \u0159e\u0161\u00ed po\u017eadavky pr\u016fmyslu sm\u011brem ke zlep\u0161en\u00ed ergonomie na pracovi\u0161t\u00edch. Jin\u00fdmi slovy, klastr pom\u00e1h\u00e1 \u0159e\u0161it pracovn\u00ed podm\u00ednky pracovn\u00edk\u016f a t\u00edm zvy\u0161ovat produktivitu pr\u00e1ce. Ergonomick\u00e9 centrum se orientuje na dv\u011b hlavn\u00ed oblasti, a to: Prvn\u00ed oblast\u00a0je zam\u011b\u0159ena na m\u011b\u0159en\u00ed pracovi\u0161\u0165 v\u00a0re\u00e1ln\u00fdch podm\u00ednk\u00e1ch. Nam\u011b\u0159en\u00e9 hodnoty jsou porovn\u00e1ny s platn\u00fdmi normami a p\u0159edpisy. V\u00fdsledkem [&hellip;]\" \/>\n<meta property=\"og:url\" content=\"https:\/\/autoklastr.cz\/cs\/ergonomie-pracovist\/\" \/>\n<meta property=\"og:site_name\" content=\"Autoklastr\" \/>\n<meta property=\"article:modified_time\" content=\"2021-02-10T13:57:36+00:00\" \/>\n<meta property=\"og:image\" content=\"https:\/\/www.autoklastr.cz\/wp-content\/uploads\/2020\/10\/ergo.png\" \/>\n<meta name=\"twitter:card\" content=\"summary_large_image\" \/>\n<meta name=\"twitter:label1\" content=\"Odhadovan\u00e1 doba \u010dten\u00ed\" \/>\n\t<meta name=\"twitter:data1\" content=\"1 minuta\" \/>\n<script type=\"application\/ld+json\" class=\"yoast-schema-graph\">{\"@context\":\"https:\/\/schema.org\",\"@graph\":[{\"@type\":\"WebPage\",\"@id\":\"https:\/\/autoklastr.cz\/cs\/ergonomie-pracovist\/\",\"url\":\"https:\/\/autoklastr.cz\/cs\/ergonomie-pracovist\/\",\"name\":\"Ergonomie pracovi\u0161\u0165\",\"isPartOf\":{\"@id\":\"https:\/\/autoklastr.cz\/cs\/#website\"},\"primaryImageOfPage\":{\"@id\":\"https:\/\/autoklastr.cz\/cs\/ergonomie-pracovist\/#primaryimage\"},\"image\":{\"@id\":\"https:\/\/autoklastr.cz\/cs\/ergonomie-pracovist\/#primaryimage\"},\"thumbnailUrl\":\"https:\/\/www.autoklastr.cz\/wp-content\/uploads\/2020\/10\/ergo.png\",\"datePublished\":\"2020-09-18T19:06:48+00:00\",\"dateModified\":\"2021-02-10T13:57:36+00:00\",\"breadcrumb\":{\"@id\":\"https:\/\/autoklastr.cz\/cs\/ergonomie-pracovist\/#breadcrumb\"},\"inLanguage\":\"cs-CZ\",\"potentialAction\":[{\"@type\":\"ReadAction\",\"target\":[\"https:\/\/autoklastr.cz\/cs\/ergonomie-pracovist\/\"]}]},{\"@type\":\"ImageObject\",\"inLanguage\":\"cs-CZ\",\"@id\":\"https:\/\/autoklastr.cz\/cs\/ergonomie-pracovist\/#primaryimage\",\"url\":\"https:\/\/www.autoklastr.cz\/wp-content\/uploads\/2020\/10\/ergo.png\",\"contentUrl\":\"https:\/\/www.autoklastr.cz\/wp-content\/uploads\/2020\/10\/ergo.png\"},{\"@type\":\"BreadcrumbList\",\"@id\":\"https:\/\/autoklastr.cz\/cs\/ergonomie-pracovist\/#breadcrumb\",\"itemListElement\":[{\"@type\":\"ListItem\",\"position\":1,\"name\":\"Dom\u016f\",\"item\":\"https:\/\/autoklastr.cz\/cs\/\"},{\"@type\":\"ListItem\",\"position\":2,\"name\":\"Ergonomie pracovi\u0161\u0165\"}]},{\"@type\":\"WebSite\",\"@id\":\"https:\/\/autoklastr.cz\/cs\/#website\",\"url\":\"https:\/\/autoklastr.cz\/cs\/\",\"name\":\"Autoklastr\",\"description\":\"Spole\u010dn\u011b pro Automotive!\",\"potentialAction\":[{\"@type\":\"SearchAction\",\"target\":{\"@type\":\"EntryPoint\",\"urlTemplate\":\"https:\/\/autoklastr.cz\/cs\/?s={search_term_string}\"},\"query-input\":{\"@type\":\"PropertyValueSpecification\",\"valueRequired\":true,\"valueName\":\"search_term_string\"}}],\"inLanguage\":\"cs-CZ\"}]}<\/script>\n<!-- \/ Yoast SEO plugin. -->","yoast_head_json":{"title":"Ergonomie pracovi\u0161\u0165 | Autoklastr","robots":{"index":"index","follow":"follow","max-snippet":"max-snippet:-1","max-image-preview":"max-image-preview:large","max-video-preview":"max-video-preview:-1"},"canonical":"https:\/\/autoklastr.cz\/cs\/ergonomie-pracovist\/","og_locale":"cs_CZ","og_type":"article","og_title":"[:en]Workplace ergonomics[:cs]Ergonomie pracovi\u0161\u0165[:] | Autoklastr","og_description":"ERGONOMICK\u00c9 CENTRUM Ergonomick\u00e9 centrum klastru \u0159e\u0161\u00ed po\u017eadavky pr\u016fmyslu sm\u011brem ke zlep\u0161en\u00ed ergonomie na pracovi\u0161t\u00edch. Jin\u00fdmi slovy, klastr pom\u00e1h\u00e1 \u0159e\u0161it pracovn\u00ed podm\u00ednky pracovn\u00edk\u016f a t\u00edm zvy\u0161ovat produktivitu pr\u00e1ce. Ergonomick\u00e9 centrum se orientuje na dv\u011b hlavn\u00ed oblasti, a to: Prvn\u00ed oblast\u00a0je zam\u011b\u0159ena na m\u011b\u0159en\u00ed pracovi\u0161\u0165 v\u00a0re\u00e1ln\u00fdch podm\u00ednk\u00e1ch. Nam\u011b\u0159en\u00e9 hodnoty jsou porovn\u00e1ny s platn\u00fdmi normami a p\u0159edpisy. V\u00fdsledkem [&hellip;]","og_url":"https:\/\/autoklastr.cz\/cs\/ergonomie-pracovist\/","og_site_name":"Autoklastr","article_modified_time":"2021-02-10T13:57:36+00:00","og_image":[{"url":"https:\/\/www.autoklastr.cz\/wp-content\/uploads\/2020\/10\/ergo.png","type":"","width":"","height":""}],"twitter_card":"summary_large_image","twitter_misc":{"Odhadovan\u00e1 doba \u010dten\u00ed":"1 minuta"},"schema":{"@context":"https:\/\/schema.org","@graph":[{"@type":"WebPage","@id":"https:\/\/autoklastr.cz\/cs\/ergonomie-pracovist\/","url":"https:\/\/autoklastr.cz\/cs\/ergonomie-pracovist\/","name":"Ergonomie pracovi\u0161\u0165","isPartOf":{"@id":"https:\/\/autoklastr.cz\/cs\/#website"},"primaryImageOfPage":{"@id":"https:\/\/autoklastr.cz\/cs\/ergonomie-pracovist\/#primaryimage"},"image":{"@id":"https:\/\/autoklastr.cz\/cs\/ergonomie-pracovist\/#primaryimage"},"thumbnailUrl":"https:\/\/www.autoklastr.cz\/wp-content\/uploads\/2020\/10\/ergo.png","datePublished":"2020-09-18T19:06:48+00:00","dateModified":"2021-02-10T13:57:36+00:00","breadcrumb":{"@id":"https:\/\/autoklastr.cz\/cs\/ergonomie-pracovist\/#breadcrumb"},"inLanguage":"cs-CZ","potentialAction":[{"@type":"ReadAction","target":["https:\/\/autoklastr.cz\/cs\/ergonomie-pracovist\/"]}]},{"@type":"ImageObject","inLanguage":"cs-CZ","@id":"https:\/\/autoklastr.cz\/cs\/ergonomie-pracovist\/#primaryimage","url":"https:\/\/www.autoklastr.cz\/wp-content\/uploads\/2020\/10\/ergo.png","contentUrl":"https:\/\/www.autoklastr.cz\/wp-content\/uploads\/2020\/10\/ergo.png"},{"@type":"BreadcrumbList","@id":"https:\/\/autoklastr.cz\/cs\/ergonomie-pracovist\/#breadcrumb","itemListElement":[{"@type":"ListItem","position":1,"name":"Dom\u016f","item":"https:\/\/autoklastr.cz\/cs\/"},{"@type":"ListItem","position":2,"name":"Ergonomie pracovi\u0161\u0165"}]},{"@type":"WebSite","@id":"https:\/\/autoklastr.cz\/cs\/#website","url":"https:\/\/autoklastr.cz\/cs\/","name":"Autoklastr","description":"Spole\u010dn\u011b pro Automotive!","potentialAction":[{"@type":"SearchAction","target":{"@type":"EntryPoint","urlTemplate":"https:\/\/autoklastr.cz\/cs\/?s={search_term_string}"},"query-input":{"@type":"PropertyValueSpecification","valueRequired":true,"valueName":"search_term_string"}}],"inLanguage":"cs-CZ"}]}},"_links":{"self":[{"href":"https:\/\/autoklastr.cz\/cs\/wp-json\/wp\/v2\/pages\/232"}],"collection":[{"href":"https:\/\/autoklastr.cz\/cs\/wp-json\/wp\/v2\/pages"}],"about":[{"href":"https:\/\/autoklastr.cz\/cs\/wp-json\/wp\/v2\/types\/page"}],"author":[{"embeddable":true,"href":"https:\/\/autoklastr.cz\/cs\/wp-json\/wp\/v2\/users\/1"}],"replies":[{"embeddable":true,"href":"https:\/\/autoklastr.cz\/cs\/wp-json\/wp\/v2\/comments?post=232"}],"version-history":[{"count":9,"href":"https:\/\/autoklastr.cz\/cs\/wp-json\/wp\/v2\/pages\/232\/revisions"}],"predecessor-version":[{"id":4626,"href":"https:\/\/autoklastr.cz\/cs\/wp-json\/wp\/v2\/pages\/232\/revisions\/4626"}],"wp:attachment":[{"href":"https:\/\/autoklastr.cz\/cs\/wp-json\/wp\/v2\/media?parent=232"}],"curies":[{"name":"wp","href":"https:\/\/api.w.org\/{rel}","templated":true}]}}