{"id":228,"date":"2020-09-17T21:06:26","date_gmt":"2020-09-17T19:06:26","guid":{"rendered":"https:\/\/www.autoklastr.cz\/?page_id=228"},"modified":"2021-04-16T12:23:24","modified_gmt":"2021-04-16T10:23:24","slug":"historie","status":"publish","type":"page","link":"https:\/\/autoklastr.cz\/cs\/historie\/","title":{"rendered":"Historie"},"content":{"rendered":"<p><img decoding=\"async\" class=\"alignnone wp-image-6486 size-full\" src=\"https:\/\/www.autoklastr.cz\/wp-content\/uploads\/2021\/04\/MAPA-ROZVOJE-2020-CZ.png\" width=\"100%\" height=\"auto\" srcset=\"https:\/\/autoklastr.cz\/wp-content\/uploads\/2021\/04\/MAPA-ROZVOJE-2020-CZ.png 1040w, https:\/\/autoklastr.cz\/wp-content\/uploads\/2021\/04\/MAPA-ROZVOJE-2020-CZ-300x208.png 300w, https:\/\/autoklastr.cz\/wp-content\/uploads\/2021\/04\/MAPA-ROZVOJE-2020-CZ-1024x709.png 1024w, https:\/\/autoklastr.cz\/wp-content\/uploads\/2021\/04\/MAPA-ROZVOJE-2020-CZ-768x532.png 768w\" sizes=\"(max-width: 1040px) 100vw, 1040px\" \/><\/p>\n","protected":false},"excerpt":{"rendered":"","protected":false},"author":1,"featured_media":0,"parent":0,"menu_order":0,"comment_status":"closed","ping_status":"closed","template":"templates\/history.php","meta":{"_acf_changed":false,"inline_featured_image":false,"footnotes":""},"acf":[],"yoast_head":"<!-- This site is optimized with the Yoast SEO plugin v24.5 - https:\/\/yoast.com\/wordpress\/plugins\/seo\/ -->\n<title>Historie | Autoklastr<\/title>\n<meta name=\"robots\" content=\"index, follow, max-snippet:-1, max-image-preview:large, max-video-preview:-1\" \/>\n<link rel=\"canonical\" href=\"https:\/\/autoklastr.cz\/cs\/historie\/\" \/>\n<meta property=\"og:locale\" content=\"cs_CZ\" \/>\n<meta property=\"og:locale:alternate\" content=\"en_US\" \/>\n<meta property=\"og:type\" content=\"article\" \/>\n<meta property=\"og:title\" content=\"Historie\" \/>\n<meta property=\"og:url\" content=\"https:\/\/autoklastr.cz\/cs\/historie\/\" \/>\n<meta property=\"og:site_name\" content=\"Autoklastr\" \/>\n<meta property=\"article:modified_time\" content=\"2021-04-16T10:23:24+00:00\" \/>\n<meta property=\"og:image\" content=\"https:\/\/www.autoklastr.cz\/wp-content\/uploads\/2021\/04\/MAPA-ROZVOJE-2020-CZ.png\" \/>\n<meta name=\"twitter:card\" content=\"summary_large_image\" \/>\n<meta name=\"twitter:label1\" content=\"Odhadovan\u00e1 doba \u010dten\u00ed\" \/>\n\t<meta name=\"twitter:data1\" content=\"1 minuta\" \/>\n<script type=\"application\/ld+json\" class=\"yoast-schema-graph\">{\"@context\":\"https:\/\/schema.org\",\"@graph\":[{\"@type\":\"WebPage\",\"@id\":\"https:\/\/autoklastr.cz\/cs\/historie\/\",\"url\":\"https:\/\/autoklastr.cz\/cs\/historie\/\",\"name\":\"Historie\",\"isPartOf\":{\"@id\":\"https:\/\/autoklastr.cz\/cs\/#website\"},\"primaryImageOfPage\":{\"@id\":\"https:\/\/autoklastr.cz\/cs\/historie\/#primaryimage\"},\"image\":{\"@id\":\"https:\/\/autoklastr.cz\/cs\/historie\/#primaryimage\"},\"thumbnailUrl\":\"https:\/\/www.autoklastr.cz\/wp-content\/uploads\/2021\/04\/MAPA-ROZVOJE-2020-CZ.png\",\"datePublished\":\"2020-09-17T19:06:26+00:00\",\"dateModified\":\"2021-04-16T10:23:24+00:00\",\"breadcrumb\":{\"@id\":\"https:\/\/autoklastr.cz\/cs\/historie\/#breadcrumb\"},\"inLanguage\":\"cs-CZ\",\"potentialAction\":[{\"@type\":\"ReadAction\",\"target\":[\"https:\/\/autoklastr.cz\/cs\/historie\/\"]}]},{\"@type\":\"ImageObject\",\"inLanguage\":\"cs-CZ\",\"@id\":\"https:\/\/autoklastr.cz\/cs\/historie\/#primaryimage\",\"url\":\"https:\/\/www.autoklastr.cz\/wp-content\/uploads\/2021\/04\/MAPA-ROZVOJE-2020-CZ.png\",\"contentUrl\":\"https:\/\/www.autoklastr.cz\/wp-content\/uploads\/2021\/04\/MAPA-ROZVOJE-2020-CZ.png\"},{\"@type\":\"BreadcrumbList\",\"@id\":\"https:\/\/autoklastr.cz\/cs\/historie\/#breadcrumb\",\"itemListElement\":[{\"@type\":\"ListItem\",\"position\":1,\"name\":\"Dom\u016f\",\"item\":\"https:\/\/autoklastr.cz\/cs\/\"},{\"@type\":\"ListItem\",\"position\":2,\"name\":\"Historie\"}]},{\"@type\":\"WebSite\",\"@id\":\"https:\/\/autoklastr.cz\/cs\/#website\",\"url\":\"https:\/\/autoklastr.cz\/cs\/\",\"name\":\"Autoklastr\",\"description\":\"Spole\u010dn\u011b pro Automotive!\",\"potentialAction\":[{\"@type\":\"SearchAction\",\"target\":{\"@type\":\"EntryPoint\",\"urlTemplate\":\"https:\/\/autoklastr.cz\/cs\/?s={search_term_string}\"},\"query-input\":{\"@type\":\"PropertyValueSpecification\",\"valueRequired\":true,\"valueName\":\"search_term_string\"}}],\"inLanguage\":\"cs-CZ\"}]}<\/script>\n<!-- \/ Yoast SEO plugin. -->","yoast_head_json":{"title":"Historie | Autoklastr","robots":{"index":"index","follow":"follow","max-snippet":"max-snippet:-1","max-image-preview":"max-image-preview:large","max-video-preview":"max-video-preview:-1"},"canonical":"https:\/\/autoklastr.cz\/cs\/historie\/","og_locale":"cs_CZ","og_type":"article","og_title":"[:en]History[:cs]Historie[:] | Autoklastr","og_url":"https:\/\/autoklastr.cz\/cs\/historie\/","og_site_name":"Autoklastr","article_modified_time":"2021-04-16T10:23:24+00:00","og_image":[{"url":"https:\/\/www.autoklastr.cz\/wp-content\/uploads\/2021\/04\/MAPA-ROZVOJE-2020-CZ.png","type":"","width":"","height":""}],"twitter_card":"summary_large_image","twitter_misc":{"Odhadovan\u00e1 doba \u010dten\u00ed":"1 minuta"},"schema":{"@context":"https:\/\/schema.org","@graph":[{"@type":"WebPage","@id":"https:\/\/autoklastr.cz\/cs\/historie\/","url":"https:\/\/autoklastr.cz\/cs\/historie\/","name":"Historie","isPartOf":{"@id":"https:\/\/autoklastr.cz\/cs\/#website"},"primaryImageOfPage":{"@id":"https:\/\/autoklastr.cz\/cs\/historie\/#primaryimage"},"image":{"@id":"https:\/\/autoklastr.cz\/cs\/historie\/#primaryimage"},"thumbnailUrl":"https:\/\/www.autoklastr.cz\/wp-content\/uploads\/2021\/04\/MAPA-ROZVOJE-2020-CZ.png","datePublished":"2020-09-17T19:06:26+00:00","dateModified":"2021-04-16T10:23:24+00:00","breadcrumb":{"@id":"https:\/\/autoklastr.cz\/cs\/historie\/#breadcrumb"},"inLanguage":"cs-CZ","potentialAction":[{"@type":"ReadAction","target":["https:\/\/autoklastr.cz\/cs\/historie\/"]}]},{"@type":"ImageObject","inLanguage":"cs-CZ","@id":"https:\/\/autoklastr.cz\/cs\/historie\/#primaryimage","url":"https:\/\/www.autoklastr.cz\/wp-content\/uploads\/2021\/04\/MAPA-ROZVOJE-2020-CZ.png","contentUrl":"https:\/\/www.autoklastr.cz\/wp-content\/uploads\/2021\/04\/MAPA-ROZVOJE-2020-CZ.png"},{"@type":"BreadcrumbList","@id":"https:\/\/autoklastr.cz\/cs\/historie\/#breadcrumb","itemListElement":[{"@type":"ListItem","position":1,"name":"Dom\u016f","item":"https:\/\/autoklastr.cz\/cs\/"},{"@type":"ListItem","position":2,"name":"Historie"}]},{"@type":"WebSite","@id":"https:\/\/autoklastr.cz\/cs\/#website","url":"https:\/\/autoklastr.cz\/cs\/","name":"Autoklastr","description":"Spole\u010dn\u011b pro Automotive!","potentialAction":[{"@type":"SearchAction","target":{"@type":"EntryPoint","urlTemplate":"https:\/\/autoklastr.cz\/cs\/?s={search_term_string}"},"query-input":{"@type":"PropertyValueSpecification","valueRequired":true,"valueName":"search_term_string"}}],"inLanguage":"cs-CZ"}]}},"_links":{"self":[{"href":"https:\/\/autoklastr.cz\/cs\/wp-json\/wp\/v2\/pages\/228"}],"collection":[{"href":"https:\/\/autoklastr.cz\/cs\/wp-json\/wp\/v2\/pages"}],"about":[{"href":"https:\/\/autoklastr.cz\/cs\/wp-json\/wp\/v2\/types\/page"}],"author":[{"embeddable":true,"href":"https:\/\/autoklastr.cz\/cs\/wp-json\/wp\/v2\/users\/1"}],"replies":[{"embeddable":true,"href":"https:\/\/autoklastr.cz\/cs\/wp-json\/wp\/v2\/comments?post=228"}],"version-history":[{"count":10,"href":"https:\/\/autoklastr.cz\/cs\/wp-json\/wp\/v2\/pages\/228\/revisions"}],"predecessor-version":[{"id":6506,"href":"https:\/\/autoklastr.cz\/cs\/wp-json\/wp\/v2\/pages\/228\/revisions\/6506"}],"wp:attachment":[{"href":"https:\/\/autoklastr.cz\/cs\/wp-json\/wp\/v2\/media?parent=228"}],"curies":[{"name":"wp","href":"https:\/\/api.w.org\/{rel}","templated":true}]}}