{"id":220,"date":"2020-09-18T21:05:43","date_gmt":"2020-09-18T19:05:43","guid":{"rendered":"https:\/\/www.autoklastr.cz\/?page_id=220"},"modified":"2021-05-02T16:33:40","modified_gmt":"2021-05-02T14:33:40","slug":"mereni-tepelnych-zarizeni","status":"publish","type":"page","link":"https:\/\/autoklastr.cz\/cs\/mereni-tepelnych-zarizeni\/","title":{"rendered":"M\u011b\u0159en\u00ed tepeln\u00fdch za\u0159\u00edzen\u00ed"},"content":{"rendered":"<p><strong><u>LABORATO\u0158 PRO TESTOV\u00c1N\u00cd TEPELN\u00ddCH A CHLADIC\u00cdCH ZA\u0158\u00cdZEN\u00cd<\/u><\/strong><\/p>\n<p><img decoding=\"async\" src=\"http:\/\/autoklastr.cz\/images\/Mzk2eDEzM3gxMDA=\/tep1.jpg\" alt=\"\" \/>Laborato\u0159 pro testov\u00e1n\u00ed tepeln\u00fdch a chladic\u00edch za\u0159\u00edzen\u00ed byla vybudov\u00e1na Moravskoslezsk\u00fdm automobilov\u00fdm klastrem za podpory Vysok\u00e9 \u0161koly b\u00e1\u0148sk\u00e9 \u2013Technick\u00e9 univerzity Ostrava a Visteonu, a.s.. Modern\u00ed laborato\u0159 se \u0161pi\u010dkov\u00fdmi parametry se tak st\u00e1v\u00e1 jedine\u010dnou v Evrop\u011b. Za\u0159\u00edzen\u00ed je p\u0159ipraveno slou\u017eit ve\u0161ker\u00fdm tepeln\u00fdm a chladic\u00edm za\u0159\u00edzen\u00edm v automobilov\u00e9m pr\u016fmyslu, d\u00e1le pak nap\u0159\u00edklad v\u00fdrobc\u016fm tepeln\u00fdch \u010derpadel, a to nejen v oblasti m\u011b\u0159en\u00ed parametr\u016f, ale i dal\u0161\u00edmu v\u00fdzkumu a v\u00fdvoji.<\/p>\n<p><strong>MO\u017dNOSTI VYU\u017dIT\u00cd LABORATO\u0158E<\/strong><\/p>\n<ul>\n<li>Vy\u0161et\u0159ov\u00e1n\u00ed chov\u00e1n\u00ed kompletn\u00edch chladic\u00edch a klimatiza\u010dn\u00edch syst\u00e9m\u016f za re\u00e1ln\u00fdch pracovn\u00edch podm\u00ednek &#8211; spr\u00e1vn\u00e9 nastaven\u00ed ak\u010dn\u00edch prvk\u016f okruh\u016f a \u0159\u00eddic\u00edch algoritm\u016f.<\/li>\n<li>M\u011b\u0159en\u00ed v\u00fdkonnostn\u00edch charakteristik cel\u00fdch okruh\u016f, \u010di jednotliv\u00fdch komponent \u2013 chladic\u00ed v\u00fdkon, p\u0159\u00edkon kompresoru, energetick\u00e1 efektivnost cel\u00e9ho okruhu \u010di jednotliv\u00fdch komponent.<\/li>\n<li>Vyu\u017eit\u00ed jak pro st\u00e1vaj\u00edc\u00ed chladiva, tak i pro nov\u00e1 alternativn\u00ed chladiva, uva\u017eovan\u00e1 v z\u00e1vislosti na zp\u0159\u00edsn\u011bn\u00e9 legislativn\u00ed po\u017eadavky EU (Directive 2006\/40\/EC) co se t\u00fd\u010de \u00faniku chladiva z mobiln\u00edch klimatiza\u010dn\u00edch syst\u00e9m\u016f.<\/li>\n<\/ul>\n<p>&nbsp;<\/p>\n<p><strong>LABORATO\u0158 D\u00c1LE UMO\u017d\u0147UJE M\u011a\u0158EN\u00cd T\u011aCHTO SPECI\u00c1LN\u00cdCH PARAMETR\u016e A JEV\u016e:<\/strong><\/p>\n<ul>\n<li>Vliv distribuce mazac\u00edho oleje a zkoum\u00e1n\u00ed hlukov\u00fdch projev\u016f.<\/li>\n<li>M\u011b\u0159en\u00ed charakteristik jednotliv\u00fdch komponent.<\/li>\n<li>M\u011b\u0159en\u00ed celkov\u00e9 energetick\u00e9 n\u00e1ro\u010dnosti &#8211; viz po\u017eadavek komise EU na sn\u00ed\u017een\u00ed celkov\u00fdch emis\u00ed CO2 z automobil\u016f.<\/li>\n<\/ul>\n<p>&nbsp;<\/p>\n<table border=\"0\" cellspacing=\"0\" cellpadding=\"0\">\n<tbody>\n<tr>\n<td><strong>Parametr<\/strong><\/td>\n<td><strong>Exteri\u00e9rov\u00e1 komora<\/strong><\/td>\n<td><strong>Interi\u00e9rov\u00e1 komora<\/strong><\/td>\n<\/tr>\n<tr>\n<td>Vnit\u0159n\u00ed rozm\u011bry (Vx\u0160xH)<\/td>\n<td>2x3x2 m<\/td>\n<td>2x3x2 m<\/td>\n<\/tr>\n<tr>\n<td>Rozsah teplot<\/td>\n<td>-20 a\u017e 100 \u00b0C<\/td>\n<td>-20 a\u017e 70 \u00b0C<\/td>\n<\/tr>\n<tr>\n<td>Rozsah pr\u016ftoku vzduch p\u0159i 20 \u00b0C<\/td>\n<td>400 \u2013 4000 m3\/hod<\/td>\n<td>90 \u2013 900 m3\/hod<\/td>\n<\/tr>\n<tr>\n<td>Rozsah teplot vzduch pro \u0159\u00edzen\u00ed vlhkosti<\/td>\n<td>15 a\u017e 50 \u00b0C<\/td>\n<td>15 a\u017e 60 \u00b0C<\/td>\n<\/tr>\n<tr>\n<td>Rozsah \u0159\u00edzen\u00ed relativn\u00ed vlhkosti<\/td>\n<td>15 \u2013 50% RH<\/td>\n<td>15 \u2013 90% RH<\/td>\n<\/tr>\n<tr>\n<td>Celkov\u00fd p\u0159\u00ednos teplem<\/td>\n<td>15,6 kW<\/td>\n<td>8,1 kW<\/td>\n<\/tr>\n<tr>\n<td>Celkov\u00fd p\u0159\u00ednos chladem<\/td>\n<td>17,5 kW<\/td>\n<td>7,5 kW<\/td>\n<\/tr>\n<tr>\n<td colspan=\"3\">Exteri\u00e9rov\u00e1 komora je vybavena pohonnou jednotkou zku\u0161ebn\u00edho kompresoru s\u00a0max. ot\u00e1\u010dkami 5000\u00a0RPM a\u00a0max. kroutic\u00edm momentem 45 Nm. Elektromotor je osazen fr. m\u011bni\u010dem s\u00a0vektorov\u00fdm \u0159\u00edzen\u00edm.<\/td>\n<\/tr>\n<\/tbody>\n<\/table>\n<p>&nbsp;<\/p>\n<p>Jin\u00e9 druhy m\u011b\u0159en\u00ed, jako jsou nap\u0159. prostupnost tepla stavebn\u00edmi materi\u00e1ly, koroz\u00edvn\u00ed zkou\u0161ky, provoz s\u00a0\u0159\u00edzenou vlhkost\u00ed v\u00a0z\u00e1porn\u00fdch teplot\u00e1ch atd. po dohod\u011b s\u00a0obsluhou laborato\u0159e. Pro m\u011b\u0159en\u00ed tepeln\u00fdch \u010derpadel syst\u00e9mu vzduch voda je laborato\u0159 vybavena tak\u00e9 kapalinov\u00fdm modulem. P\u0159ipojen\u00ed vlastn\u00edch m\u011b\u0159ic\u00edch p\u0159\u00edstroj\u016f je takt\u00e9\u017e mo\u017en\u00e9 po dohod\u011b s\u00a0obsluhou, v\u010detn\u011b z\u00e1znamu nam\u011b\u0159en\u00fdch dat.<\/p>\n","protected":false},"excerpt":{"rendered":"<p>LABORATO\u0158 PRO TESTOV\u00c1N\u00cd TEPELN\u00ddCH A CHLADIC\u00cdCH ZA\u0158\u00cdZEN\u00cd Laborato\u0159 pro testov\u00e1n\u00ed tepeln\u00fdch a chladic\u00edch za\u0159\u00edzen\u00ed byla vybudov\u00e1na Moravskoslezsk\u00fdm automobilov\u00fdm klastrem za podpory Vysok\u00e9 \u0161koly b\u00e1\u0148sk\u00e9 \u2013Technick\u00e9 univerzity Ostrava a Visteonu, a.s.. Modern\u00ed laborato\u0159 se \u0161pi\u010dkov\u00fdmi parametry se tak st\u00e1v\u00e1 jedine\u010dnou v Evrop\u011b. Za\u0159\u00edzen\u00ed je p\u0159ipraveno slou\u017eit ve\u0161ker\u00fdm tepeln\u00fdm a chladic\u00edm za\u0159\u00edzen\u00edm v automobilov\u00e9m pr\u016fmyslu, d\u00e1le pak [&hellip;]<\/p>\n","protected":false},"author":1,"featured_media":0,"parent":0,"menu_order":0,"comment_status":"closed","ping_status":"closed","template":"","meta":{"_acf_changed":false,"inline_featured_image":false,"footnotes":""},"acf":[],"yoast_head":"<!-- This site is optimized with the Yoast SEO plugin v24.5 - https:\/\/yoast.com\/wordpress\/plugins\/seo\/ -->\n<title>M\u011b\u0159en\u00ed tepeln\u00fdch za\u0159\u00edzen\u00ed | Autoklastr<\/title>\n<meta name=\"robots\" content=\"index, follow, max-snippet:-1, max-image-preview:large, max-video-preview:-1\" \/>\n<link rel=\"canonical\" href=\"https:\/\/autoklastr.cz\/cs\/mereni-tepelnych-zarizeni\/\" \/>\n<meta property=\"og:locale\" content=\"cs_CZ\" \/>\n<meta property=\"og:locale:alternate\" content=\"en_US\" \/>\n<meta property=\"og:type\" content=\"article\" \/>\n<meta property=\"og:title\" content=\"M\u011b\u0159en\u00ed tepeln\u00fdch za\u0159\u00edzen\u00ed\" \/>\n<meta property=\"og:description\" content=\"LABORATO\u0158 PRO TESTOV\u00c1N\u00cd TEPELN\u00ddCH A CHLADIC\u00cdCH ZA\u0158\u00cdZEN\u00cd Laborato\u0159 pro testov\u00e1n\u00ed tepeln\u00fdch a chladic\u00edch za\u0159\u00edzen\u00ed byla vybudov\u00e1na Moravskoslezsk\u00fdm automobilov\u00fdm klastrem za podpory Vysok\u00e9 \u0161koly b\u00e1\u0148sk\u00e9 \u2013Technick\u00e9 univerzity Ostrava a Visteonu, a.s.. Modern\u00ed laborato\u0159 se \u0161pi\u010dkov\u00fdmi parametry se tak st\u00e1v\u00e1 jedine\u010dnou v Evrop\u011b. Za\u0159\u00edzen\u00ed je p\u0159ipraveno slou\u017eit ve\u0161ker\u00fdm tepeln\u00fdm a chladic\u00edm za\u0159\u00edzen\u00edm v automobilov\u00e9m pr\u016fmyslu, d\u00e1le pak [&hellip;]\" \/>\n<meta property=\"og:url\" content=\"https:\/\/autoklastr.cz\/cs\/mereni-tepelnych-zarizeni\/\" \/>\n<meta property=\"og:site_name\" content=\"Autoklastr\" \/>\n<meta property=\"article:modified_time\" content=\"2021-05-02T14:33:40+00:00\" \/>\n<meta property=\"og:image\" content=\"http:\/\/autoklastr.cz\/images\/Mzk2eDEzM3gxMDA=\/tep1.jpg\" \/>\n<meta name=\"twitter:card\" content=\"summary_large_image\" \/>\n<meta name=\"twitter:label1\" content=\"Odhadovan\u00e1 doba \u010dten\u00ed\" \/>\n\t<meta name=\"twitter:data1\" content=\"2 minuty\" \/>\n<script type=\"application\/ld+json\" class=\"yoast-schema-graph\">{\"@context\":\"https:\/\/schema.org\",\"@graph\":[{\"@type\":\"WebPage\",\"@id\":\"https:\/\/autoklastr.cz\/cs\/mereni-tepelnych-zarizeni\/\",\"url\":\"https:\/\/autoklastr.cz\/cs\/mereni-tepelnych-zarizeni\/\",\"name\":\"M\u011b\u0159en\u00ed tepeln\u00fdch za\u0159\u00edzen\u00ed\",\"isPartOf\":{\"@id\":\"https:\/\/autoklastr.cz\/cs\/#website\"},\"primaryImageOfPage\":{\"@id\":\"https:\/\/autoklastr.cz\/cs\/mereni-tepelnych-zarizeni\/#primaryimage\"},\"image\":{\"@id\":\"https:\/\/autoklastr.cz\/cs\/mereni-tepelnych-zarizeni\/#primaryimage\"},\"thumbnailUrl\":\"http:\/\/autoklastr.cz\/images\/Mzk2eDEzM3gxMDA=\/tep1.jpg\",\"datePublished\":\"2020-09-18T19:05:43+00:00\",\"dateModified\":\"2021-05-02T14:33:40+00:00\",\"breadcrumb\":{\"@id\":\"https:\/\/autoklastr.cz\/cs\/mereni-tepelnych-zarizeni\/#breadcrumb\"},\"inLanguage\":\"cs-CZ\",\"potentialAction\":[{\"@type\":\"ReadAction\",\"target\":[\"https:\/\/autoklastr.cz\/cs\/mereni-tepelnych-zarizeni\/\"]}]},{\"@type\":\"ImageObject\",\"inLanguage\":\"cs-CZ\",\"@id\":\"https:\/\/autoklastr.cz\/cs\/mereni-tepelnych-zarizeni\/#primaryimage\",\"url\":\"http:\/\/autoklastr.cz\/images\/Mzk2eDEzM3gxMDA=\/tep1.jpg\",\"contentUrl\":\"http:\/\/autoklastr.cz\/images\/Mzk2eDEzM3gxMDA=\/tep1.jpg\"},{\"@type\":\"BreadcrumbList\",\"@id\":\"https:\/\/autoklastr.cz\/cs\/mereni-tepelnych-zarizeni\/#breadcrumb\",\"itemListElement\":[{\"@type\":\"ListItem\",\"position\":1,\"name\":\"Dom\u016f\",\"item\":\"https:\/\/autoklastr.cz\/cs\/\"},{\"@type\":\"ListItem\",\"position\":2,\"name\":\"M\u011b\u0159en\u00ed tepeln\u00fdch za\u0159\u00edzen\u00ed\"}]},{\"@type\":\"WebSite\",\"@id\":\"https:\/\/autoklastr.cz\/cs\/#website\",\"url\":\"https:\/\/autoklastr.cz\/cs\/\",\"name\":\"Autoklastr\",\"description\":\"Spole\u010dn\u011b pro Automotive!\",\"potentialAction\":[{\"@type\":\"SearchAction\",\"target\":{\"@type\":\"EntryPoint\",\"urlTemplate\":\"https:\/\/autoklastr.cz\/cs\/?s={search_term_string}\"},\"query-input\":{\"@type\":\"PropertyValueSpecification\",\"valueRequired\":true,\"valueName\":\"search_term_string\"}}],\"inLanguage\":\"cs-CZ\"}]}<\/script>\n<!-- \/ Yoast SEO plugin. -->","yoast_head_json":{"title":"M\u011b\u0159en\u00ed tepeln\u00fdch za\u0159\u00edzen\u00ed | Autoklastr","robots":{"index":"index","follow":"follow","max-snippet":"max-snippet:-1","max-image-preview":"max-image-preview:large","max-video-preview":"max-video-preview:-1"},"canonical":"https:\/\/autoklastr.cz\/cs\/mereni-tepelnych-zarizeni\/","og_locale":"cs_CZ","og_type":"article","og_title":"[:en]Measurement of thermal equipment[:cs]M\u011b\u0159en\u00ed tepeln\u00fdch za\u0159\u00edzen\u00ed[:] | Autoklastr","og_description":"LABORATO\u0158 PRO TESTOV\u00c1N\u00cd TEPELN\u00ddCH A CHLADIC\u00cdCH ZA\u0158\u00cdZEN\u00cd Laborato\u0159 pro testov\u00e1n\u00ed tepeln\u00fdch a chladic\u00edch za\u0159\u00edzen\u00ed byla vybudov\u00e1na Moravskoslezsk\u00fdm automobilov\u00fdm klastrem za podpory Vysok\u00e9 \u0161koly b\u00e1\u0148sk\u00e9 \u2013Technick\u00e9 univerzity Ostrava a Visteonu, a.s.. Modern\u00ed laborato\u0159 se \u0161pi\u010dkov\u00fdmi parametry se tak st\u00e1v\u00e1 jedine\u010dnou v Evrop\u011b. Za\u0159\u00edzen\u00ed je p\u0159ipraveno slou\u017eit ve\u0161ker\u00fdm tepeln\u00fdm a chladic\u00edm za\u0159\u00edzen\u00edm v automobilov\u00e9m pr\u016fmyslu, d\u00e1le pak [&hellip;]","og_url":"https:\/\/autoklastr.cz\/cs\/mereni-tepelnych-zarizeni\/","og_site_name":"Autoklastr","article_modified_time":"2021-05-02T14:33:40+00:00","og_image":[{"url":"http:\/\/autoklastr.cz\/images\/Mzk2eDEzM3gxMDA=\/tep1.jpg","type":"","width":"","height":""}],"twitter_card":"summary_large_image","twitter_misc":{"Odhadovan\u00e1 doba \u010dten\u00ed":"2 minuty"},"schema":{"@context":"https:\/\/schema.org","@graph":[{"@type":"WebPage","@id":"https:\/\/autoklastr.cz\/cs\/mereni-tepelnych-zarizeni\/","url":"https:\/\/autoklastr.cz\/cs\/mereni-tepelnych-zarizeni\/","name":"M\u011b\u0159en\u00ed tepeln\u00fdch za\u0159\u00edzen\u00ed","isPartOf":{"@id":"https:\/\/autoklastr.cz\/cs\/#website"},"primaryImageOfPage":{"@id":"https:\/\/autoklastr.cz\/cs\/mereni-tepelnych-zarizeni\/#primaryimage"},"image":{"@id":"https:\/\/autoklastr.cz\/cs\/mereni-tepelnych-zarizeni\/#primaryimage"},"thumbnailUrl":"http:\/\/autoklastr.cz\/images\/Mzk2eDEzM3gxMDA=\/tep1.jpg","datePublished":"2020-09-18T19:05:43+00:00","dateModified":"2021-05-02T14:33:40+00:00","breadcrumb":{"@id":"https:\/\/autoklastr.cz\/cs\/mereni-tepelnych-zarizeni\/#breadcrumb"},"inLanguage":"cs-CZ","potentialAction":[{"@type":"ReadAction","target":["https:\/\/autoklastr.cz\/cs\/mereni-tepelnych-zarizeni\/"]}]},{"@type":"ImageObject","inLanguage":"cs-CZ","@id":"https:\/\/autoklastr.cz\/cs\/mereni-tepelnych-zarizeni\/#primaryimage","url":"http:\/\/autoklastr.cz\/images\/Mzk2eDEzM3gxMDA=\/tep1.jpg","contentUrl":"http:\/\/autoklastr.cz\/images\/Mzk2eDEzM3gxMDA=\/tep1.jpg"},{"@type":"BreadcrumbList","@id":"https:\/\/autoklastr.cz\/cs\/mereni-tepelnych-zarizeni\/#breadcrumb","itemListElement":[{"@type":"ListItem","position":1,"name":"Dom\u016f","item":"https:\/\/autoklastr.cz\/cs\/"},{"@type":"ListItem","position":2,"name":"M\u011b\u0159en\u00ed tepeln\u00fdch za\u0159\u00edzen\u00ed"}]},{"@type":"WebSite","@id":"https:\/\/autoklastr.cz\/cs\/#website","url":"https:\/\/autoklastr.cz\/cs\/","name":"Autoklastr","description":"Spole\u010dn\u011b pro Automotive!","potentialAction":[{"@type":"SearchAction","target":{"@type":"EntryPoint","urlTemplate":"https:\/\/autoklastr.cz\/cs\/?s={search_term_string}"},"query-input":{"@type":"PropertyValueSpecification","valueRequired":true,"valueName":"search_term_string"}}],"inLanguage":"cs-CZ"}]}},"_links":{"self":[{"href":"https:\/\/autoklastr.cz\/cs\/wp-json\/wp\/v2\/pages\/220"}],"collection":[{"href":"https:\/\/autoklastr.cz\/cs\/wp-json\/wp\/v2\/pages"}],"about":[{"href":"https:\/\/autoklastr.cz\/cs\/wp-json\/wp\/v2\/types\/page"}],"author":[{"embeddable":true,"href":"https:\/\/autoklastr.cz\/cs\/wp-json\/wp\/v2\/users\/1"}],"replies":[{"embeddable":true,"href":"https:\/\/autoklastr.cz\/cs\/wp-json\/wp\/v2\/comments?post=220"}],"version-history":[{"count":8,"href":"https:\/\/autoklastr.cz\/cs\/wp-json\/wp\/v2\/pages\/220\/revisions"}],"predecessor-version":[{"id":6989,"href":"https:\/\/autoklastr.cz\/cs\/wp-json\/wp\/v2\/pages\/220\/revisions\/6989"}],"wp:attachment":[{"href":"https:\/\/autoklastr.cz\/cs\/wp-json\/wp\/v2\/media?parent=220"}],"curies":[{"name":"wp","href":"https:\/\/api.w.org\/{rel}","templated":true}]}}