{"id":16,"date":"2020-08-19T21:17:10","date_gmt":"2020-08-19T19:17:10","guid":{"rendered":"https:\/\/www.autoklastr.cz\/?page_id=16"},"modified":"2026-03-10T09:43:54","modified_gmt":"2026-03-10T08:43:54","slug":"kontakt","status":"publish","type":"page","link":"https:\/\/autoklastr.cz\/cs\/kontakt\/","title":{"rendered":"Kontakt"},"content":{"rendered":"","protected":false},"excerpt":{"rendered":"","protected":false},"author":1,"featured_media":0,"parent":0,"menu_order":0,"comment_status":"closed","ping_status":"closed","template":"templates\/contact.php","meta":{"_acf_changed":false,"inline_featured_image":false,"footnotes":""},"acf":[],"yoast_head":"<!-- This site is optimized with the Yoast SEO plugin v24.5 - https:\/\/yoast.com\/wordpress\/plugins\/seo\/ -->\n<title>Kontakt | Autoklastr<\/title>\n<meta name=\"description\" content=\"P\u0159\u00edstup do provozoven klastru, jeho za\u0159\u00edzen\u00edm a \u010dinnostem je k dispozici v\u0161em \u010dlen\u016fm.\" \/>\n<meta name=\"robots\" content=\"index, follow, max-snippet:-1, max-image-preview:large, max-video-preview:-1\" \/>\n<link rel=\"canonical\" href=\"https:\/\/autoklastr.cz\/cs\/kontakt\/\" \/>\n<meta property=\"og:locale\" content=\"cs_CZ\" \/>\n<meta property=\"og:locale:alternate\" content=\"en_US\" \/>\n<meta property=\"og:type\" content=\"article\" \/>\n<meta property=\"og:title\" content=\"Kontakt\" \/>\n<meta property=\"og:description\" content=\"P\u0159\u00edstup do provozoven klastru, jeho za\u0159\u00edzen\u00edm a \u010dinnostem je k dispozici v\u0161em \u010dlen\u016fm.\" \/>\n<meta property=\"og:url\" content=\"https:\/\/autoklastr.cz\/cs\/kontakt\/\" \/>\n<meta property=\"og:site_name\" content=\"Autoklastr\" \/>\n<meta property=\"article:modified_time\" content=\"2026-03-10T08:43:54+00:00\" \/>\n<meta name=\"twitter:card\" content=\"summary_large_image\" \/>\n<script type=\"application\/ld+json\" class=\"yoast-schema-graph\">{\"@context\":\"https:\/\/schema.org\",\"@graph\":[{\"@type\":\"WebPage\",\"@id\":\"https:\/\/autoklastr.cz\/cs\/kontakt\/\",\"url\":\"https:\/\/autoklastr.cz\/cs\/kontakt\/\",\"name\":\"Kontakt\",\"isPartOf\":{\"@id\":\"https:\/\/autoklastr.cz\/cs\/#website\"},\"datePublished\":\"2020-08-19T19:17:10+00:00\",\"dateModified\":\"2026-03-10T08:43:54+00:00\",\"description\":\"P\u0159\u00edstup do provozoven klastru, jeho za\u0159\u00edzen\u00edm a \u010dinnostem je k dispozici v\u0161em \u010dlen\u016fm.\",\"breadcrumb\":{\"@id\":\"https:\/\/autoklastr.cz\/cs\/kontakt\/#breadcrumb\"},\"inLanguage\":\"cs-CZ\",\"potentialAction\":[{\"@type\":\"ReadAction\",\"target\":[\"https:\/\/autoklastr.cz\/cs\/kontakt\/\"]}]},{\"@type\":\"BreadcrumbList\",\"@id\":\"https:\/\/autoklastr.cz\/cs\/kontakt\/#breadcrumb\",\"itemListElement\":[{\"@type\":\"ListItem\",\"position\":1,\"name\":\"Dom\u016f\",\"item\":\"https:\/\/autoklastr.cz\/cs\/\"},{\"@type\":\"ListItem\",\"position\":2,\"name\":\"Kontakt\"}]},{\"@type\":\"WebSite\",\"@id\":\"https:\/\/autoklastr.cz\/cs\/#website\",\"url\":\"https:\/\/autoklastr.cz\/cs\/\",\"name\":\"Autoklastr\",\"description\":\"Spole\u010dn\u011b pro Automotive!\",\"potentialAction\":[{\"@type\":\"SearchAction\",\"target\":{\"@type\":\"EntryPoint\",\"urlTemplate\":\"https:\/\/autoklastr.cz\/cs\/?s={search_term_string}\"},\"query-input\":{\"@type\":\"PropertyValueSpecification\",\"valueRequired\":true,\"valueName\":\"search_term_string\"}}],\"inLanguage\":\"cs-CZ\"}]}<\/script>\n<!-- \/ Yoast SEO plugin. -->","yoast_head_json":{"title":"Kontakt | Autoklastr","description":"[:cs]P\u0159\u00edstup do provozoven klastru, jeho za\u0159\u00edzen\u00edm a \u010dinnostem je k dispozici v\u0161em \u010dlen\u016fm.[:]","robots":{"index":"index","follow":"follow","max-snippet":"max-snippet:-1","max-image-preview":"max-image-preview:large","max-video-preview":"max-video-preview:-1"},"canonical":"https:\/\/autoklastr.cz\/cs\/kontakt\/","og_locale":"cs_CZ","og_type":"article","og_title":"[:en]Contact[:cs]Kontakt[:] | Autoklastr","og_description":"[:cs]P\u0159\u00edstup do provozoven klastru, jeho za\u0159\u00edzen\u00edm a \u010dinnostem je k dispozici v\u0161em \u010dlen\u016fm.[:]","og_url":"https:\/\/autoklastr.cz\/cs\/kontakt\/","og_site_name":"Autoklastr","article_modified_time":"2026-03-10T08:43:54+00:00","twitter_card":"summary_large_image","schema":{"@context":"https:\/\/schema.org","@graph":[{"@type":"WebPage","@id":"https:\/\/autoklastr.cz\/cs\/kontakt\/","url":"https:\/\/autoklastr.cz\/cs\/kontakt\/","name":"Kontakt","isPartOf":{"@id":"https:\/\/autoklastr.cz\/cs\/#website"},"datePublished":"2020-08-19T19:17:10+00:00","dateModified":"2026-03-10T08:43:54+00:00","description":"P\u0159\u00edstup do provozoven klastru, jeho za\u0159\u00edzen\u00edm a \u010dinnostem je k dispozici v\u0161em \u010dlen\u016fm.","breadcrumb":{"@id":"https:\/\/autoklastr.cz\/cs\/kontakt\/#breadcrumb"},"inLanguage":"cs-CZ","potentialAction":[{"@type":"ReadAction","target":["https:\/\/autoklastr.cz\/cs\/kontakt\/"]}]},{"@type":"BreadcrumbList","@id":"https:\/\/autoklastr.cz\/cs\/kontakt\/#breadcrumb","itemListElement":[{"@type":"ListItem","position":1,"name":"Dom\u016f","item":"https:\/\/autoklastr.cz\/cs\/"},{"@type":"ListItem","position":2,"name":"Kontakt"}]},{"@type":"WebSite","@id":"https:\/\/autoklastr.cz\/cs\/#website","url":"https:\/\/autoklastr.cz\/cs\/","name":"Autoklastr","description":"Spole\u010dn\u011b pro Automotive!","potentialAction":[{"@type":"SearchAction","target":{"@type":"EntryPoint","urlTemplate":"https:\/\/autoklastr.cz\/cs\/?s={search_term_string}"},"query-input":{"@type":"PropertyValueSpecification","valueRequired":true,"valueName":"search_term_string"}}],"inLanguage":"cs-CZ"}]}},"_links":{"self":[{"href":"https:\/\/autoklastr.cz\/cs\/wp-json\/wp\/v2\/pages\/16"}],"collection":[{"href":"https:\/\/autoklastr.cz\/cs\/wp-json\/wp\/v2\/pages"}],"about":[{"href":"https:\/\/autoklastr.cz\/cs\/wp-json\/wp\/v2\/types\/page"}],"author":[{"embeddable":true,"href":"https:\/\/autoklastr.cz\/cs\/wp-json\/wp\/v2\/users\/1"}],"replies":[{"embeddable":true,"href":"https:\/\/autoklastr.cz\/cs\/wp-json\/wp\/v2\/comments?post=16"}],"version-history":[{"count":70,"href":"https:\/\/autoklastr.cz\/cs\/wp-json\/wp\/v2\/pages\/16\/revisions"}],"predecessor-version":[{"id":33156,"href":"https:\/\/autoklastr.cz\/cs\/wp-json\/wp\/v2\/pages\/16\/revisions\/33156"}],"wp:attachment":[{"href":"https:\/\/autoklastr.cz\/cs\/wp-json\/wp\/v2\/media?parent=16"}],"curies":[{"name":"wp","href":"https:\/\/api.w.org\/{rel}","templated":true}]}}