{"id":15776,"date":"2021-09-22T10:28:20","date_gmt":"2021-09-22T08:28:20","guid":{"rendered":"https:\/\/autoklastr.cz\/?page_id=15776"},"modified":"2021-11-01T12:53:03","modified_gmt":"2021-11-01T11:53:03","slug":"kurzy-autoklastr-110","status":"publish","type":"page","link":"https:\/\/autoklastr.cz\/cs\/kurzy-autoklastr-110\/","title":{"rendered":"Kurzy Autoklastr 110"},"content":{"rendered":"<p>Aktu\u00e1ln\u00ed nab\u00eddka v\u00a0 kurzech &#8222;<strong>Autoklastr 110<\/strong>&#8220; k datu <strong>1.11.2021,<\/strong> pro v\u00edce informac\u00ed a ov\u011b\u0159en\u00ed aktu\u00e1ln\u00ed dostupnosti voln\u00fdch m\u00edst kontaktujte Lenku Ju\u0159\u00ed\u010dkovou l.jurickova@autoklastr.cz<br \/>\n<strong><em>Kurzy jsou hrazeny z ve\u0159ejn\u00e9 podpory &#8222;de minimis&#8220; a jsou tedy pro \u010dleny Autoklastru v p\u0159\u00edpad\u011b vy\u0159\u00edzen\u00ed dotace bezplatn\u00e9.<\/em><\/strong><\/p>\n<table style=\"height: 310px;\" border=\"0\" width=\"935\" cellspacing=\"0\" cellpadding=\"0\">\n<tbody>\n<tr>\n<td width=\"92\" height=\"100\">\u010d\u00edslo kurzu\/<\/td>\n<td width=\"48\">oblast<\/td>\n<td width=\"33\">b\u011bh\/<\/td>\n<td style=\"text-align: center;\" width=\"47\">zap. subjekt<\/td>\n<td width=\"640\">N\u00c1ZEV KURZU<\/td>\n<td width=\"65\">Po\u010det zam\u011bstnanc\u016f<\/td>\n<td width=\"55\">D\u00e9lka kurzu v hodin\u00e1ch<\/td>\n<td width=\"114\">Datum realizace<\/td>\n<\/tr>\n<tr>\n<td width=\"92\" height=\"24\">23<\/td>\n<td width=\"48\">MM<\/td>\n<td width=\"33\">1<\/td>\n<td width=\"47\">AUT<\/td>\n<td width=\"640\">Mapov\u00e1n\u00ed toku hodnot v procesu\/ VSM<\/td>\n<td>4<\/td>\n<td>8<\/td>\n<td width=\"114\">14.01.2022<\/td>\n<\/tr>\n<tr>\n<td width=\"92\" height=\"24\">25<\/td>\n<td width=\"48\">MM<\/td>\n<td width=\"33\">1<\/td>\n<td width=\"47\">AUT<\/td>\n<td width=\"640\">Motivace zam\u011bstnanc\u016f<\/td>\n<td>5<\/td>\n<td>8<\/td>\n<td width=\"114\">02.02.2022<\/td>\n<\/tr>\n<tr>\n<td width=\"92\" height=\"25\">26<\/td>\n<td width=\"48\">MM<\/td>\n<td width=\"33\">2<\/td>\n<td width=\"47\">AUT<\/td>\n<td width=\"640\">Normov\u00e1n\u00ed pr\u00e1ce a v\u00fdrobn\u00edch kapacit<\/td>\n<td>5<\/td>\n<td>8<\/td>\n<td width=\"114\">18.03.2022<\/td>\n<\/tr>\n<tr>\n<td width=\"92\" height=\"25\">31<\/td>\n<td width=\"48\">MM<\/td>\n<td>1<\/td>\n<td>AUT<\/td>\n<td width=\"640\">Prezenta\u010dn\u00ed dovednosti<\/td>\n<td>4<\/td>\n<td>16<\/td>\n<td>15-16.2.2022<\/td>\n<\/tr>\n<tr>\n<td width=\"92\" height=\"27\">45<\/td>\n<td width=\"48\">MM<\/td>\n<td width=\"33\">1<\/td>\n<td width=\"47\">AUT<\/td>\n<td width=\"640\">Um\u011bn\u00ed obchodu<\/td>\n<td>4<\/td>\n<td>8<\/td>\n<td>25.02.2022<\/td>\n<\/tr>\n<\/tbody>\n<\/table>\n<p>&nbsp;<\/p>\n<p>&nbsp;<\/p>\n","protected":false},"excerpt":{"rendered":"<p>Aktu\u00e1ln\u00ed nab\u00eddka v\u00a0 kurzech &#8222;Autoklastr 110&#8220; k datu 1.11.2021, pro v\u00edce informac\u00ed a ov\u011b\u0159en\u00ed aktu\u00e1ln\u00ed dostupnosti voln\u00fdch m\u00edst kontaktujte Lenku Ju\u0159\u00ed\u010dkovou l.jurickova@autoklastr.cz Kurzy jsou hrazeny z ve\u0159ejn\u00e9 podpory &#8222;de minimis&#8220; a jsou tedy pro \u010dleny Autoklastru v p\u0159\u00edpad\u011b vy\u0159\u00edzen\u00ed dotace bezplatn\u00e9. \u010d\u00edslo kurzu\/ oblast b\u011bh\/ zap. subjekt N\u00c1ZEV KURZU Po\u010det zam\u011bstnanc\u016f D\u00e9lka kurzu v hodin\u00e1ch [&hellip;]<\/p>\n","protected":false},"author":4,"featured_media":0,"parent":0,"menu_order":0,"comment_status":"closed","ping_status":"closed","template":"","meta":{"_acf_changed":false,"inline_featured_image":false,"footnotes":""},"acf":[],"yoast_head":"<!-- This site is optimized with the Yoast SEO plugin v24.5 - https:\/\/yoast.com\/wordpress\/plugins\/seo\/ -->\n<title>Kurzy Autoklastr 110 | Autoklastr<\/title>\n<meta name=\"robots\" content=\"index, follow, max-snippet:-1, max-image-preview:large, max-video-preview:-1\" \/>\n<link rel=\"canonical\" href=\"https:\/\/autoklastr.cz\/cs\/kurzy-autoklastr-110\/\" \/>\n<meta property=\"og:locale\" content=\"cs_CZ\" \/>\n<meta property=\"og:locale:alternate\" content=\"en_US\" \/>\n<meta property=\"og:type\" content=\"article\" \/>\n<meta property=\"og:title\" content=\"Kurzy Autoklastr 110\" \/>\n<meta property=\"og:description\" content=\"Aktu\u00e1ln\u00ed nab\u00eddka v\u00a0 kurzech &#8222;Autoklastr 110&#8220; k datu 1.11.2021, pro v\u00edce informac\u00ed a ov\u011b\u0159en\u00ed aktu\u00e1ln\u00ed dostupnosti voln\u00fdch m\u00edst kontaktujte Lenku Ju\u0159\u00ed\u010dkovou l.jurickova@autoklastr.cz Kurzy jsou hrazeny z ve\u0159ejn\u00e9 podpory &#8222;de minimis&#8220; a jsou tedy pro \u010dleny Autoklastru v p\u0159\u00edpad\u011b vy\u0159\u00edzen\u00ed dotace bezplatn\u00e9. \u010d\u00edslo kurzu\/ oblast b\u011bh\/ zap. subjekt N\u00c1ZEV KURZU Po\u010det zam\u011bstnanc\u016f D\u00e9lka kurzu v hodin\u00e1ch [&hellip;]\" \/>\n<meta property=\"og:url\" content=\"https:\/\/autoklastr.cz\/cs\/kurzy-autoklastr-110\/\" \/>\n<meta property=\"og:site_name\" content=\"Autoklastr\" \/>\n<meta property=\"article:modified_time\" content=\"2021-11-01T11:53:03+00:00\" \/>\n<meta name=\"twitter:card\" content=\"summary_large_image\" \/>\n<meta name=\"twitter:label1\" content=\"Odhadovan\u00e1 doba \u010dten\u00ed\" \/>\n\t<meta name=\"twitter:data1\" content=\"3 minuty\" \/>\n<script type=\"application\/ld+json\" class=\"yoast-schema-graph\">{\"@context\":\"https:\/\/schema.org\",\"@graph\":[{\"@type\":\"WebPage\",\"@id\":\"https:\/\/autoklastr.cz\/cs\/kurzy-autoklastr-110\/\",\"url\":\"https:\/\/autoklastr.cz\/cs\/kurzy-autoklastr-110\/\",\"name\":\"Kurzy Autoklastr 110\",\"isPartOf\":{\"@id\":\"https:\/\/autoklastr.cz\/cs\/#website\"},\"datePublished\":\"2021-09-22T08:28:20+00:00\",\"dateModified\":\"2021-11-01T11:53:03+00:00\",\"breadcrumb\":{\"@id\":\"https:\/\/autoklastr.cz\/cs\/kurzy-autoklastr-110\/#breadcrumb\"},\"inLanguage\":\"cs-CZ\",\"potentialAction\":[{\"@type\":\"ReadAction\",\"target\":[\"https:\/\/autoklastr.cz\/cs\/kurzy-autoklastr-110\/\"]}]},{\"@type\":\"BreadcrumbList\",\"@id\":\"https:\/\/autoklastr.cz\/cs\/kurzy-autoklastr-110\/#breadcrumb\",\"itemListElement\":[{\"@type\":\"ListItem\",\"position\":1,\"name\":\"Dom\u016f\",\"item\":\"https:\/\/autoklastr.cz\/cs\/\"},{\"@type\":\"ListItem\",\"position\":2,\"name\":\"Kurzy Autoklastr 110\"}]},{\"@type\":\"WebSite\",\"@id\":\"https:\/\/autoklastr.cz\/cs\/#website\",\"url\":\"https:\/\/autoklastr.cz\/cs\/\",\"name\":\"Autoklastr\",\"description\":\"Spole\u010dn\u011b pro Automotive!\",\"potentialAction\":[{\"@type\":\"SearchAction\",\"target\":{\"@type\":\"EntryPoint\",\"urlTemplate\":\"https:\/\/autoklastr.cz\/cs\/?s={search_term_string}\"},\"query-input\":{\"@type\":\"PropertyValueSpecification\",\"valueRequired\":true,\"valueName\":\"search_term_string\"}}],\"inLanguage\":\"cs-CZ\"}]}<\/script>\n<!-- \/ Yoast SEO plugin. -->","yoast_head_json":{"title":"Kurzy Autoklastr 110 | Autoklastr","robots":{"index":"index","follow":"follow","max-snippet":"max-snippet:-1","max-image-preview":"max-image-preview:large","max-video-preview":"max-video-preview:-1"},"canonical":"https:\/\/autoklastr.cz\/cs\/kurzy-autoklastr-110\/","og_locale":"cs_CZ","og_type":"article","og_title":"[:cs]Kurzy Autoklastr 110[:] | Autoklastr","og_description":"Aktu\u00e1ln\u00ed nab\u00eddka v\u00a0 kurzech &#8222;Autoklastr 110&#8220; k datu 1.11.2021, pro v\u00edce informac\u00ed a ov\u011b\u0159en\u00ed aktu\u00e1ln\u00ed dostupnosti voln\u00fdch m\u00edst kontaktujte Lenku Ju\u0159\u00ed\u010dkovou l.jurickova@autoklastr.cz Kurzy jsou hrazeny z ve\u0159ejn\u00e9 podpory &#8222;de minimis&#8220; a jsou tedy pro \u010dleny Autoklastru v p\u0159\u00edpad\u011b vy\u0159\u00edzen\u00ed dotace bezplatn\u00e9. \u010d\u00edslo kurzu\/ oblast b\u011bh\/ zap. subjekt N\u00c1ZEV KURZU Po\u010det zam\u011bstnanc\u016f D\u00e9lka kurzu v hodin\u00e1ch [&hellip;]","og_url":"https:\/\/autoklastr.cz\/cs\/kurzy-autoklastr-110\/","og_site_name":"Autoklastr","article_modified_time":"2021-11-01T11:53:03+00:00","twitter_card":"summary_large_image","twitter_misc":{"Odhadovan\u00e1 doba \u010dten\u00ed":"3 minuty"},"schema":{"@context":"https:\/\/schema.org","@graph":[{"@type":"WebPage","@id":"https:\/\/autoklastr.cz\/cs\/kurzy-autoklastr-110\/","url":"https:\/\/autoklastr.cz\/cs\/kurzy-autoklastr-110\/","name":"Kurzy Autoklastr 110","isPartOf":{"@id":"https:\/\/autoklastr.cz\/cs\/#website"},"datePublished":"2021-09-22T08:28:20+00:00","dateModified":"2021-11-01T11:53:03+00:00","breadcrumb":{"@id":"https:\/\/autoklastr.cz\/cs\/kurzy-autoklastr-110\/#breadcrumb"},"inLanguage":"cs-CZ","potentialAction":[{"@type":"ReadAction","target":["https:\/\/autoklastr.cz\/cs\/kurzy-autoklastr-110\/"]}]},{"@type":"BreadcrumbList","@id":"https:\/\/autoklastr.cz\/cs\/kurzy-autoklastr-110\/#breadcrumb","itemListElement":[{"@type":"ListItem","position":1,"name":"Dom\u016f","item":"https:\/\/autoklastr.cz\/cs\/"},{"@type":"ListItem","position":2,"name":"Kurzy Autoklastr 110"}]},{"@type":"WebSite","@id":"https:\/\/autoklastr.cz\/cs\/#website","url":"https:\/\/autoklastr.cz\/cs\/","name":"Autoklastr","description":"Spole\u010dn\u011b pro Automotive!","potentialAction":[{"@type":"SearchAction","target":{"@type":"EntryPoint","urlTemplate":"https:\/\/autoklastr.cz\/cs\/?s={search_term_string}"},"query-input":{"@type":"PropertyValueSpecification","valueRequired":true,"valueName":"search_term_string"}}],"inLanguage":"cs-CZ"}]}},"_links":{"self":[{"href":"https:\/\/autoklastr.cz\/cs\/wp-json\/wp\/v2\/pages\/15776"}],"collection":[{"href":"https:\/\/autoklastr.cz\/cs\/wp-json\/wp\/v2\/pages"}],"about":[{"href":"https:\/\/autoklastr.cz\/cs\/wp-json\/wp\/v2\/types\/page"}],"author":[{"embeddable":true,"href":"https:\/\/autoklastr.cz\/cs\/wp-json\/wp\/v2\/users\/4"}],"replies":[{"embeddable":true,"href":"https:\/\/autoklastr.cz\/cs\/wp-json\/wp\/v2\/comments?post=15776"}],"version-history":[{"count":6,"href":"https:\/\/autoklastr.cz\/cs\/wp-json\/wp\/v2\/pages\/15776\/revisions"}],"predecessor-version":[{"id":18227,"href":"https:\/\/autoklastr.cz\/cs\/wp-json\/wp\/v2\/pages\/15776\/revisions\/18227"}],"wp:attachment":[{"href":"https:\/\/autoklastr.cz\/cs\/wp-json\/wp\/v2\/media?parent=15776"}],"curies":[{"name":"wp","href":"https:\/\/api.w.org\/{rel}","templated":true}]}}